{"id":3108,"date":"2024-12-17T16:59:35","date_gmt":"2024-12-17T16:59:35","guid":{"rendered":"https:\/\/kosecleaning.be\/?page_id=3108"},"modified":"2025-02-03T15:15:58","modified_gmt":"2025-02-03T14:15:58","slug":"references","status":"publish","type":"page","link":"https:\/\/kosecleaning.be\/en\/references\/","title":{"rendered":"References"},"content":{"rendered":"\t\t<div data-elementor-type=\"wp-page\" data-elementor-id=\"3108\" class=\"elementor elementor-3108\">\n\t\t\t\t<div class=\"elementor-element elementor-element-9ae7d23 e-flex e-con-boxed e-con e-parent\" data-id=\"9ae7d23\" data-element_type=\"container\" data-e-type=\"container\">\n\t\t\t\t\t<div class=\"e-con-inner\">\n\t\t<div class=\"elementor-element elementor-element-6d79953 e-con-full e-flex e-con e-child\" data-id=\"6d79953\" data-element_type=\"container\" data-e-type=\"container\">\n\t\t\t\t<div class=\"elementor-element elementor-element-70376d0 elementor-widget elementor-widget-spacer\" data-id=\"70376d0\" data-element_type=\"widget\" data-e-type=\"widget\" data-widget_type=\"spacer.default\">\n\t\t\t\t<div class=\"elementor-widget-container\">\n\t\t\t\t\t\t\t<div class=\"elementor-spacer\">\n\t\t\t<div class=\"elementor-spacer-inner\"><\/div>\n\t\t<\/div>\n\t\t\t\t\t\t<\/div>\n\t\t\t\t<\/div>\n\t\t\t\t<div class=\"elementor-element elementor-element-cb9417a elementor-widget elementor-widget-heading\" data-id=\"cb9417a\" data-element_type=\"widget\" data-e-type=\"widget\" data-widget_type=\"heading.default\">\n\t\t\t\t<div class=\"elementor-widget-container\">\n\t\t\t\t\t<h4 class=\"elementor-heading-title elementor-size-default\">Nos r\u00e9f\u00e9rences, gages de confiance<\/h4>\t\t\t\t<\/div>\n\t\t\t\t<\/div>\n\t\t\t\t<\/div>\n\t\t\t\t\t<\/div>\n\t\t\t\t<\/div>\n\t\t<div class=\"elementor-element elementor-element-c4343c5 e-flex e-con-boxed e-con e-parent\" data-id=\"c4343c5\" data-element_type=\"container\" data-e-type=\"container\">\n\t\t\t\t\t<div class=\"e-con-inner\">\n\t\t\t\t<div class=\"elementor-element elementor-element-42855b6 elementor-widget elementor-widget-text-editor\" data-id=\"42855b6\" data-element_type=\"widget\" data-e-type=\"widget\" data-widget_type=\"text-editor.default\">\n\t\t\t\t<div class=\"elementor-widget-container\">\n\t\t\t\t\t\t\t\t\t<p>Nous sommes fiers de collaborer avec des clients prestigieux et exigeants. D\u00e9couvrez quelques-unes de nos r\u00e9f\u00e9rences qui t\u00e9moignent de notre savoir-faire et de notre engagement envers l&rsquo;excellence. Avec K\u00d6SE Cleaning, vous \u00eates entre de bonnes mains !<\/p>\t\t\t\t\t\t\t\t<\/div>\n\t\t\t\t<\/div>\n\t\t<div class=\"elementor-element elementor-element-471ccc7 e-con-full e-flex e-con e-child\" data-id=\"471ccc7\" data-element_type=\"container\" data-e-type=\"container\">\n\t\t\t\t<div class=\"elementor-element elementor-element-6177d10 elementor-widget elementor-widget-spacer\" data-id=\"6177d10\" data-element_type=\"widget\" data-e-type=\"widget\" data-widget_type=\"spacer.default\">\n\t\t\t\t<div class=\"elementor-widget-container\">\n\t\t\t\t\t\t\t<div class=\"elementor-spacer\">\n\t\t\t<div class=\"elementor-spacer-inner\"><\/div>\n\t\t<\/div>\n\t\t\t\t\t\t<\/div>\n\t\t\t\t<\/div>\n\t\t\t\t<div class=\"elementor-element elementor-element-19a6d3f link_on-wrapper elementor-widget elementor-widget-wgl-clients\" data-id=\"19a6d3f\" data-element_type=\"widget\" data-e-type=\"widget\" data-widget_type=\"wgl-clients.default\">\n\t\t\t\t<div class=\"elementor-widget-container\">\n\t\t\t\t\t<div class=\"wgl-clients clearfix anim-grayscale items-5\" data-carousel=\"yes\"><div class=\"wgl-carousel_wrapper\"><div class=\"wgl-carousel swiper wgl-carousel_swiper swiper-container \" data-swiper='{\"speed\":\"\",\"mousewheel\":false,\"infinite\":true,\"variableWidth\":false,\"autoplay\":true,\"autoplaySpeed\":3000,\"autoplayPause\":true,\"autoplayReverse\":false,\"watchOverflow\":true,\"arrows\":false,\"dots\":false,\"adaptiveHeight\":false,\"direction\":\"horizontal\",\"responsive\":[{\"breakpoint\":1201,\"slidesToShow\":\"6\",\"slidesToScroll\":1},{\"breakpoint\":768,\"slidesToShow\":\"4\",\"slidesToScroll\":1},{\"breakpoint\":481,\"slidesToShow\":\"3\",\"slidesToScroll\":1},{\"breakpoint\":280,\"slidesToShow\":\"2\",\"slidesToScroll\":1}]}' data-item-carousel='wgl_carousel_69e6feaa80e2c'><div class=\"swiper-wrapper\"><div class=\"clients_item elementor-repeater-item-639a3df swiper-slide\"><div class=\"clients_image\"><div class=\"image_wrapper\"><img decoding=\"async\" class=\"main_image\" alt=\"zpz_5344_logo_fond_transparent\" src=\"https:\/\/kosecleaning.be\/wp-content\/uploads\/2024\/12\/zpz_5344_logo_fond_transparent.png\" \/><\/div><\/div><\/div><div class=\"clients_item elementor-repeater-item-5c5a4b7 swiper-slide\"><div class=\"clients_image\"><div class=\"image_wrapper\"><img decoding=\"async\" class=\"main_image\" alt=\"Logo_of_the_European_Commission_(fr).svg\" src=\"https:\/\/kosecleaning.be\/wp-content\/uploads\/2024\/12\/Logo_of_the_European_Commission_fr.svg.png\" \/><\/div><\/div><\/div><div class=\"clients_item elementor-repeater-item-59b3d73 swiper-slide\"><div class=\"clients_image\"><div class=\"image_wrapper\"><img decoding=\"async\" class=\"main_image\" alt=\"smals\" src=\"https:\/\/kosecleaning.be\/wp-content\/uploads\/2024\/12\/smals.png\" \/><\/div><\/div><\/div><div class=\"clients_item elementor-repeater-item-052780b swiper-slide\"><div class=\"clients_image\"><div class=\"image_wrapper\"><img decoding=\"async\" class=\"main_image\" alt=\"Spw\" src=\"https:\/\/kosecleaning.be\/wp-content\/uploads\/2024\/12\/Spw.png\" \/><\/div><\/div><\/div><div class=\"clients_item elementor-repeater-item-03c8a62 swiper-slide\"><div class=\"clients_image\"><div class=\"image_wrapper\"><img decoding=\"async\" class=\"main_image\" alt=\"logo_clients_rond\" src=\"https:\/\/kosecleaning.be\/wp-content\/uploads\/2024\/12\/logo_clients_rond.jpg\" \/><\/div><\/div><\/div><\/div><\/div><\/div><\/div>\t\t\t\t<\/div>\n\t\t\t\t<\/div>\n\t\t\t\t<div class=\"elementor-element elementor-element-58d8558 elementor-widget elementor-widget-spacer\" data-id=\"58d8558\" data-element_type=\"widget\" data-e-type=\"widget\" data-widget_type=\"spacer.default\">\n\t\t\t\t<div class=\"elementor-widget-container\">\n\t\t\t\t\t\t\t<div class=\"elementor-spacer\">\n\t\t\t<div class=\"elementor-spacer-inner\"><\/div>\n\t\t<\/div>\n\t\t\t\t\t\t<\/div>\n\t\t\t\t<\/div>\n\t\t\t\t<\/div>\n\t\t<div class=\"elementor-element elementor-element-c6b22d6 e-con-full e-flex e-con e-child\" data-id=\"c6b22d6\" data-element_type=\"container\" data-e-type=\"container\">\n\t\t\t\t<div class=\"elementor-element elementor-element-2d26972 link_on-wrapper elementor-widget elementor-widget-wgl-clients\" data-id=\"2d26972\" data-element_type=\"widget\" data-e-type=\"widget\" data-widget_type=\"wgl-clients.default\">\n\t\t\t\t<div class=\"elementor-widget-container\">\n\t\t\t\t\t<div class=\"wgl-clients clearfix anim-grayscale items-5\" data-carousel=\"yes\"><div class=\"wgl-carousel_wrapper\"><div class=\"wgl-carousel swiper wgl-carousel_swiper swiper-container \" data-swiper='{\"speed\":\"\",\"mousewheel\":false,\"infinite\":true,\"variableWidth\":false,\"autoplay\":true,\"autoplaySpeed\":3000,\"autoplayPause\":true,\"autoplayReverse\":false,\"watchOverflow\":true,\"arrows\":false,\"dots\":false,\"adaptiveHeight\":false,\"direction\":\"horizontal\",\"responsive\":[{\"breakpoint\":1201,\"slidesToShow\":\"6\",\"slidesToScroll\":1},{\"breakpoint\":768,\"slidesToShow\":\"4\",\"slidesToScroll\":1},{\"breakpoint\":481,\"slidesToShow\":\"3\",\"slidesToScroll\":1},{\"breakpoint\":280,\"slidesToShow\":\"2\",\"slidesToScroll\":1}]}' data-item-carousel='wgl_carousel_69e6feaa81fdd'><div class=\"swiper-wrapper\"><div class=\"clients_item elementor-repeater-item-639a3df swiper-slide\"><div class=\"clients_image\"><div class=\"image_wrapper\"><img decoding=\"async\" class=\"main_image\" alt=\"palais d&#039;egmont\" src=\"https:\/\/kosecleaning.be\/wp-content\/uploads\/2025\/01\/palais-degmont.jpg\" \/><\/div><\/div><\/div><div class=\"clients_item elementor-repeater-item-5c5a4b7 swiper-slide\"><div class=\"clients_image\"><div class=\"image_wrapper\"><img decoding=\"async\" class=\"main_image\" alt=\"Defense_Horizontal_RGB_Black_FR\" src=\"https:\/\/kosecleaning.be\/wp-content\/uploads\/2025\/01\/Defense_Horizontal_RGB_Black_FR.png\" \/><\/div><\/div><\/div><div class=\"clients_item elementor-repeater-item-59b3d73 swiper-slide\"><div class=\"clients_image\"><div class=\"image_wrapper\"><img decoding=\"async\" class=\"main_image\" alt=\"image_preview\" src=\"https:\/\/kosecleaning.be\/wp-content\/uploads\/2024\/12\/image_preview.webp\" \/><\/div><\/div><\/div><div class=\"clients_item elementor-repeater-item-052780b swiper-slide\"><div class=\"clients_image\"><div class=\"image_wrapper\"><img decoding=\"async\" class=\"main_image\" alt=\"bruxelles propret\u00e9\" src=\"https:\/\/kosecleaning.be\/wp-content\/uploads\/2025\/01\/bruxelles-proprete.png\" \/><\/div><\/div><\/div><div class=\"clients_item elementor-repeater-item-03c8a62 swiper-slide\"><div class=\"clients_image\"><div class=\"image_wrapper\"><img decoding=\"async\" class=\"main_image\" alt=\"woningent_logo\" src=\"https:\/\/kosecleaning.be\/wp-content\/uploads\/2025\/01\/woningent_logo.jpeg\" \/><\/div><\/div><\/div><\/div><\/div><\/div><\/div>\t\t\t\t<\/div>\n\t\t\t\t<\/div>\n\t\t\t\t<div class=\"elementor-element elementor-element-0a48b6b elementor-widget elementor-widget-spacer\" data-id=\"0a48b6b\" data-element_type=\"widget\" data-e-type=\"widget\" data-widget_type=\"spacer.default\">\n\t\t\t\t<div class=\"elementor-widget-container\">\n\t\t\t\t\t\t\t<div class=\"elementor-spacer\">\n\t\t\t<div class=\"elementor-spacer-inner\"><\/div>\n\t\t<\/div>\n\t\t\t\t\t\t<\/div>\n\t\t\t\t<\/div>\n\t\t\t\t<\/div>\n\t\t<div class=\"elementor-element elementor-element-12df26e e-con-full e-flex e-con e-child\" data-id=\"12df26e\" data-element_type=\"container\" data-e-type=\"container\">\n\t\t\t\t<div class=\"elementor-element elementor-element-12270a4 link_on-wrapper elementor-widget elementor-widget-wgl-clients\" data-id=\"12270a4\" data-element_type=\"widget\" data-e-type=\"widget\" data-widget_type=\"wgl-clients.default\">\n\t\t\t\t<div class=\"elementor-widget-container\">\n\t\t\t\t\t<div class=\"wgl-clients clearfix anim-grayscale items-4\" data-carousel=\"yes\"><div class=\"wgl-carousel_wrapper\"><div class=\"wgl-carousel swiper wgl-carousel_swiper swiper-container \" data-swiper='{\"speed\":\"\",\"mousewheel\":false,\"infinite\":true,\"variableWidth\":false,\"autoplay\":true,\"autoplaySpeed\":3000,\"autoplayPause\":true,\"autoplayReverse\":false,\"watchOverflow\":true,\"arrows\":false,\"dots\":false,\"adaptiveHeight\":false,\"direction\":\"horizontal\",\"responsive\":[{\"breakpoint\":1201,\"slidesToShow\":\"6\",\"slidesToScroll\":1},{\"breakpoint\":768,\"slidesToShow\":\"4\",\"slidesToScroll\":1},{\"breakpoint\":481,\"slidesToShow\":\"3\",\"slidesToScroll\":1},{\"breakpoint\":280,\"slidesToShow\":\"2\",\"slidesToScroll\":1}]}' data-item-carousel='wgl_carousel_69e6feaa82f62'><div class=\"swiper-wrapper\"><div class=\"clients_item elementor-repeater-item-59b3d73 swiper-slide\"><div class=\"clients_image\"><div class=\"image_wrapper\"><img decoding=\"async\" class=\"main_image\" alt=\"BrusselsAirport.svg\" src=\"https:\/\/kosecleaning.be\/wp-content\/uploads\/2025\/01\/BrusselsAirport.svg.png\" \/><\/div><\/div><\/div><div class=\"clients_item elementor-repeater-item-639a3df swiper-slide\"><div class=\"clients_image\"><div class=\"image_wrapper\"><img decoding=\"async\" class=\"main_image\" alt=\"sncb\" src=\"https:\/\/kosecleaning.be\/wp-content\/uploads\/2024\/12\/sncb.png\" \/><\/div><\/div><\/div><div class=\"clients_item elementor-repeater-item-052780b swiper-slide\"><div class=\"clients_image\"><div class=\"image_wrapper\"><img decoding=\"async\" class=\"main_image\" alt=\"logo-infrabel\" src=\"https:\/\/kosecleaning.be\/wp-content\/uploads\/2024\/12\/logo-infrabel.png\" \/><\/div><\/div><\/div><div class=\"clients_item elementor-repeater-item-5c5a4b7 swiper-slide\"><div class=\"clients_image\"><div class=\"image_wrapper\"><img decoding=\"async\" class=\"main_image\" alt=\"logo_stib-800x339\" src=\"https:\/\/kosecleaning.be\/wp-content\/uploads\/2024\/12\/logo_stib-800x339-1.webp\" \/><\/div><\/div><\/div><\/div><\/div><\/div><\/div>\t\t\t\t<\/div>\n\t\t\t\t<\/div>\n\t\t\t\t<\/div>\n\t\t\t\t<div class=\"elementor-element elementor-element-4b4cfc5 elementor-widget elementor-widget-spacer\" data-id=\"4b4cfc5\" data-element_type=\"widget\" data-e-type=\"widget\" data-widget_type=\"spacer.default\">\n\t\t\t\t<div class=\"elementor-widget-container\">\n\t\t\t\t\t\t\t<div class=\"elementor-spacer\">\n\t\t\t<div class=\"elementor-spacer-inner\"><\/div>\n\t\t<\/div>\n\t\t\t\t\t\t<\/div>\n\t\t\t\t<\/div>\n\t\t<div class=\"elementor-element elementor-element-b404f87 e-con-full e-flex e-con e-child\" data-id=\"b404f87\" data-element_type=\"container\" data-e-type=\"container\">\n\t\t\t\t<div class=\"elementor-element elementor-element-207447a elementor-widget elementor-widget-spacer\" data-id=\"207447a\" data-element_type=\"widget\" data-e-type=\"widget\" data-widget_type=\"spacer.default\">\n\t\t\t\t<div class=\"elementor-widget-container\">\n\t\t\t\t\t\t\t<div class=\"elementor-spacer\">\n\t\t\t<div class=\"elementor-spacer-inner\"><\/div>\n\t\t<\/div>\n\t\t\t\t\t\t<\/div>\n\t\t\t\t<\/div>\n\t\t\t\t<div class=\"elementor-element elementor-element-2fd4a19 link_on-wrapper elementor-widget elementor-widget-wgl-clients\" data-id=\"2fd4a19\" data-element_type=\"widget\" data-e-type=\"widget\" data-widget_type=\"wgl-clients.default\">\n\t\t\t\t<div class=\"elementor-widget-container\">\n\t\t\t\t\t<div class=\"wgl-clients clearfix anim-grayscale items-5\" data-carousel=\"yes\"><div class=\"wgl-carousel_wrapper\"><div class=\"wgl-carousel swiper wgl-carousel_swiper swiper-container \" data-swiper='{\"speed\":\"\",\"mousewheel\":false,\"infinite\":true,\"variableWidth\":false,\"autoplay\":true,\"autoplaySpeed\":3000,\"autoplayPause\":true,\"autoplayReverse\":false,\"watchOverflow\":true,\"arrows\":false,\"dots\":false,\"adaptiveHeight\":false,\"direction\":\"horizontal\",\"responsive\":[{\"breakpoint\":1201,\"slidesToShow\":\"6\",\"slidesToScroll\":1},{\"breakpoint\":768,\"slidesToShow\":\"4\",\"slidesToScroll\":1},{\"breakpoint\":481,\"slidesToShow\":\"3\",\"slidesToScroll\":1},{\"breakpoint\":280,\"slidesToShow\":\"2\",\"slidesToScroll\":1}]}' data-item-carousel='wgl_carousel_69e6feaa8424e'><div class=\"swiper-wrapper\"><div class=\"clients_item elementor-repeater-item-639a3df swiper-slide\"><div class=\"clients_image\"><div class=\"image_wrapper\"><img decoding=\"async\" class=\"main_image\" alt=\"1200px-KU_Leuven_logo.svg\" src=\"https:\/\/kosecleaning.be\/wp-content\/uploads\/2025\/01\/1200px-KU_Leuven_logo.svg.png\" \/><\/div><\/div><\/div><div class=\"clients_item elementor-repeater-item-59b3d73 swiper-slide\"><div class=\"clients_image\"><div class=\"image_wrapper\"><img decoding=\"async\" class=\"main_image\" alt=\"image-800-ec0b24b425196e0b4a7fe5f5ad468466\" src=\"https:\/\/kosecleaning.be\/wp-content\/uploads\/2025\/01\/image-800-ec0b24b425196e0b4a7fe5f5ad468466.png\" \/><\/div><\/div><\/div><div class=\"clients_item elementor-repeater-item-052780b swiper-slide\"><div class=\"clients_image\"><div class=\"image_wrapper\"><img decoding=\"async\" class=\"main_image\" alt=\"European_School_logo\" src=\"https:\/\/kosecleaning.be\/wp-content\/uploads\/2025\/01\/European_School_logo.png\" \/><\/div><\/div><\/div><div class=\"clients_item elementor-repeater-item-5c5a4b7 swiper-slide\"><div class=\"clients_image\"><div class=\"image_wrapper\"><img decoding=\"async\" class=\"main_image\" alt=\"pxl-2\" src=\"https:\/\/kosecleaning.be\/wp-content\/uploads\/2024\/12\/pxl-2.png\" \/><\/div><\/div><\/div><div class=\"clients_item elementor-repeater-item-e1531ea swiper-slide\"><div class=\"clients_image\"><div class=\"image_wrapper\"><img decoding=\"async\" class=\"main_image\" alt=\"1200px-UCLouvain_logo.svg\" src=\"https:\/\/kosecleaning.be\/wp-content\/uploads\/2024\/12\/1200px-UCLouvain_logo.svg.png\" \/><\/div><\/div><\/div><div class=\"clients_item elementor-repeater-item-f091e3f swiper-slide\"><div class=\"clients_image\"><div class=\"image_wrapper\"><img decoding=\"async\" class=\"main_image\" alt=\"KSOM-logo\" src=\"https:\/\/kosecleaning.be\/wp-content\/uploads\/2025\/01\/KSOM-logo.png\" \/><\/div><\/div><\/div><\/div><\/div><\/div><\/div>\t\t\t\t<\/div>\n\t\t\t\t<\/div>\n\t\t\t\t<div class=\"elementor-element elementor-element-345b169 elementor-widget elementor-widget-spacer\" data-id=\"345b169\" data-element_type=\"widget\" data-e-type=\"widget\" data-widget_type=\"spacer.default\">\n\t\t\t\t<div class=\"elementor-widget-container\">\n\t\t\t\t\t\t\t<div class=\"elementor-spacer\">\n\t\t\t<div class=\"elementor-spacer-inner\"><\/div>\n\t\t<\/div>\n\t\t\t\t\t\t<\/div>\n\t\t\t\t<\/div>\n\t\t\t\t<\/div>\n\t\t<div class=\"elementor-element elementor-element-9a23f0e e-con-full e-flex e-con e-child\" data-id=\"9a23f0e\" data-element_type=\"container\" data-e-type=\"container\">\n\t\t\t\t<div class=\"elementor-element elementor-element-faa25b6 link_on-wrapper elementor-widget elementor-widget-wgl-clients\" data-id=\"faa25b6\" data-element_type=\"widget\" data-e-type=\"widget\" data-widget_type=\"wgl-clients.default\">\n\t\t\t\t<div class=\"elementor-widget-container\">\n\t\t\t\t\t<div class=\"wgl-clients clearfix anim-grayscale items-5\" data-carousel=\"yes\"><div class=\"wgl-carousel_wrapper\"><div class=\"wgl-carousel swiper wgl-carousel_swiper swiper-container \" data-swiper='{\"speed\":\"\",\"mousewheel\":false,\"infinite\":true,\"variableWidth\":false,\"autoplay\":true,\"autoplaySpeed\":3000,\"autoplayPause\":true,\"autoplayReverse\":false,\"watchOverflow\":true,\"arrows\":false,\"dots\":false,\"adaptiveHeight\":false,\"direction\":\"horizontal\",\"responsive\":[{\"breakpoint\":1201,\"slidesToShow\":\"6\",\"slidesToScroll\":1},{\"breakpoint\":768,\"slidesToShow\":\"4\",\"slidesToScroll\":1},{\"breakpoint\":481,\"slidesToShow\":\"3\",\"slidesToScroll\":1},{\"breakpoint\":280,\"slidesToShow\":\"2\",\"slidesToScroll\":1}]}' data-item-carousel='wgl_carousel_69e6feaa854e4'><div class=\"swiper-wrapper\"><div class=\"clients_item elementor-repeater-item-639a3df swiper-slide\"><div class=\"clients_image\"><div class=\"image_wrapper\"><img decoding=\"async\" class=\"main_image\" alt=\"UZ-Brussel-logo\" src=\"https:\/\/kosecleaning.be\/wp-content\/uploads\/2024\/12\/UZ-Brussel-logo.png\" \/><\/div><\/div><\/div><div class=\"clients_item elementor-repeater-item-59b3d73 swiper-slide\"><div class=\"clients_image\"><div class=\"image_wrapper\"><img decoding=\"async\" class=\"main_image\" alt=\"zone de secours vesdre\" src=\"https:\/\/kosecleaning.be\/wp-content\/uploads\/2025\/02\/zone-de-secours-vesdre.png\" \/><\/div><\/div><\/div><div class=\"clients_item elementor-repeater-item-052780b swiper-slide\"><div class=\"clients_image\"><div class=\"image_wrapper\"><img decoding=\"async\" class=\"main_image\" alt=\"zone de secours wallonie picarde\" src=\"https:\/\/kosecleaning.be\/wp-content\/uploads\/2025\/02\/zone-de-secours-wallonie-picarde.png\" \/><\/div><\/div><\/div><div class=\"clients_item elementor-repeater-item-c4059a4 swiper-slide\"><div class=\"clients_image\"><div class=\"image_wrapper\"><img decoding=\"async\" class=\"main_image\" alt=\"intercommunale gabrielle\" src=\"http:\/\/kosecleaning.be\/wp-content\/uploads\/2025\/02\/intercommunale-gabrielle.png\" \/><\/div><\/div><\/div><div class=\"clients_item elementor-repeater-item-8110aac swiper-slide\"><div class=\"clients_image\"><div class=\"image_wrapper\"><img decoding=\"async\" class=\"main_image\" alt=\"fps-health-logo-front-fr\" src=\"http:\/\/kosecleaning.be\/wp-content\/uploads\/2025\/02\/fps-health-logo-front-fr.png\" \/><\/div><\/div><\/div><\/div><\/div><\/div><\/div>\t\t\t\t<\/div>\n\t\t\t\t<\/div>\n\t\t\t\t<div class=\"elementor-element elementor-element-5576d66 elementor-widget elementor-widget-spacer\" data-id=\"5576d66\" data-element_type=\"widget\" data-e-type=\"widget\" data-widget_type=\"spacer.default\">\n\t\t\t\t<div class=\"elementor-widget-container\">\n\t\t\t\t\t\t\t<div class=\"elementor-spacer\">\n\t\t\t<div class=\"elementor-spacer-inner\"><\/div>\n\t\t<\/div>\n\t\t\t\t\t\t<\/div>\n\t\t\t\t<\/div>\n\t\t\t\t<\/div>\n\t\t\t\t\t<\/div>\n\t\t\t\t<\/div>\n\t\t<div class=\"elementor-element elementor-element-a36c700 e-flex e-con-boxed e-con e-parent\" data-id=\"a36c700\" data-element_type=\"container\" data-e-type=\"container\">\n\t\t\t\t\t<div class=\"e-con-inner\">\n\t\t\t\t<div class=\"elementor-element elementor-element-ebf666a elementor-widget elementor-widget-spacer\" data-id=\"ebf666a\" data-element_type=\"widget\" data-e-type=\"widget\" data-widget_type=\"spacer.default\">\n\t\t\t\t<div class=\"elementor-widget-container\">\n\t\t\t\t\t\t\t<div class=\"elementor-spacer\">\n\t\t\t<div class=\"elementor-spacer-inner\"><\/div>\n\t\t<\/div>\n\t\t\t\t\t\t<\/div>\n\t\t\t\t<\/div>\n\t\t\t\t\t<\/div>\n\t\t\t\t<\/div>\n\t\t\t\t<\/div>\n\t\t","protected":false},"excerpt":{"rendered":"<p>Nos r\u00e9f\u00e9rences, gages de confiance Nous sommes fiers de collaborer avec des clients prestigieux et exigeants. D\u00e9couvrez quelques-unes de nos r\u00e9f\u00e9rences qui t\u00e9moignent de notre savoir-faire et de notre engagement envers l&rsquo;excellence. Avec K\u00d6SE Cleaning, vous \u00eates entre de bonnes mains !<\/p>","protected":false},"author":1,"featured_media":0,"parent":0,"menu_order":0,"comment_status":"closed","ping_status":"closed","template":"","meta":{"footnotes":""},"class_list":["post-3108","page","type-page","status-publish","hentry"],"_links":{"self":[{"href":"https:\/\/kosecleaning.be\/en\/wp-json\/wp\/v2\/pages\/3108","targetHints":{"allow":["GET"]}}],"collection":[{"href":"https:\/\/kosecleaning.be\/en\/wp-json\/wp\/v2\/pages"}],"about":[{"href":"https:\/\/kosecleaning.be\/en\/wp-json\/wp\/v2\/types\/page"}],"author":[{"embeddable":true,"href":"https:\/\/kosecleaning.be\/en\/wp-json\/wp\/v2\/users\/1"}],"replies":[{"embeddable":true,"href":"https:\/\/kosecleaning.be\/en\/wp-json\/wp\/v2\/comments?post=3108"}],"version-history":[{"count":40,"href":"https:\/\/kosecleaning.be\/en\/wp-json\/wp\/v2\/pages\/3108\/revisions"}],"predecessor-version":[{"id":5118,"href":"https:\/\/kosecleaning.be\/en\/wp-json\/wp\/v2\/pages\/3108\/revisions\/5118"}],"wp:attachment":[{"href":"https:\/\/kosecleaning.be\/en\/wp-json\/wp\/v2\/media?parent=3108"}],"curies":[{"name":"wp","href":"https:\/\/api.w.org\/{rel}","templated":true}]}}