{"id":3203,"date":"2024-12-18T17:39:46","date_gmt":"2024-12-18T17:39:46","guid":{"rendered":"https:\/\/kosecleaning.be\/?page_id=3203"},"modified":"2025-02-26T21:54:34","modified_gmt":"2025-02-26T20:54:34","slug":"engagements-environnementaux","status":"publish","type":"page","link":"https:\/\/kosecleaning.be\/en\/engagements-environnementaux\/","title":{"rendered":"Environmental commitments"},"content":{"rendered":"<div data-elementor-type=\"wp-page\" data-elementor-id=\"3203\" class=\"elementor elementor-3203\">\n\t\t\t\t<div class=\"elementor-element elementor-element-cb10138 e-flex e-con-boxed e-con e-parent\" data-id=\"cb10138\" data-element_type=\"container\" data-e-type=\"container\">\n\t\t\t\t\t<div class=\"e-con-inner\">\n\t\t<div class=\"elementor-element elementor-element-747b64d e-flex e-con-boxed e-con e-child\" data-id=\"747b64d\" data-element_type=\"container\" data-e-type=\"container\">\n\t\t\t\t\t<div class=\"e-con-inner\">\n\t\t\t\t<div class=\"elementor-element elementor-element-cd785c3 elementor-widget__width-initial aleft elementor-widget elementor-widget-wgl-double-heading\" data-id=\"cd785c3\" data-element_type=\"widget\" data-e-type=\"widget\" data-widget_type=\"wgl-double-heading.default\">\n\t\t\t\t<div class=\"elementor-widget-container\">\n\t\t\t\t\t<div class=\"wgl-double-heading\"><h5 class=\"dblh__subtitle\">at k\u00f6se cleaning<\/h5><h3 class=\"dblh__title-wrapper\"><span class=\"dblh__title dblh__title-1\">We place respect for the environment at the heart of our activities<\/span><\/h3><\/div>\t\t\t\t<\/div>\n\t\t\t\t<\/div>\n\t\t\t\t<div class=\"elementor-element elementor-element-9adfff7 elementor-widget elementor-widget-spacer\" data-id=\"9adfff7\" data-element_type=\"widget\" data-e-type=\"widget\" data-widget_type=\"spacer.default\">\n\t\t\t\t<div class=\"elementor-widget-container\">\n\t\t\t\t\t\t\t<div class=\"elementor-spacer\">\n\t\t\t<div class=\"elementor-spacer-inner\"><\/div>\n\t\t<\/div>\n\t\t\t\t\t\t<\/div>\n\t\t\t\t<\/div>\n\t\t\t\t\t<\/div>\n\t\t\t\t<\/div>\n\t\t\t\t\t<\/div>\n\t\t\t\t<\/div>\n\t\t<div class=\"elementor-element elementor-element-cbe54f8 e-con-full e-flex e-con e-parent\" data-id=\"cbe54f8\" data-element_type=\"container\" data-e-type=\"container\">\n\t\t\t\t<div class=\"elementor-element elementor-element-ff9f35c elementor-widget elementor-widget-wgl-text-path\" data-id=\"ff9f35c\" data-element_type=\"widget\" data-e-type=\"widget\" data-settings=\"{&quot;text&quot;:&quot;\\u00c9cologie - Cradle to Cradle - Durabilit\\u00e9 - Recyclage - \\u00c9nergie verte&quot;,&quot;divider_custom&quot;:&quot;\\u2013&quot;,&quot;start_point&quot;:{&quot;unit&quot;:&quot;%&quot;,&quot;size&quot;:0,&quot;sizes&quot;:[]},&quot;start_point_tablet&quot;:{&quot;unit&quot;:&quot;custom&quot;,&quot;size&quot;:&quot;&quot;,&quot;sizes&quot;:[]},&quot;start_point_mobile&quot;:{&quot;unit&quot;:&quot;custom&quot;,&quot;size&quot;:&quot;&quot;,&quot;sizes&quot;:[]},&quot;end_point&quot;:{&quot;unit&quot;:&quot;%&quot;,&quot;size&quot;:-500,&quot;sizes&quot;:[]},&quot;link&quot;:{&quot;url&quot;:&quot;&quot;,&quot;is_external&quot;:&quot;&quot;,&quot;nofollow&quot;:&quot;&quot;,&quot;custom_attributes&quot;:&quot;&quot;},&quot;end_point_tablet&quot;:{&quot;unit&quot;:&quot;px&quot;,&quot;size&quot;:&quot;&quot;,&quot;sizes&quot;:[]},&quot;end_point_mobile&quot;:{&quot;unit&quot;:&quot;px&quot;,&quot;size&quot;:&quot;&quot;,&quot;sizes&quot;:[]}}\" data-widget_type=\"wgl-text-path.default\">\n\t\t\t\t<div class=\"elementor-widget-container\">\n\t\t\t\t\t\t\t<div class=\"wgl-text-path scroll_animation  clone_text add_divider\" data-backspace-count=\"\" data-d-type=\"custom\" data-d-custom=\"\u2013\" data-type-svg=\"wgl_line_simple\" data-text=\"\u00c9cologie - Cradle to Cradle - Durabilit\u00e9 - Recyclage - \u00c9nergie verte\">\r\n\t\t\t<div class=\"simple_line\"><\/div>\t\t\t\t\t<\/div>\r\n\t\t\t\t\t\t<\/div>\n\t\t\t\t<\/div>\n\t\t\t\t<div class=\"elementor-element elementor-element-19e65e6 elementor-widget elementor-widget-wgl-text-path\" data-id=\"19e65e6\" data-element_type=\"widget\" data-e-type=\"widget\" data-settings=\"{&quot;text&quot;:&quot;Produits \\u00e9cologiques - R\\u00e9duction des d\\u00e9chets - Bilan carbone&quot;,&quot;divider_custom&quot;:&quot;\\u2013&quot;,&quot;start_point&quot;:{&quot;unit&quot;:&quot;%&quot;,&quot;size&quot;:-500,&quot;sizes&quot;:[]},&quot;end_point&quot;:{&quot;unit&quot;:&quot;%&quot;,&quot;size&quot;:100,&quot;sizes&quot;:[]},&quot;link&quot;:{&quot;url&quot;:&quot;&quot;,&quot;is_external&quot;:&quot;&quot;,&quot;nofollow&quot;:&quot;&quot;,&quot;custom_attributes&quot;:&quot;&quot;},&quot;start_point_tablet&quot;:{&quot;unit&quot;:&quot;px&quot;,&quot;size&quot;:&quot;&quot;,&quot;sizes&quot;:[]},&quot;start_point_mobile&quot;:{&quot;unit&quot;:&quot;px&quot;,&quot;size&quot;:&quot;&quot;,&quot;sizes&quot;:[]},&quot;end_point_tablet&quot;:{&quot;unit&quot;:&quot;px&quot;,&quot;size&quot;:&quot;&quot;,&quot;sizes&quot;:[]},&quot;end_point_mobile&quot;:{&quot;unit&quot;:&quot;px&quot;,&quot;size&quot;:&quot;&quot;,&quot;sizes&quot;:[]}}\" data-widget_type=\"wgl-text-path.default\">\n\t\t\t\t<div class=\"elementor-widget-container\">\n\t\t\t\t\t\t\t<div class=\"wgl-text-path scroll_animation  clone_text add_divider\" data-backspace-count=\"\" data-d-type=\"custom\" data-d-custom=\"\u2013\" data-type-svg=\"wgl_line_simple\" data-text=\"Produits \u00e9cologiques - R\u00e9duction des d\u00e9chets - Bilan carbone\">\r\n\t\t\t<div class=\"simple_line\"><\/div>\t\t\t\t\t<\/div>\r\n\t\t\t\t\t\t<\/div>\n\t\t\t\t<\/div>\n\t\t\t\t<div class=\"elementor-element elementor-element-107c1ae elementor-widget elementor-widget-spacer\" data-id=\"107c1ae\" data-element_type=\"widget\" data-e-type=\"widget\" data-widget_type=\"spacer.default\">\n\t\t\t\t<div class=\"elementor-widget-container\">\n\t\t\t\t\t\t\t<div class=\"elementor-spacer\">\n\t\t\t<div class=\"elementor-spacer-inner\"><\/div>\n\t\t<\/div>\n\t\t\t\t\t\t<\/div>\n\t\t\t\t<\/div>\n\t\t\t\t<\/div>\n\t\t<div class=\"elementor-element elementor-element-f3ddfb2 e-flex e-con-boxed e-con e-parent\" data-id=\"f3ddfb2\" data-element_type=\"container\" data-e-type=\"container\">\n\t\t\t\t\t<div class=\"e-con-inner\">\n\t\t\t\t<div class=\"elementor-element elementor-element-8ad088f breakpoint_on-mobile elementor-widget elementor-widget-wgl-showcase\" data-id=\"8ad088f\" data-element_type=\"widget\" data-e-type=\"widget\" data-widget_type=\"wgl-showcase.default\">\n\t\t\t\t<div class=\"elementor-widget-container\">\n\t\t\t\t\t<div class=\"wgl-showcase interactive-showcase\"><div class=\"showcase__item\"><h3 class=\"showcase__title\"><span class=\"showcase__subtitle\">01<\/span><span class=\"title\">Use of environmentally-friendly products<\/span><\/h3><div class=\"showcase__content\"><p>We prefer eco-labelled cleaning products, free from harmful substances, to protect both the environment and the health of our employees and customers.<\/p><\/div><div class=\"showcase__image interactive\" style=\"background-image:url(https:\/\/kosecleaning.be\/wp-content\/uploads\/2025\/02\/probio-1600x1200.jpg)\"><img decoding=\"async\" class=\"image\" src=\"https:\/\/kosecleaning.be\/wp-content\/uploads\/2025\/02\/probio-1600x1200.jpg\" alt=\"\"><\/div><\/div><div class=\"showcase__item active\"><h3 class=\"showcase__title\"><span class=\"showcase__subtitle\">02<\/span><span class=\"title\">Reduced water and energy consumption<\/span><\/h3><div class=\"showcase__content\"><p>Thanks to innovative technologies, we optimize our processes to reduce our consumption of natural resources, thus helping to preserve the environment.<\/p><\/div><div class=\"showcase__image interactive\" style=\"background-image:url(https:\/\/kosecleaning.be\/wp-content\/uploads\/2025\/01\/KoseCleaning-0321-2471x1977.webp)\"><img decoding=\"async\" class=\"image\" src=\"https:\/\/kosecleaning.be\/wp-content\/uploads\/2025\/01\/KoseCleaning-0321-2471x1977.webp\" alt=\"\"><\/div><\/div><div class=\"showcase__item\"><h3 class=\"showcase__title\"><span class=\"showcase__subtitle\">03<\/span><span class=\"title\">Responsible waste management<\/span><\/h3><div class=\"showcase__content\"><p>We implement rigorous sorting and recycling practices, thereby reducing the ecological footprint of our activities.<\/p><\/div><div class=\"showcase__image interactive\" style=\"background-image:url(https:\/\/kosecleaning.be\/wp-content\/uploads\/2025\/02\/gestion-de-dechets-1024x1024.webp)\"><img decoding=\"async\" class=\"image\" src=\"https:\/\/kosecleaning.be\/wp-content\/uploads\/2025\/02\/gestion-de-dechets-1024x1024.webp\" alt=\"\"><\/div><\/div><div class=\"showcase__item\"><h3 class=\"showcase__title\"><span class=\"showcase__subtitle\">04<\/span><span class=\"title\">Zero plastic<\/span><\/h3><div class=\"showcase__content\"><p><span>For a healthier planet, our aim is to keep plastic waste to a minimum by using cleaning products made from recycled or recyclable plastic.<\/span><\/p><p><span>We have a very strict policy on the packaging of cleaning products and materials.<\/span><\/p><\/div><div class=\"showcase__image interactive\" style=\"background-image:url(https:\/\/kosecleaning.be\/wp-content\/uploads\/2025\/01\/zero-plastique-1773x1182.jpg)\"><img decoding=\"async\" class=\"image\" src=\"https:\/\/kosecleaning.be\/wp-content\/uploads\/2025\/01\/zero-plastique-1773x1182.jpg\" alt=\"\"><\/div><\/div><div class=\"showcase__item\"><h3 class=\"showcase__title\"><span class=\"showcase__subtitle\">05<\/span><span class=\"title\">Ongoing training for our staff<\/span><\/h3><div class=\"showcase__content\"><p>Our teams are regularly trained in sustainable cleaning techniques and eco-gestures, guaranteeing environmentally-friendly operations.<\/p><\/div><div class=\"showcase__image interactive\" style=\"background-image:url(https:\/\/kosecleaning.be\/wp-content\/uploads\/2025\/01\/KoseCleaning-0145-1-1423x1138.webp)\"><img decoding=\"async\" class=\"image\" src=\"https:\/\/kosecleaning.be\/wp-content\/uploads\/2025\/01\/KoseCleaning-0145-1-1423x1138.webp\" alt=\"\"><\/div><\/div><div class=\"showcase__item\"><h3 class=\"showcase__title\"><span class=\"showcase__subtitle\">06<\/span><span class=\"title\">Optimizing travel<\/span><\/h3><div class=\"showcase__content\"><p>We plan our operations in such a way as to reduce journeys and encourage the use of low-emission vehicles, thus limiting our carbon footprint.<\/p><\/div><div class=\"showcase__image interactive\" style=\"background-image:url(https:\/\/kosecleaning.be\/wp-content\/uploads\/2025\/01\/KoseCleaning-0189-1-1763x1175.webp)\"><img decoding=\"async\" class=\"image\" src=\"https:\/\/kosecleaning.be\/wp-content\/uploads\/2025\/01\/KoseCleaning-0189-1-1763x1175.webp\" alt=\"\"><\/div><\/div><div class=\"showcase__item\"><a class=\"showcase__link\" href=\"https:\/\/kosecleaning.be\/en\/certifications\/\"><\/a><h3 class=\"showcase__title\"><span class=\"showcase__subtitle\">07<\/span><span class=\"title\">Certifications and labels<\/span><\/h3><div class=\"showcase__content\"><p>We are committed to complying with current environmental standards and aim to obtain recognized certifications, testifying to our commitment to sustainable development.<\/p><\/div><div class=\"showcase__image interactive\" style=\"background-image:url(https:\/\/kosecleaning.be\/wp-content\/uploads\/2025\/02\/certifications-630x263.png)\"><img decoding=\"async\" class=\"image\" src=\"https:\/\/kosecleaning.be\/wp-content\/uploads\/2025\/02\/certifications-630x263.png\" alt=\"\"><\/div><\/div><div class=\"showcase__item\"><h3 class=\"showcase__title\"><span class=\"showcase__subtitle\">08<\/span><span class=\"title\">Internal audits <\/span><\/h3><div class=\"showcase__content\"><p><span data-contrast=\"none\" xml:lang=\"FR-FR\" lang=\"FR-FR\" class=\"TextRun SCXW267676360 BCX8\"><span class=\"NormalTextRun SCXW267676360 BCX8\">All of the following points are closely monitored and evaluated by our team every year\u00a0<\/span><\/span><span data-olk-copy-source=\"MessageBody\">Quality &amp; Environment Manager<\/span><\/p><\/div><div class=\"showcase__image interactive\" style=\"background-image:url(https:\/\/kosecleaning.be\/wp-content\/uploads\/2025\/01\/KoseCleaning-0168-1800x1200.webp)\"><img decoding=\"async\" class=\"image\" src=\"https:\/\/kosecleaning.be\/wp-content\/uploads\/2025\/01\/KoseCleaning-0168-1800x1200.webp\" alt=\"\"><\/div><\/div><\/div>\t\t\t\t<\/div>\n\t\t\t\t<\/div>\n\t\t\t\t<div class=\"elementor-element elementor-element-66218d6 elementor-widget elementor-widget-spacer\" data-id=\"66218d6\" data-element_type=\"widget\" data-e-type=\"widget\" data-widget_type=\"spacer.default\">\n\t\t\t\t<div class=\"elementor-widget-container\">\n\t\t\t\t\t\t\t<div class=\"elementor-spacer\">\n\t\t\t<div class=\"elementor-spacer-inner\"><\/div>\n\t\t<\/div>\n\t\t\t\t\t\t<\/div>\n\t\t\t\t<\/div>\n\t\t\t\t\t<\/div>\n\t\t\t\t<\/div>\n\t\t\t\t<\/div>","protected":false},"excerpt":{"rendered":"<p>chez k\u00f6se cleaning Nous pla\u00e7ons le respect de l&rsquo;environnement au c\u0153ur de nos activit\u00e9s 01Utilisation de produits \u00e9cologiques Nous privil\u00e9gions des produits de nettoyage \u00e9colabellis\u00e9s, exempts de substances nocives, afin de prot\u00e9ger \u00e0 la fois l&rsquo;environnement et la sant\u00e9 de nos collaborateurs et clients. 02R\u00e9duction de la consommation d&#039;eau et d&#039;\u00e9nergie Gr\u00e2ce \u00e0 des technologies [&hellip;]<\/p>\n","protected":false},"author":1,"featured_media":0,"parent":0,"menu_order":0,"comment_status":"closed","ping_status":"closed","template":"","meta":{"footnotes":""},"class_list":["post-3203","page","type-page","status-publish","hentry"],"_links":{"self":[{"href":"https:\/\/kosecleaning.be\/en\/wp-json\/wp\/v2\/pages\/3203","targetHints":{"allow":["GET"]}}],"collection":[{"href":"https:\/\/kosecleaning.be\/en\/wp-json\/wp\/v2\/pages"}],"about":[{"href":"https:\/\/kosecleaning.be\/en\/wp-json\/wp\/v2\/types\/page"}],"author":[{"embeddable":true,"href":"https:\/\/kosecleaning.be\/en\/wp-json\/wp\/v2\/users\/1"}],"replies":[{"embeddable":true,"href":"https:\/\/kosecleaning.be\/en\/wp-json\/wp\/v2\/comments?post=3203"}],"version-history":[{"count":46,"href":"https:\/\/kosecleaning.be\/en\/wp-json\/wp\/v2\/pages\/3203\/revisions"}],"predecessor-version":[{"id":5332,"href":"https:\/\/kosecleaning.be\/en\/wp-json\/wp\/v2\/pages\/3203\/revisions\/5332"}],"wp:attachment":[{"href":"https:\/\/kosecleaning.be\/en\/wp-json\/wp\/v2\/media?parent=3203"}],"curies":[{"name":"wp","href":"https:\/\/api.w.org\/{rel}","templated":true}]}}