{"id":3592,"date":"2025-01-11T17:25:25","date_gmt":"2025-01-11T16:25:25","guid":{"rendered":"https:\/\/kosecleaning.be\/?page_id=3592"},"modified":"2025-02-26T21:44:22","modified_gmt":"2025-02-26T20:44:22","slug":"services","status":"publish","type":"page","link":"https:\/\/kosecleaning.be\/en\/services\/","title":{"rendered":"Services"},"content":{"rendered":"<div data-elementor-type=\"wp-page\" data-elementor-id=\"3592\" class=\"elementor elementor-3592\">\n\t\t\t\t<div class=\"elementor-element elementor-element-df84c10 e-flex e-con-boxed e-con e-parent\" data-id=\"df84c10\" data-element_type=\"container\" data-e-type=\"container\">\n\t\t\t\t\t<div class=\"e-con-inner\">\n\t\t\t\t<div class=\"elementor-element elementor-element-48a8f39 acenter elementor-widget elementor-widget-wgl-double-heading\" data-id=\"48a8f39\" data-element_type=\"widget\" data-e-type=\"widget\" data-widget_type=\"wgl-double-heading.default\">\n\t\t\t\t<div class=\"elementor-widget-container\">\n\t\t\t\t\t<div class=\"wgl-double-heading\"><h3 class=\"dblh__title-wrapper\"><span class=\"dblh__title dblh__title-2\">Discover all our services<\/span><\/h3><\/div>\t\t\t\t<\/div>\n\t\t\t\t<\/div>\n\t\t\t\t<div class=\"elementor-element elementor-element-aeb09e3 elementor-widget elementor-widget-spacer\" data-id=\"aeb09e3\" data-element_type=\"widget\" data-e-type=\"widget\" data-widget_type=\"spacer.default\">\n\t\t\t\t<div class=\"elementor-widget-container\">\n\t\t\t\t\t\t\t<div class=\"elementor-spacer\">\n\t\t\t<div class=\"elementor-spacer-inner\"><\/div>\n\t\t<\/div>\n\t\t\t\t\t\t<\/div>\n\t\t\t\t<\/div>\n\t\t\t\t\t<\/div>\n\t\t\t\t<\/div>\n\t\t<div class=\"elementor-element elementor-element-1c46164 e-con-full e-flex e-con e-parent\" data-id=\"1c46164\" data-element_type=\"container\" data-e-type=\"container\">\n\t\t\t\t<div class=\"elementor-element elementor-element-7442118 button_justify elementor-widget elementor-widget-wgl-cases\" data-id=\"7442118\" data-element_type=\"widget\" data-e-type=\"widget\" data-widget_type=\"wgl-cases.default\">\n\t\t\t\t<div class=\"elementor-widget-container\">\n\t\t\t\t\t<div class=\"wgl-cases\" data-carousel=\"\"><div class=\"case_items elementor-repeater-item-9312f17\"><div class=\"case_items__inner_wrapper\"><a class=\"wgl-cases__link\" href=\"https:\/\/kosecleaning.be\/en\/nettoyage-bureaux\/\"><\/a><div class=\"image_wrapper\"><div class=\"media-wrapper img-wrapper\"><figure class=\"wgl-image-box_img\"><span ><img decoding=\"async\" src=\"https:\/\/kosecleaning.be\/wp-content\/uploads\/2025\/01\/KoseCleaning-0291.webp\" title=\"K\u00f6seCleaning - 0291\" alt=\"Ko\u0308seCleaning - 0291\" loading=\"lazy\" \/><\/span><\/figure><\/div><div class=\"media-wrapper icon-wrapper\"><div class=\"wgl-icon\"><span class=\"wgl-text_over_image\">Discover<\/span><\/div><\/div><\/div><div class=\"case_button__wrapper\"><div  class=\"wgl-cases__button wgl-button\"><i class=\"flaticon flaticon-down-arrow read-more-icon\"><\/i><span>Offices<\/span><\/div><\/div><\/div><\/div><div class=\"case_items elementor-repeater-item-5c9dc47\"><div class=\"case_items__inner_wrapper\"><a class=\"wgl-cases__link\" href=\"https:\/\/kosecleaning.be\/en\/nettoyage-transport-en-commun\/\"><\/a><div class=\"image_wrapper\"><div class=\"media-wrapper img-wrapper\"><figure class=\"wgl-image-box_img\"><span ><img decoding=\"async\" src=\"https:\/\/kosecleaning.be\/wp-content\/uploads\/2025\/01\/KoseCleaning-0265-1.webp\" title=\"K\u00f6seCleaning - 0265\" alt=\"Ko\u0308seCleaning - 0265\" loading=\"lazy\" \/><\/span><\/figure><\/div><div class=\"media-wrapper icon-wrapper\"><div class=\"wgl-icon\"><span class=\"wgl-text_over_image\">Discover<\/span><\/div><\/div><\/div><div class=\"case_button__wrapper\"><div  class=\"wgl-cases__button wgl-button\"><i class=\"flaticon flaticon-down-arrow read-more-icon\"><\/i><span>Transport<\/span><\/div><\/div><\/div><\/div><div class=\"case_items elementor-repeater-item-ea1e5e4\"><div class=\"case_items__inner_wrapper\"><a class=\"wgl-cases__link\" href=\"https:\/\/kosecleaning.be\/en\/nettoyage-etablissements-scolaires\/\"><\/a><div class=\"image_wrapper\"><div class=\"media-wrapper img-wrapper\"><figure class=\"wgl-image-box_img\"><span ><img decoding=\"async\" src=\"https:\/\/kosecleaning.be\/wp-content\/uploads\/2025\/01\/KoseCleaning-0320-scaled.webp\" title=\"K\u00f6seCleaning - 0320\" alt=\"K\u00f6seCleaning - 0320\" loading=\"lazy\" \/><\/span><\/figure><\/div><div class=\"media-wrapper icon-wrapper\"><div class=\"wgl-icon\"><span class=\"wgl-text_over_image\">Discover<\/span><\/div><\/div><\/div><div class=\"case_button__wrapper\"><div  class=\"wgl-cases__button wgl-button\"><i class=\"flaticon flaticon-down-arrow read-more-icon\"><\/i><span>Schools<\/span><\/div><\/div><\/div><\/div><div class=\"case_items elementor-repeater-item-6c6ed91\"><div class=\"case_items__inner_wrapper\"><a class=\"wgl-cases__link\" href=\"https:\/\/kosecleaning.be\/en\/lavage-des-vitres-et-nettoyage-des-chassis\/\"><\/a><div class=\"image_wrapper\"><div class=\"media-wrapper img-wrapper\"><figure class=\"wgl-image-box_img\"><span ><img decoding=\"async\" src=\"https:\/\/kosecleaning.be\/wp-content\/uploads\/2025\/01\/KoseCleaning-0217-scaled.webp\" title=\"K\u00f6seCleaning - 0217\" alt=\"Ko\u0308seCleaning - 0217\" loading=\"lazy\" \/><\/span><\/figure><\/div><div class=\"media-wrapper icon-wrapper\"><div class=\"wgl-icon\"><span class=\"wgl-text_over_image\">Discover<\/span><\/div><\/div><\/div><div class=\"case_button__wrapper\"><div  class=\"wgl-cases__button wgl-button\"><i class=\"flaticon flaticon-down-arrow read-more-icon\"><\/i><span>Window cleaning<\/span><\/div><\/div><\/div><\/div><div class=\"case_items elementor-repeater-item-7e94a09\"><div class=\"case_items__inner_wrapper\"><a class=\"wgl-cases__link\" href=\"https:\/\/kosecleaning.be\/en\/entretien-et-renovation-de-vos-sols\/\"><\/a><div class=\"image_wrapper\"><div class=\"media-wrapper img-wrapper\"><figure class=\"wgl-image-box_img\"><span ><img decoding=\"async\" src=\"https:\/\/kosecleaning.be\/wp-content\/uploads\/2023\/11\/dscf9240-scaled.jpg\" title=\"dscf9240\" alt=\"dscf9240\" loading=\"lazy\" \/><\/span><\/figure><\/div><div class=\"media-wrapper icon-wrapper\"><div class=\"wgl-icon\"><span class=\"wgl-text_over_image\">Discover<\/span><\/div><\/div><\/div><div class=\"case_button__wrapper\"><div  class=\"wgl-cases__button wgl-button\"><i class=\"flaticon flaticon-down-arrow read-more-icon\"><\/i><span>Floor care<\/span><\/div><\/div><\/div><\/div><\/div>\t\t\t\t<\/div>\n\t\t\t\t<\/div>\n\t\t\t\t<div class=\"elementor-element elementor-element-4ed6e36 elementor-widget elementor-widget-spacer\" data-id=\"4ed6e36\" data-element_type=\"widget\" data-e-type=\"widget\" data-widget_type=\"spacer.default\">\n\t\t\t\t<div class=\"elementor-widget-container\">\n\t\t\t\t\t\t\t<div class=\"elementor-spacer\">\n\t\t\t<div class=\"elementor-spacer-inner\"><\/div>\n\t\t<\/div>\n\t\t\t\t\t\t<\/div>\n\t\t\t\t<\/div>\n\t\t\t\t<div class=\"elementor-element elementor-element-3f9d352 button_justify elementor-widget elementor-widget-wgl-cases\" data-id=\"3f9d352\" data-element_type=\"widget\" data-e-type=\"widget\" data-widget_type=\"wgl-cases.default\">\n\t\t\t\t<div class=\"elementor-widget-container\">\n\t\t\t\t\t<div class=\"wgl-cases\" data-carousel=\"\"><div class=\"case_items elementor-repeater-item-5c9dc47\"><div class=\"case_items__inner_wrapper\"><a class=\"wgl-cases__link\" href=\"https:\/\/kosecleaning.be\/en\/nettoyage-centres-commerciaux-supermarches-retail\/\"><\/a><div class=\"image_wrapper\"><div class=\"media-wrapper img-wrapper\"><figure class=\"wgl-image-box_img\"><span ><img decoding=\"async\" src=\"https:\/\/kosecleaning.be\/wp-content\/uploads\/2025\/01\/KoseCleaning-0340-scaled.webp\" title=\"K\u00f6seCleaning - 0340\" alt=\"K\u00f6seCleaning - 0340\" loading=\"lazy\" \/><\/span><\/figure><\/div><div class=\"media-wrapper icon-wrapper\"><div class=\"wgl-icon\"><span class=\"wgl-text_over_image\">Discover<\/span><\/div><\/div><\/div><div class=\"case_button__wrapper\"><div  class=\"wgl-cases__button wgl-button\"><i class=\"flaticon flaticon-down-arrow read-more-icon\"><\/i><span>Retail<\/span><\/div><\/div><\/div><\/div><div class=\"case_items elementor-repeater-item-9312f17\"><div class=\"case_items__inner_wrapper\"><a class=\"wgl-cases__link\" href=\"https:\/\/kosecleaning.be\/en\/nettoyage-de-fin-de-chantier\/\"><\/a><div class=\"image_wrapper\"><div class=\"media-wrapper img-wrapper\"><figure class=\"wgl-image-box_img\"><span ><img decoding=\"async\" src=\"https:\/\/kosecleaning.be\/wp-content\/uploads\/2025\/01\/KoseCleaning-0253-1.webp\" title=\"K\u00f6seCleaning - 0253\" alt=\"Ko\u0308seCleaning - 0253\" loading=\"lazy\" \/><\/span><\/figure><\/div><div class=\"media-wrapper icon-wrapper\"><div class=\"wgl-icon\"><span class=\"wgl-text_over_image\">Discover<\/span><\/div><\/div><\/div><div class=\"case_button__wrapper\"><div  class=\"wgl-cases__button wgl-button\"><i class=\"flaticon flaticon-down-arrow read-more-icon\"><\/i><span>Post-construction cleaning<\/span><\/div><\/div><\/div><\/div><div class=\"case_items elementor-repeater-item-ea1e5e4\"><div class=\"case_items__inner_wrapper\"><a class=\"wgl-cases__link\" href=\"https:\/\/kosecleaning.be\/en\/lavage-vehicules\/\"><\/a><div class=\"image_wrapper\"><div class=\"media-wrapper img-wrapper\"><figure class=\"wgl-image-box_img\"><span ><img decoding=\"async\" src=\"https:\/\/kosecleaning.be\/wp-content\/uploads\/2025\/01\/KoseCleaning-0358-scaled.webp\" title=\"K\u00f6seCleaning - 0358\" alt=\"K\u00f6seCleaning - 0358\" loading=\"lazy\" \/><\/span><\/figure><\/div><div class=\"media-wrapper icon-wrapper\"><div class=\"wgl-icon\"><span class=\"wgl-text_over_image\">Discover<\/span><\/div><\/div><\/div><div class=\"case_button__wrapper\"><div  class=\"wgl-cases__button wgl-button\"><i class=\"flaticon flaticon-down-arrow read-more-icon\"><\/i><span>Car wash<\/span><\/div><\/div><\/div><\/div><div class=\"case_items elementor-repeater-item-6c6ed91\"><div class=\"case_items__inner_wrapper\"><a class=\"wgl-cases__link\" href=\"https:\/\/kosecleaning.be\/en\/enlevement-graffitis\/\"><\/a><div class=\"image_wrapper\"><div class=\"media-wrapper img-wrapper\"><figure class=\"wgl-image-box_img\"><span ><img decoding=\"async\" src=\"https:\/\/kosecleaning.be\/wp-content\/uploads\/2025\/01\/KoseCleaning-0325.webp\" title=\"K\u00f6seCleaning - 0325\" alt=\"K\u00f6seCleaning - 0325\" loading=\"lazy\" \/><\/span><\/figure><\/div><div class=\"media-wrapper icon-wrapper\"><div class=\"wgl-icon\"><span class=\"wgl-text_over_image\">Discover<\/span><\/div><\/div><\/div><div class=\"case_button__wrapper\"><div  class=\"wgl-cases__button wgl-button\"><i class=\"flaticon flaticon-down-arrow read-more-icon\"><\/i><span>Graffiti removal<\/span><\/div><\/div><\/div><\/div><div class=\"case_items elementor-repeater-item-7e94a09\"><div class=\"case_items__inner_wrapper\"><a class=\"wgl-cases__link\" href=\"https:\/\/kosecleaning.be\/en\/nettoyage-parking\/\"><\/a><div class=\"image_wrapper\"><div class=\"media-wrapper img-wrapper\"><figure class=\"wgl-image-box_img\"><span ><img decoding=\"async\" src=\"https:\/\/kosecleaning.be\/wp-content\/uploads\/2025\/01\/KoseCleaning-0346-scaled.webp\" title=\"K\u00f6seCleaning - 0346\" alt=\"K\u00f6seCleaning - 0346\" loading=\"lazy\" \/><\/span><\/figure><\/div><div class=\"media-wrapper icon-wrapper\"><div class=\"wgl-icon\"><span class=\"wgl-text_over_image\">Discover<\/span><\/div><\/div><\/div><div class=\"case_button__wrapper\"><div  class=\"wgl-cases__button wgl-button\"><i class=\"flaticon flaticon-down-arrow read-more-icon\"><\/i><span>Parking cleaning<\/span><\/div><\/div><\/div><\/div><\/div>\t\t\t\t<\/div>\n\t\t\t\t<\/div>\n\t\t\t\t<div class=\"elementor-element elementor-element-f2eb4e4 elementor-widget elementor-widget-spacer\" data-id=\"f2eb4e4\" data-element_type=\"widget\" data-e-type=\"widget\" data-widget_type=\"spacer.default\">\n\t\t\t\t<div class=\"elementor-widget-container\">\n\t\t\t\t\t\t\t<div class=\"elementor-spacer\">\n\t\t\t<div class=\"elementor-spacer-inner\"><\/div>\n\t\t<\/div>\n\t\t\t\t\t\t<\/div>\n\t\t\t\t<\/div>\n\t\t\t\t<div class=\"elementor-element elementor-element-3781bce button_justify elementor-widget elementor-widget-wgl-cases\" data-id=\"3781bce\" data-element_type=\"widget\" data-e-type=\"widget\" data-widget_type=\"wgl-cases.default\">\n\t\t\t\t<div class=\"elementor-widget-container\">\n\t\t\t\t\t<div class=\"wgl-cases\" data-carousel=\"\"><div class=\"case_items elementor-repeater-item-6c6ed91\"><div class=\"case_items__inner_wrapper\"><a class=\"wgl-cases__link\" href=\"https:\/\/kosecleaning.be\/en\/handyman\/\"><\/a><div class=\"image_wrapper\"><div class=\"media-wrapper img-wrapper\"><figure class=\"wgl-image-box_img\"><span ><img decoding=\"async\" src=\"https:\/\/kosecleaning.be\/wp-content\/uploads\/2025\/01\/KoseCleaning-0361-scaled.webp\" title=\"K\u00f6seCleaning - 0361\" alt=\"K\u00f6seCleaning - 0361\" loading=\"lazy\" \/><\/span><\/figure><\/div><div class=\"media-wrapper icon-wrapper\"><div class=\"wgl-icon\"><span class=\"wgl-text_over_image\">Discover<\/span><\/div><\/div><\/div><div class=\"case_button__wrapper\"><div  class=\"wgl-cases__button wgl-button\"><i class=\"flaticon flaticon-down-arrow read-more-icon\"><\/i><span>Handyman<\/span><\/div><\/div><\/div><\/div><div class=\"case_items elementor-repeater-item-7e94a09\"><div class=\"case_items__inner_wrapper\"><a class=\"wgl-cases__link\" href=\"https:\/\/kosecleaning.be\/en\/espaces-verts\/\"><\/a><div class=\"image_wrapper\"><div class=\"media-wrapper img-wrapper\"><figure class=\"wgl-image-box_img\"><span ><img decoding=\"async\" src=\"https:\/\/kosecleaning.be\/wp-content\/uploads\/2025\/01\/espace-vert-scaled.jpg\" title=\"green space\" alt=\"espace vert\" loading=\"lazy\" \/><\/span><\/figure><\/div><div class=\"media-wrapper icon-wrapper\"><div class=\"wgl-icon\"><span class=\"wgl-text_over_image\">Discover<\/span><\/div><\/div><\/div><div class=\"case_button__wrapper\"><div  class=\"wgl-cases__button wgl-button\"><i class=\"flaticon flaticon-down-arrow read-more-icon\"><\/i><span>Green spaces<\/span><\/div><\/div><\/div><\/div><\/div>\t\t\t\t<\/div>\n\t\t\t\t<\/div>\n\t\t\t\t<\/div>\n\t\t\t\t<\/div>","protected":false},"excerpt":{"rendered":"<p>D\u00e9couvrez tous nos services D\u00e9couvrirBureaux D\u00e9couvrirTransports D\u00e9couvrir\u00c9tablissements scolaires D\u00e9couvrirLavage vitres D\u00e9couvrirEntretien des sols D\u00e9couvrirRetail D\u00e9couvrirFin de chantier D\u00e9couvrirLavage v\u00e9hicule D\u00e9couvrirEnl\u00e8vement Graffitis D\u00e9couvrirNettoyage parking D\u00e9couvrirHandyman D\u00e9couvrirEspaces verts<\/p>","protected":false},"author":1,"featured_media":0,"parent":0,"menu_order":0,"comment_status":"closed","ping_status":"closed","template":"","meta":{"footnotes":""},"class_list":["post-3592","page","type-page","status-publish","hentry"],"_links":{"self":[{"href":"https:\/\/kosecleaning.be\/en\/wp-json\/wp\/v2\/pages\/3592","targetHints":{"allow":["GET"]}}],"collection":[{"href":"https:\/\/kosecleaning.be\/en\/wp-json\/wp\/v2\/pages"}],"about":[{"href":"https:\/\/kosecleaning.be\/en\/wp-json\/wp\/v2\/types\/page"}],"author":[{"embeddable":true,"href":"https:\/\/kosecleaning.be\/en\/wp-json\/wp\/v2\/users\/1"}],"replies":[{"embeddable":true,"href":"https:\/\/kosecleaning.be\/en\/wp-json\/wp\/v2\/comments?post=3592"}],"version-history":[{"count":85,"href":"https:\/\/kosecleaning.be\/en\/wp-json\/wp\/v2\/pages\/3592\/revisions"}],"predecessor-version":[{"id":5314,"href":"https:\/\/kosecleaning.be\/en\/wp-json\/wp\/v2\/pages\/3592\/revisions\/5314"}],"wp:attachment":[{"href":"https:\/\/kosecleaning.be\/en\/wp-json\/wp\/v2\/media?parent=3592"}],"curies":[{"name":"wp","href":"https:\/\/api.w.org\/{rel}","templated":true}]}}