{"id":4038,"date":"2025-01-13T15:09:02","date_gmt":"2025-01-13T14:09:02","guid":{"rendered":"https:\/\/kosecleaning.be\/?page_id=4038"},"modified":"2025-01-16T11:47:49","modified_gmt":"2025-01-16T10:47:49","slug":"engagements-sociaux","status":"publish","type":"page","link":"https:\/\/kosecleaning.be\/en\/engagements-sociaux\/","title":{"rendered":"Social Commitments"},"content":{"rendered":"<div data-elementor-type=\"wp-page\" data-elementor-id=\"4038\" class=\"elementor elementor-4038\">\n\t\t\t\t<div class=\"elementor-element elementor-element-cb10138 e-flex e-con-boxed e-con e-parent\" data-id=\"cb10138\" data-element_type=\"container\" data-e-type=\"container\">\n\t\t\t\t\t<div class=\"e-con-inner\">\n\t\t<div class=\"elementor-element elementor-element-747b64d e-flex e-con-boxed e-con e-child\" data-id=\"747b64d\" data-element_type=\"container\" data-e-type=\"container\">\n\t\t\t\t\t<div class=\"e-con-inner\">\n\t\t\t\t<div class=\"elementor-element elementor-element-cd785c3 elementor-widget__width-initial aleft elementor-widget elementor-widget-wgl-double-heading\" data-id=\"cd785c3\" data-element_type=\"widget\" data-e-type=\"widget\" data-widget_type=\"wgl-double-heading.default\">\n\t\t\t\t<div class=\"elementor-widget-container\">\n\t\t\t\t\t<div class=\"wgl-double-heading\"><h3 class=\"dblh__title-wrapper\"><span class=\"dblh__title dblh__title-2\">K\u00d6SE CLEANING: commitment to social inclusion <\/span><\/h3><div class=\"dblh__content\"><p><span data-contrast=\"auto\">At K\u00d6SE CLEANING, we are fully committed to our social and societal role. We respect and promote cultural, ethnic and religious diversity, while actively investing in supporting socially vulnerable groups to access the job market.<\/span><span data-ccp-props=\"{}\">\u00a0<\/span><\/p><p><span style=\"font-size: 22px;\"><b>Reducing inequalities and strengthening social cohesion<\/b><\/span><span><span style=\"font-size: 22px;\">\u00a0<\/span><br \/><\/span><span data-contrast=\"auto\">Our mission goes beyond cleaning: we seek to create a lasting impact by promoting professional integration. By reducing social inequalities, we contribute to strengthening cohesion within our communities.<\/span><span data-ccp-props=\"{}\">\u00a0<\/span><\/p><p><span style=\"font-size: 22px;\"><b>Working together for real change<\/b><\/span><span>\u00a0<br \/><\/span><span data-contrast=\"auto\">To achieve these ambitious goals, we work closely with social partners throughout Belgium. This synergy enables us to broaden our impact and activate high value-added initiatives.<\/span><span data-ccp-props=\"{}\">\u00a0<\/span><\/p><p><span style=\"font-size: 22px;\"><b>Diversity and inclusion at the heart of our business<\/b><\/span><span><span style=\"font-size: 22px;\">\u00a0<\/span><br \/><\/span><span data-contrast=\"auto\">We embody these values every day, guaranteeing fair opportunities for all our employees. At K\u00d6SE CLEANING, diversity and inclusion are not just principles: they define the way we work.<\/span><span data-ccp-props=\"{}\">\u00a0<\/span><\/p><p><span style=\"font-size: 22px;\"><b>Inclusion and sustainability for a better future<\/b><\/span><span><span style=\"font-size: 22px;\">\u00a0<\/span><br \/><\/span><span data-contrast=\"auto\">We take a holistic approach that links social inclusion and environmental sustainability. This vision guides us towards a more equitable and responsible future for all.<\/span><span data-ccp-props=\"{}\">\u00a0<\/span><\/p><p><span style=\"font-size: 22px;\"><b>Join the movement<\/b><\/span><span><span style=\"font-size: 22px;\">\u00a0<\/span><br \/><\/span><span data-contrast=\"auto\">We believe in the power of collaboration. That's why we invite businesses, public institutions and civil society to join us in our collective effort to transform the labor market and create a more inclusive society.<\/span><span data-ccp-props=\"{}\">\u00a0<\/span><\/p><\/div><\/div>\t\t\t\t<\/div>\n\t\t\t\t<\/div>\n\t\t\t\t<div class=\"elementor-element elementor-element-9adfff7 elementor-widget elementor-widget-spacer\" data-id=\"9adfff7\" data-element_type=\"widget\" data-e-type=\"widget\" data-widget_type=\"spacer.default\">\n\t\t\t\t<div class=\"elementor-widget-container\">\n\t\t\t\t\t\t\t<div class=\"elementor-spacer\">\n\t\t\t<div class=\"elementor-spacer-inner\"><\/div>\n\t\t<\/div>\n\t\t\t\t\t\t<\/div>\n\t\t\t\t<\/div>\n\t\t\t\t\t<\/div>\n\t\t\t\t<\/div>\n\t\t\t\t\t<\/div>\n\t\t\t\t<\/div>\n\t\t\t\t<\/div>","protected":false},"excerpt":{"rendered":"<p>K\u00d6SE CLEANING : engagement pour l&rsquo;inclusion sociale Chez K\u00d6SE CLEANING, nous sommes pleinement engag\u00e9s dans notre r\u00f4le social et soci\u00e9tal. Nous veillons au respect et \u00e0 la promotion de la diversit\u00e9 culturelle, ethnique et religieuse, tout en investissant activement dans le soutien aux groupes socialement vuln\u00e9rables pour leur acc\u00e8s au march\u00e9 du travail.\u00a0 R\u00e9duire les [&hellip;]<\/p>\n","protected":false},"author":1,"featured_media":0,"parent":0,"menu_order":0,"comment_status":"closed","ping_status":"closed","template":"","meta":{"footnotes":""},"class_list":["post-4038","page","type-page","status-publish","hentry"],"_links":{"self":[{"href":"https:\/\/kosecleaning.be\/en\/wp-json\/wp\/v2\/pages\/4038","targetHints":{"allow":["GET"]}}],"collection":[{"href":"https:\/\/kosecleaning.be\/en\/wp-json\/wp\/v2\/pages"}],"about":[{"href":"https:\/\/kosecleaning.be\/en\/wp-json\/wp\/v2\/types\/page"}],"author":[{"embeddable":true,"href":"https:\/\/kosecleaning.be\/en\/wp-json\/wp\/v2\/users\/1"}],"replies":[{"embeddable":true,"href":"https:\/\/kosecleaning.be\/en\/wp-json\/wp\/v2\/comments?post=4038"}],"version-history":[{"count":7,"href":"https:\/\/kosecleaning.be\/en\/wp-json\/wp\/v2\/pages\/4038\/revisions"}],"predecessor-version":[{"id":4270,"href":"https:\/\/kosecleaning.be\/en\/wp-json\/wp\/v2\/pages\/4038\/revisions\/4270"}],"wp:attachment":[{"href":"https:\/\/kosecleaning.be\/en\/wp-json\/wp\/v2\/media?parent=4038"}],"curies":[{"name":"wp","href":"https:\/\/api.w.org\/{rel}","templated":true}]}}