{"id":4050,"date":"2025-01-13T15:27:51","date_gmt":"2025-01-13T14:27:51","guid":{"rendered":"https:\/\/kosecleaning.be\/?page_id=4050"},"modified":"2025-02-27T11:59:11","modified_gmt":"2025-02-27T10:59:11","slug":"innovations","status":"publish","type":"page","link":"https:\/\/kosecleaning.be\/en\/innovations\/","title":{"rendered":"Innovations"},"content":{"rendered":"\t\t<div data-elementor-type=\"wp-page\" data-elementor-id=\"4050\" class=\"elementor elementor-4050\">\n\t\t\t\t<div class=\"elementor-element elementor-element-201cfee e-flex e-con-boxed e-con e-parent\" data-id=\"201cfee\" data-element_type=\"container\" data-e-type=\"container\" data-settings=\"{&quot;background_background&quot;:&quot;video&quot;,&quot;background_video_link&quot;:&quot;https:\\\/\\\/kosecleaning.be\\\/wp-content\\\/uploads\\\/2025\\\/01\\\/KoseCleaning-Sequences-11.mp4&quot;,&quot;background_play_on_mobile&quot;:&quot;yes&quot;}\">\n\t\t\t\t\t<div class=\"e-con-inner\">\n\t\t<div class=\"elementor-background-video-container\">\n\t\t\t\t\t\t\t<video class=\"elementor-background-video-hosted\" role=\"presentation\" autoplay muted playsinline loop><\/video>\n\t\t\t\t\t<\/div>\t\t<div class=\"elementor-element elementor-element-b341be0 elementor-widget elementor-widget-spacer\" data-id=\"b341be0\" data-element_type=\"widget\" data-e-type=\"widget\" data-widget_type=\"spacer.default\">\n\t\t\t\t<div class=\"elementor-widget-container\">\n\t\t\t\t\t\t\t<div class=\"elementor-spacer\">\n\t\t\t<div class=\"elementor-spacer-inner\"><\/div>\n\t\t<\/div>\n\t\t\t\t\t\t<\/div>\n\t\t\t\t<\/div>\n\t\t\t\t\t<\/div>\n\t\t\t\t<\/div>\n\t\t<div class=\"elementor-element elementor-element-b7c1ac0 e-flex e-con-boxed e-con e-parent\" data-id=\"b7c1ac0\" data-element_type=\"container\" data-e-type=\"container\">\n\t\t\t\t\t<div class=\"e-con-inner\">\n\t\t\t\t<div class=\"elementor-element elementor-element-9071d75 elementor-widget elementor-widget-spacer\" data-id=\"9071d75\" data-element_type=\"widget\" data-e-type=\"widget\" data-widget_type=\"spacer.default\">\n\t\t\t\t<div class=\"elementor-widget-container\">\n\t\t\t\t\t\t\t<div class=\"elementor-spacer\">\n\t\t\t<div class=\"elementor-spacer-inner\"><\/div>\n\t\t<\/div>\n\t\t\t\t\t\t<\/div>\n\t\t\t\t<\/div>\n\t\t\t\t<div class=\"elementor-element elementor-element-85e0190 aleft elementor-widget elementor-widget-wgl-double-heading\" data-id=\"85e0190\" data-element_type=\"widget\" data-e-type=\"widget\" data-widget_type=\"wgl-double-heading.default\">\n\t\t\t\t<div class=\"elementor-widget-container\">\n\t\t\t\t\t<div class=\"wgl-double-heading\"><h3 class=\"dblh__title-wrapper\"><span class=\"dblh__title dblh__title-2\">Le nettoyage \u00e9volue tr\u00e8s rapidement et ce qui est nouveau aujourd'hui peut d\u00e9j\u00e0 \u00eatre d\u00e9pass\u00e9 demain.<\/span><\/h3><div class=\"dblh__content\"><p><span>Nous nous rendons tous les 2 ans au salon <strong>Interclean<\/strong> pour nous tenir inform\u00e9s des derni\u00e8res nouveaut\u00e9s technologiques en mati\u00e8re de nettoyage et entretien professionnels.<\/span><\/p><p><span>En se modernisant, il peut \u00eatre possible de nettoyer plus rapidement et plus efficacement.<\/span><\/p><\/div><\/div>\t\t\t\t<\/div>\n\t\t\t\t<\/div>\n\t\t\t\t\t<\/div>\n\t\t\t\t<\/div>\n\t\t<div class=\"elementor-element elementor-element-5096618 e-flex e-con-boxed e-con e-parent\" data-id=\"5096618\" data-element_type=\"container\" data-e-type=\"container\">\n\t\t\t\t\t<div class=\"e-con-inner\">\n\t\t\t\t<div class=\"elementor-element elementor-element-4f1e545 elementor-widget elementor-widget-spacer\" data-id=\"4f1e545\" data-element_type=\"widget\" data-e-type=\"widget\" data-widget_type=\"spacer.default\">\n\t\t\t\t<div class=\"elementor-widget-container\">\n\t\t\t\t\t\t\t<div class=\"elementor-spacer\">\n\t\t\t<div class=\"elementor-spacer-inner\"><\/div>\n\t\t<\/div>\n\t\t\t\t\t\t<\/div>\n\t\t\t\t<\/div>\n\t\t\t\t<div class=\"elementor-element elementor-element-2d88754 col-5 col-tablet-2 col-mobile-1 elementor-widget elementor-widget-wgl-gallery\" data-id=\"2d88754\" data-element_type=\"widget\" data-e-type=\"widget\" data-widget_type=\"wgl-gallery.default\">\n\t\t\t\t<div class=\"elementor-widget-container\">\n\t\t\t\t\t<div class=\"wgl-gallery\"><div class=\"wgl-gallery_items gallery-carousel\"><div class=\"wgl-carousel_wrapper\"><div class=\"wgl-carousel swiper wgl-carousel_swiper swiper-container pagination_circle_border \" data-swiper='{\"speed\":\"\",\"mousewheel\":false,\"infinite\":true,\"variableWidth\":false,\"autoplay\":true,\"autoplaySpeed\":3000,\"autoplayPause\":true,\"autoplayReverse\":false,\"watchOverflow\":true,\"arrows\":false,\"dots\":true,\"adaptiveHeight\":false,\"direction\":\"horizontal\",\"responsive\":[{\"breakpoint\":1601,\"slidesToShow\":\"5\",\"slidesToScroll\":\"5\"},{\"breakpoint\":1201,\"slidesToShow\":\"5\",\"slidesToScroll\":\"5\"},{\"breakpoint\":768,\"slidesToShow\":\"2\",\"slidesToScroll\":\"2\"},{\"breakpoint\":280,\"slidesToShow\":\"1\",\"slidesToScroll\":\"1\"}]}' data-item-carousel='wgl_carousel_69ead65e620ca'><div class=\"swiper-wrapper\"><div class=\"wgl-gallery_item-wrapper swiper-slide\"><a class=\"wgl-gallery_item\" data-elementor-open-lightbox=\"yes\" data-elementor-lightbox-slideshow=\"all-2d88754\" data-elementor-lightbox-title=\"Ko\u0308seCleaning - 0301\" data-e-action-hash=\"#elementor-action%3Aaction%3Dlightbox%26settings%3DeyJpZCI6MzcxOSwidXJsIjoiaHR0cHM6XC9cL2tvc2VjbGVhbmluZy5iZVwvd3AtY29udGVudFwvdXBsb2Fkc1wvMjAyNVwvMDFcL0tvc2VDbGVhbmluZy0wMzAxLndlYnAiLCJzbGlkZXNob3ciOiJhbGwtMmQ4ODc1NCJ9\" href=\"https:\/\/kosecleaning.be\/wp-content\/uploads\/2025\/01\/KoseCleaning-0301.webp\"><img decoding=\"async\" class=\"wgl-gallery_image\" src=\"https:\/\/kosecleaning.be\/wp-content\/uploads\/2025\/01\/KoseCleaning-0301-872x872.webp\" alt=\"\" loading=\"lazy\"><\/a><\/div><div class=\"wgl-gallery_item-wrapper swiper-slide\"><a class=\"wgl-gallery_item\" data-elementor-open-lightbox=\"yes\" data-elementor-lightbox-slideshow=\"all-2d88754\" data-elementor-lightbox-title=\"Ko\u0308seCleaning - 0303\" data-e-action-hash=\"#elementor-action%3Aaction%3Dlightbox%26settings%3DeyJpZCI6MzcyMSwidXJsIjoiaHR0cHM6XC9cL2tvc2VjbGVhbmluZy5iZVwvd3AtY29udGVudFwvdXBsb2Fkc1wvMjAyNVwvMDFcL0tvc2VDbGVhbmluZy0wMzAzLndlYnAiLCJzbGlkZXNob3ciOiJhbGwtMmQ4ODc1NCJ9\" href=\"https:\/\/kosecleaning.be\/wp-content\/uploads\/2025\/01\/KoseCleaning-0303.webp\"><img decoding=\"async\" class=\"wgl-gallery_image\" src=\"https:\/\/kosecleaning.be\/wp-content\/uploads\/2025\/01\/KoseCleaning-0303-1677x1677.webp\" alt=\"\" loading=\"lazy\"><\/a><\/div><div class=\"wgl-gallery_item-wrapper swiper-slide\"><a class=\"wgl-gallery_item\" data-elementor-open-lightbox=\"yes\" data-elementor-lightbox-slideshow=\"all-2d88754\" data-elementor-lightbox-title=\"Ko\u0308seCleaning - 0304\" data-e-action-hash=\"#elementor-action%3Aaction%3Dlightbox%26settings%3DeyJpZCI6MzcyMiwidXJsIjoiaHR0cHM6XC9cL2tvc2VjbGVhbmluZy5iZVwvd3AtY29udGVudFwvdXBsb2Fkc1wvMjAyNVwvMDFcL0tvc2VDbGVhbmluZy0wMzA0LndlYnAiLCJzbGlkZXNob3ciOiJhbGwtMmQ4ODc1NCJ9\" href=\"https:\/\/kosecleaning.be\/wp-content\/uploads\/2025\/01\/KoseCleaning-0304.webp\"><img decoding=\"async\" class=\"wgl-gallery_image\" src=\"https:\/\/kosecleaning.be\/wp-content\/uploads\/2025\/01\/KoseCleaning-0304-1200x1200.webp\" alt=\"\" loading=\"lazy\"><\/a><\/div><div class=\"wgl-gallery_item-wrapper swiper-slide\"><a class=\"wgl-gallery_item\" data-elementor-open-lightbox=\"yes\" data-elementor-lightbox-slideshow=\"all-2d88754\" data-elementor-lightbox-title=\"Ko\u0308seCleaning - 0308\" data-e-action-hash=\"#elementor-action%3Aaction%3Dlightbox%26settings%3DeyJpZCI6MzcyNiwidXJsIjoiaHR0cHM6XC9cL2tvc2VjbGVhbmluZy5iZVwvd3AtY29udGVudFwvdXBsb2Fkc1wvMjAyNVwvMDFcL0tvc2VDbGVhbmluZy0wMzA4LndlYnAiLCJzbGlkZXNob3ciOiJhbGwtMmQ4ODc1NCJ9\" href=\"https:\/\/kosecleaning.be\/wp-content\/uploads\/2025\/01\/KoseCleaning-0308.webp\"><img decoding=\"async\" class=\"wgl-gallery_image\" src=\"https:\/\/kosecleaning.be\/wp-content\/uploads\/2025\/01\/KoseCleaning-0308-1594x1594.webp\" alt=\"\" loading=\"lazy\"><\/a><\/div><div class=\"wgl-gallery_item-wrapper swiper-slide\"><a class=\"wgl-gallery_item\" data-elementor-open-lightbox=\"yes\" data-elementor-lightbox-slideshow=\"all-2d88754\" data-elementor-lightbox-title=\"Ko\u0308seCleaning - 0306\" data-e-action-hash=\"#elementor-action%3Aaction%3Dlightbox%26settings%3DeyJpZCI6MzcyNCwidXJsIjoiaHR0cHM6XC9cL2tvc2VjbGVhbmluZy5iZVwvd3AtY29udGVudFwvdXBsb2Fkc1wvMjAyNVwvMDFcL0tvc2VDbGVhbmluZy0wMzA2LndlYnAiLCJzbGlkZXNob3ciOiJhbGwtMmQ4ODc1NCJ9\" href=\"https:\/\/kosecleaning.be\/wp-content\/uploads\/2025\/01\/KoseCleaning-0306.webp\"><img decoding=\"async\" class=\"wgl-gallery_image\" src=\"https:\/\/kosecleaning.be\/wp-content\/uploads\/2025\/01\/KoseCleaning-0306-1800x1800.webp\" alt=\"\" loading=\"lazy\"><\/a><\/div><div class=\"wgl-gallery_item-wrapper swiper-slide\"><a class=\"wgl-gallery_item\" data-elementor-open-lightbox=\"yes\" data-elementor-lightbox-slideshow=\"all-2d88754\" data-elementor-lightbox-title=\"Ko\u0308seCleaning - 0310\" data-e-action-hash=\"#elementor-action%3Aaction%3Dlightbox%26settings%3DeyJpZCI6MzcyOCwidXJsIjoiaHR0cHM6XC9cL2tvc2VjbGVhbmluZy5iZVwvd3AtY29udGVudFwvdXBsb2Fkc1wvMjAyNVwvMDFcL0tvc2VDbGVhbmluZy0wMzEwLndlYnAiLCJzbGlkZXNob3ciOiJhbGwtMmQ4ODc1NCJ9\" href=\"https:\/\/kosecleaning.be\/wp-content\/uploads\/2025\/01\/KoseCleaning-0310.webp\"><img decoding=\"async\" class=\"wgl-gallery_image\" src=\"https:\/\/kosecleaning.be\/wp-content\/uploads\/2025\/01\/KoseCleaning-0310-1738x1738.webp\" alt=\"\" loading=\"lazy\"><\/a><\/div><div class=\"wgl-gallery_item-wrapper swiper-slide\"><a class=\"wgl-gallery_item\" data-elementor-open-lightbox=\"yes\" data-elementor-lightbox-slideshow=\"all-2d88754\" data-elementor-lightbox-title=\"Ko\u0308seCleaning - 0296\" data-e-action-hash=\"#elementor-action%3Aaction%3Dlightbox%26settings%3DeyJpZCI6MzcxNCwidXJsIjoiaHR0cHM6XC9cL2tvc2VjbGVhbmluZy5iZVwvd3AtY29udGVudFwvdXBsb2Fkc1wvMjAyNVwvMDFcL0tvc2VDbGVhbmluZy0wMjk2LndlYnAiLCJzbGlkZXNob3ciOiJhbGwtMmQ4ODc1NCJ9\" href=\"https:\/\/kosecleaning.be\/wp-content\/uploads\/2025\/01\/KoseCleaning-0296.webp\"><img decoding=\"async\" class=\"wgl-gallery_image\" src=\"https:\/\/kosecleaning.be\/wp-content\/uploads\/2025\/01\/KoseCleaning-0296-1110x1110.webp\" alt=\"\" loading=\"lazy\"><\/a><\/div><\/div><ul class=\"swiper-pagination\" role=\"tablist\" data-carousel=\"wgl_carousel_69ead65e620ca\"><\/ul><\/div><\/div><\/div><\/div>\t\t\t\t<\/div>\n\t\t\t\t<\/div>\n\t\t\t\t<div class=\"elementor-element elementor-element-e79e24c elementor-widget elementor-widget-spacer\" data-id=\"e79e24c\" data-element_type=\"widget\" data-e-type=\"widget\" data-widget_type=\"spacer.default\">\n\t\t\t\t<div class=\"elementor-widget-container\">\n\t\t\t\t\t\t\t<div class=\"elementor-spacer\">\n\t\t\t<div class=\"elementor-spacer-inner\"><\/div>\n\t\t<\/div>\n\t\t\t\t\t\t<\/div>\n\t\t\t\t<\/div>\n\t\t\t\t\t<\/div>\n\t\t\t\t<\/div>\n\t\t<div class=\"elementor-element elementor-element-fdb4f14 e-flex e-con-boxed e-con e-parent\" data-id=\"fdb4f14\" data-element_type=\"container\" data-e-type=\"container\" data-settings=\"{&quot;background_background&quot;:&quot;classic&quot;}\">\n\t\t\t\t\t<div class=\"e-con-inner\">\n\t\t\t\t<div class=\"elementor-element elementor-element-2937ae9 elementor-widget elementor-widget-spacer\" data-id=\"2937ae9\" data-element_type=\"widget\" data-e-type=\"widget\" data-widget_type=\"spacer.default\">\n\t\t\t\t<div class=\"elementor-widget-container\">\n\t\t\t\t\t\t\t<div class=\"elementor-spacer\">\n\t\t\t<div class=\"elementor-spacer-inner\"><\/div>\n\t\t<\/div>\n\t\t\t\t\t\t<\/div>\n\t\t\t\t<\/div>\n\t\t<div class=\"elementor-element elementor-element-a480e7a e-grid e-con-full e-con e-child\" data-id=\"a480e7a\" data-element_type=\"container\" data-e-type=\"container\">\n\t\t\t\t<div class=\"elementor-element elementor-element-75baf67 elementor-widget elementor-widget-image\" data-id=\"75baf67\" data-element_type=\"widget\" data-e-type=\"widget\" data-widget_type=\"image.default\">\n\t\t\t\t<div class=\"elementor-widget-container\">\n\t\t\t\t\t\t\t\t\t\t\t\t\t\t\t<img fetchpriority=\"high\" decoding=\"async\" width=\"540\" height=\"540\" src=\"https:\/\/kosecleaning.be\/wp-content\/uploads\/2025\/01\/20241121_125652-540x540.jpg\" class=\"attachment-woocommerce_thumbnail size-woocommerce_thumbnail wp-image-4104\" alt=\"\" srcset=\"https:\/\/kosecleaning.be\/wp-content\/uploads\/2025\/01\/20241121_125652-540x540.jpg 540w, https:\/\/kosecleaning.be\/wp-content\/uploads\/2025\/01\/20241121_125652-150x150.jpg 150w, https:\/\/kosecleaning.be\/wp-content\/uploads\/2025\/01\/20241121_125652-240x240.jpg 240w\" sizes=\"(max-width: 540px) 100vw, 540px\" \/>\t\t\t\t\t\t\t\t\t\t\t\t\t\t\t<\/div>\n\t\t\t\t<\/div>\n\t\t\t\t<div class=\"elementor-element elementor-element-a305375 aleft elementor-widget elementor-widget-wgl-double-heading\" data-id=\"a305375\" data-element_type=\"widget\" data-e-type=\"widget\" data-widget_type=\"wgl-double-heading.default\">\n\t\t\t\t<div class=\"elementor-widget-container\">\n\t\t\t\t\t<div class=\"wgl-double-heading\"><h3 class=\"dblh__title-wrapper\"><span class=\"dblh__title dblh__title-2\">DRAGON FLY<\/span><\/h3><div class=\"dblh__content\"><p><span data-contrast=\"auto\">Vitres int\u00e9rieures en hauteur : nettoyage s\u00e9curis\u00e9 et efficace<\/span><span data-ccp-props=\"{}\">\u00a0<\/span><\/p><p><span data-contrast=\"auto\">Le lavage des vitres en hauteur dans un b\u00e2timent peut parfois relever du d\u00e9fi. K\u00f6se Cleaning pr\u00e9f\u00e8re utiliser des m\u00e9thodes innovantes pour obtenir un r\u00e9sultat efficace\u00a0et ainsi miser sur la s\u00e9curit\u00e9 de ses laveurs de vitres et des occupants du b\u00e2timent.<\/span><span data-ccp-props=\"{&quot;134233117&quot;:false,&quot;134233118&quot;:false,&quot;201341983&quot;:0,&quot;335551550&quot;:1,&quot;335551620&quot;:1,&quot;335559685&quot;:0,&quot;335559737&quot;:0,&quot;335559738&quot;:0,&quot;335559739&quot;:160,&quot;335559740&quot;:279}\">\u00a0<\/span><\/p><\/div><\/div>\t\t\t\t<\/div>\n\t\t\t\t<\/div>\n\t\t\t\t<\/div>\n\t\t\t\t<div class=\"elementor-element elementor-element-f898ec9 elementor-widget elementor-widget-spacer\" data-id=\"f898ec9\" data-element_type=\"widget\" data-e-type=\"widget\" data-widget_type=\"spacer.default\">\n\t\t\t\t<div class=\"elementor-widget-container\">\n\t\t\t\t\t\t\t<div class=\"elementor-spacer\">\n\t\t\t<div class=\"elementor-spacer-inner\"><\/div>\n\t\t<\/div>\n\t\t\t\t\t\t<\/div>\n\t\t\t\t<\/div>\n\t\t\t\t\t<\/div>\n\t\t\t\t<\/div>\n\t\t<div class=\"elementor-element elementor-element-8a3a837 e-flex e-con-boxed e-con e-parent\" data-id=\"8a3a837\" data-element_type=\"container\" data-e-type=\"container\" data-settings=\"{&quot;background_background&quot;:&quot;classic&quot;}\">\n\t\t\t\t\t<div class=\"e-con-inner\">\n\t\t\t\t<div class=\"elementor-element elementor-element-8846488 elementor-widget elementor-widget-spacer\" data-id=\"8846488\" data-element_type=\"widget\" data-e-type=\"widget\" data-widget_type=\"spacer.default\">\n\t\t\t\t<div class=\"elementor-widget-container\">\n\t\t\t\t\t\t\t<div class=\"elementor-spacer\">\n\t\t\t<div class=\"elementor-spacer-inner\"><\/div>\n\t\t<\/div>\n\t\t\t\t\t\t<\/div>\n\t\t\t\t<\/div>\n\t\t<div class=\"elementor-element elementor-element-d89fffe e-grid e-con-full e-con e-child\" data-id=\"d89fffe\" data-element_type=\"container\" data-e-type=\"container\">\n\t\t\t\t<div class=\"elementor-element elementor-element-4415a46 aleft elementor-widget elementor-widget-wgl-double-heading\" data-id=\"4415a46\" data-element_type=\"widget\" data-e-type=\"widget\" data-widget_type=\"wgl-double-heading.default\">\n\t\t\t\t<div class=\"elementor-widget-container\">\n\t\t\t\t\t<div class=\"wgl-double-heading\"><h5 class=\"dblh__subtitle\">des solutions responsables pour un nettoyage durable<\/h5><h3 class=\"dblh__title-wrapper\"><span class=\"dblh__title dblh__title-2\">Nettoyage enzymatique<\/span><\/h3><div class=\"dblh__content\"><p><span data-contrast=\"auto\">Chez K\u00d6SE Cleaning, nous avons choisi de travailler avec des produits enzymatiques qui garantissent un nettoyage efficace tout en pr\u00e9servant la sant\u00e9 de nos \u00e9quipes et de nos clients. Fabriqu\u00e9s en Belgique, ces produits privil\u00e9gient une production locale, r\u00e9duisant ainsi consid\u00e9rablement leur empreinte carbone li\u00e9e au transport.<\/span><span data-ccp-props=\"{&quot;134233117&quot;:false,&quot;134233118&quot;:false,&quot;335551550&quot;:0,&quot;335551620&quot;:0,&quot;335559738&quot;:240,&quot;335559739&quot;:240}\">\u00a0<\/span><\/p><p><span data-contrast=\"auto\">Ces produits respectueux de l\u2019environnement sont emball\u00e9s dans des contenants innovants, fabriqu\u00e9s \u00e0 partir de plastique recycl\u00e9 r\u00e9cup\u00e9r\u00e9 dans les oc\u00e9ans et les mers. En plus de contribuer \u00e0 la pr\u00e9servation de la biodiversit\u00e9 marine, cette approche limite l\u2019impact environnemental de nos activit\u00e9s.<\/span><span data-ccp-props=\"{&quot;134233117&quot;:false,&quot;134233118&quot;:false,&quot;335551550&quot;:0,&quot;335551620&quot;:0,&quot;335559738&quot;:240,&quot;335559739&quot;:240}\">\u00a0<\/span><\/p><p><span data-contrast=\"auto\">Au-del\u00e0 du nettoyage, ces produits jouent un r\u00f4le actif dans la protection de la nature. Une fois rejet\u00e9s dans l\u2019environnement, ils continuent d\u2019agir en assainissant et en d\u00e9polluant leur milieu. Ils \u00e9liminent directement les bact\u00e9ries responsables des mauvaises odeurs gr\u00e2ce \u00e0 leurs pr\u00e9biotiques et probiotiques, offrant ainsi des r\u00e9sultats durables et naturels.<\/span><span data-ccp-props=\"{&quot;134233117&quot;:false,&quot;134233118&quot;:false,&quot;335551550&quot;:0,&quot;335551620&quot;:0,&quot;335559738&quot;:240,&quot;335559739&quot;:240}\">\u00a0<\/span><\/p><p><span data-contrast=\"auto\">En choisissant K\u00d6SE Cleaning, vous optez pour des solutions locales, \u00e9coresponsables et efficaces, tout en participant \u00e0 une d\u00e9marche globale de pr\u00e9servation de notre plan\u00e8te. Ensemble, faisons le choix d\u2019un nettoyage plus propre, respectueux de tous et de notre environnement.<\/span><span data-ccp-props=\"{&quot;134233117&quot;:false,&quot;134233118&quot;:false,&quot;335551550&quot;:0,&quot;335551620&quot;:0,&quot;335559738&quot;:240,&quot;335559739&quot;:240}\">\u00a0<\/span><\/p><\/div><\/div>\t\t\t\t<\/div>\n\t\t\t\t<\/div>\n\t\t\t\t<div class=\"elementor-element elementor-element-0889212 elementor-widget elementor-widget-image\" data-id=\"0889212\" data-element_type=\"widget\" data-e-type=\"widget\" data-widget_type=\"image.default\">\n\t\t\t\t<div class=\"elementor-widget-container\">\n\t\t\t\t\t\t\t\t\t\t\t\t\t\t\t<img decoding=\"async\" width=\"1024\" height=\"683\" src=\"https:\/\/kosecleaning.be\/wp-content\/uploads\/2025\/01\/KoseCleaning-0285-1024x683.webp\" class=\"attachment-large size-large wp-image-3703\" alt=\"\" srcset=\"https:\/\/kosecleaning.be\/wp-content\/uploads\/2025\/01\/KoseCleaning-0285-1024x683.webp 1024w, https:\/\/kosecleaning.be\/wp-content\/uploads\/2025\/01\/KoseCleaning-0285-300x200.webp 300w, https:\/\/kosecleaning.be\/wp-content\/uploads\/2025\/01\/KoseCleaning-0285-768x512.webp 768w, https:\/\/kosecleaning.be\/wp-content\/uploads\/2025\/01\/KoseCleaning-0285-1536x1024.webp 1536w, https:\/\/kosecleaning.be\/wp-content\/uploads\/2025\/01\/KoseCleaning-0285-1080x720.webp 1080w, https:\/\/kosecleaning.be\/wp-content\/uploads\/2025\/01\/KoseCleaning-0285.webp 1800w\" sizes=\"(max-width: 1024px) 100vw, 1024px\" \/>\t\t\t\t\t\t\t\t\t\t\t\t\t\t\t<\/div>\n\t\t\t\t<\/div>\n\t\t\t\t<\/div>\n\t\t\t\t<div class=\"elementor-element elementor-element-c2ea7ec elementor-widget elementor-widget-spacer\" data-id=\"c2ea7ec\" data-element_type=\"widget\" data-e-type=\"widget\" data-widget_type=\"spacer.default\">\n\t\t\t\t<div class=\"elementor-widget-container\">\n\t\t\t\t\t\t\t<div class=\"elementor-spacer\">\n\t\t\t<div class=\"elementor-spacer-inner\"><\/div>\n\t\t<\/div>\n\t\t\t\t\t\t<\/div>\n\t\t\t\t<\/div>\n\t\t\t\t\t<\/div>\n\t\t\t\t<\/div>\n\t\t<div class=\"elementor-element elementor-element-c92927f e-flex e-con-boxed e-con e-parent\" data-id=\"c92927f\" data-element_type=\"container\" data-e-type=\"container\" data-settings=\"{&quot;background_background&quot;:&quot;classic&quot;}\">\n\t\t\t\t\t<div class=\"e-con-inner\">\n\t\t<div class=\"elementor-element elementor-element-cad9329 e-con-full e-flex e-con e-child\" data-id=\"cad9329\" data-element_type=\"container\" data-e-type=\"container\">\n\t\t\t\t<div class=\"elementor-element elementor-element-02e95cc elementor-widget elementor-widget-spacer\" data-id=\"02e95cc\" data-element_type=\"widget\" data-e-type=\"widget\" data-widget_type=\"spacer.default\">\n\t\t\t\t<div class=\"elementor-widget-container\">\n\t\t\t\t\t\t\t<div class=\"elementor-spacer\">\n\t\t\t<div class=\"elementor-spacer-inner\"><\/div>\n\t\t<\/div>\n\t\t\t\t\t\t<\/div>\n\t\t\t\t<\/div>\n\t\t\t\t<\/div>\n\t\t\t\t\t<\/div>\n\t\t\t\t<\/div>\n\t\t<div class=\"elementor-element elementor-element-106569c e-flex e-con-boxed e-con e-parent\" data-id=\"106569c\" data-element_type=\"container\" data-e-type=\"container\" data-settings=\"{&quot;background_background&quot;:&quot;classic&quot;}\">\n\t\t\t\t\t<div class=\"e-con-inner\">\n\t\t<div class=\"elementor-element elementor-element-bb548cd e-con-full e-flex e-con e-child\" data-id=\"bb548cd\" data-element_type=\"container\" data-e-type=\"container\">\n\t\t\t\t<div class=\"elementor-element elementor-element-8d37157 elementor-widget elementor-widget-image\" data-id=\"8d37157\" data-element_type=\"widget\" data-e-type=\"widget\" data-widget_type=\"image.default\">\n\t\t\t\t<div class=\"elementor-widget-container\">\n\t\t\t\t\t\t\t\t\t\t\t\t\t\t\t<img decoding=\"async\" width=\"715\" height=\"1024\" src=\"https:\/\/kosecleaning.be\/wp-content\/uploads\/2025\/02\/Untitled-design-715x1024.png\" class=\"attachment-large size-large wp-image-5214\" alt=\"\" srcset=\"https:\/\/kosecleaning.be\/wp-content\/uploads\/2025\/02\/Untitled-design-715x1024.png 715w, https:\/\/kosecleaning.be\/wp-content\/uploads\/2025\/02\/Untitled-design-209x300.png 209w, https:\/\/kosecleaning.be\/wp-content\/uploads\/2025\/02\/Untitled-design-768x1101.png 768w, https:\/\/kosecleaning.be\/wp-content\/uploads\/2025\/02\/Untitled-design-8x12.png 8w, https:\/\/kosecleaning.be\/wp-content\/uploads\/2025\/02\/Untitled-design.png 942w\" sizes=\"(max-width: 715px) 100vw, 715px\" \/>\t\t\t\t\t\t\t\t\t\t\t\t\t\t\t<\/div>\n\t\t\t\t<\/div>\n\t\t\t\t<\/div>\n\t\t<div class=\"elementor-element elementor-element-7b4bb3d e-con-full e-flex e-con e-child\" data-id=\"7b4bb3d\" data-element_type=\"container\" data-e-type=\"container\">\n\t\t\t\t<div class=\"elementor-element elementor-element-6a9a627 elementor-widget elementor-widget-spacer\" data-id=\"6a9a627\" data-element_type=\"widget\" data-e-type=\"widget\" data-widget_type=\"spacer.default\">\n\t\t\t\t<div class=\"elementor-widget-container\">\n\t\t\t\t\t\t\t<div class=\"elementor-spacer\">\n\t\t\t<div class=\"elementor-spacer-inner\"><\/div>\n\t\t<\/div>\n\t\t\t\t\t\t<\/div>\n\t\t\t\t<\/div>\n\t\t\t\t<div class=\"elementor-element elementor-element-5cd8e7d aleft elementor-widget elementor-widget-wgl-double-heading\" data-id=\"5cd8e7d\" data-element_type=\"widget\" data-e-type=\"widget\" data-widget_type=\"wgl-double-heading.default\">\n\t\t\t\t<div class=\"elementor-widget-container\">\n\t\t\t\t\t<div class=\"wgl-double-heading\"><h5 class=\"dblh__subtitle\">nouveau<\/h5><h3 class=\"dblh__title-wrapper\"><span class=\"dblh__title dblh__title-1\">KC-APP<\/span><span class=\"dblh__title dblh__title-2\"> by K\u00d6SE Cleaning<\/span><\/h3><div class=\"dblh__content\"><p>Nous mettons \u00e0 la disposition de nos clients une plateforme en ligne leur permettant de consulter, suivre et \u00e9valuer en collaboration avec nous la qualit\u00e9 des prestations de nettoyage<\/p><\/div><\/div>\t\t\t\t<\/div>\n\t\t\t\t<\/div>\n\t\t\t\t<\/div>\n\t\t\t\t\t<\/div>\n\t\t\t\t<\/div>\n\t\t<div class=\"elementor-element elementor-element-d382bb6 e-flex e-con-boxed e-con e-parent\" data-id=\"d382bb6\" data-element_type=\"container\" data-e-type=\"container\" data-settings=\"{&quot;background_background&quot;:&quot;classic&quot;}\">\n\t\t\t\t\t<div class=\"e-con-inner\">\n\t\t<div class=\"elementor-element elementor-element-e01dd7b e-con-full e-flex e-con e-child\" data-id=\"e01dd7b\" data-element_type=\"container\" data-e-type=\"container\">\n\t\t\t\t<div class=\"elementor-element elementor-element-f38f63d elementor-widget elementor-widget-spacer\" data-id=\"f38f63d\" data-element_type=\"widget\" data-e-type=\"widget\" data-widget_type=\"spacer.default\">\n\t\t\t\t<div class=\"elementor-widget-container\">\n\t\t\t\t\t\t\t<div class=\"elementor-spacer\">\n\t\t\t<div class=\"elementor-spacer-inner\"><\/div>\n\t\t<\/div>\n\t\t\t\t\t\t<\/div>\n\t\t\t\t<\/div>\n\t\t\t\t<\/div>\n\t\t\t\t\t<\/div>\n\t\t\t\t<\/div>\n\t\t\t\t<\/div>\n\t\t","protected":false},"excerpt":{"rendered":"<p>Le nettoyage \u00e9volue tr\u00e8s rapidement et ce qui est nouveau aujourd&rsquo;hui peut d\u00e9j\u00e0 \u00eatre d\u00e9pass\u00e9 demain. Nous nous rendons tous les 2 ans au salon Interclean pour nous tenir inform\u00e9s des derni\u00e8res nouveaut\u00e9s technologiques en mati\u00e8re de nettoyage et entretien professionnels. En se modernisant, il peut \u00eatre possible de nettoyer plus rapidement et plus efficacement. [&hellip;]<\/p>\n","protected":false},"author":1,"featured_media":0,"parent":0,"menu_order":0,"comment_status":"closed","ping_status":"closed","template":"","meta":{"footnotes":""},"class_list":["post-4050","page","type-page","status-publish","hentry"],"_links":{"self":[{"href":"https:\/\/kosecleaning.be\/en\/wp-json\/wp\/v2\/pages\/4050","targetHints":{"allow":["GET"]}}],"collection":[{"href":"https:\/\/kosecleaning.be\/en\/wp-json\/wp\/v2\/pages"}],"about":[{"href":"https:\/\/kosecleaning.be\/en\/wp-json\/wp\/v2\/types\/page"}],"author":[{"embeddable":true,"href":"https:\/\/kosecleaning.be\/en\/wp-json\/wp\/v2\/users\/1"}],"replies":[{"embeddable":true,"href":"https:\/\/kosecleaning.be\/en\/wp-json\/wp\/v2\/comments?post=4050"}],"version-history":[{"count":70,"href":"https:\/\/kosecleaning.be\/en\/wp-json\/wp\/v2\/pages\/4050\/revisions"}],"predecessor-version":[{"id":5364,"href":"https:\/\/kosecleaning.be\/en\/wp-json\/wp\/v2\/pages\/4050\/revisions\/5364"}],"wp:attachment":[{"href":"https:\/\/kosecleaning.be\/en\/wp-json\/wp\/v2\/media?parent=4050"}],"curies":[{"name":"wp","href":"https:\/\/api.w.org\/{rel}","templated":true}]}}