{"id":4911,"date":"2025-01-30T11:42:57","date_gmt":"2025-01-30T10:42:57","guid":{"rendered":"https:\/\/kosecleaning.be\/?page_id=4911"},"modified":"2025-02-15T11:52:31","modified_gmt":"2025-02-15T10:52:31","slug":"politique-de-confidentialite-des-donnees","status":"publish","type":"page","link":"https:\/\/kosecleaning.be\/en\/politique-de-confidentialite-des-donnees\/","title":{"rendered":"Privacy policy"},"content":{"rendered":"<div data-elementor-type=\"wp-page\" data-elementor-id=\"4911\" class=\"elementor elementor-4911\">\n\t\t\t\t<div class=\"elementor-element elementor-element-6dc7242 e-flex e-con-boxed e-con e-parent\" data-id=\"6dc7242\" data-element_type=\"container\" data-e-type=\"container\">\n\t\t\t\t\t<div class=\"e-con-inner\">\n\t\t\t\t<div class=\"elementor-element elementor-element-5bdec58 elementor-widget elementor-widget-text-editor\" data-id=\"5bdec58\" data-element_type=\"widget\" data-e-type=\"widget\" data-widget_type=\"text-editor.default\">\n\t\t\t\t<div class=\"elementor-widget-container\">\n\t\t\t\t\t\t\t\t\t<p>Faced with the development of new communication tools, it is necessary to pay particular attention to the protection of privacy. For this reason, we are committed to respecting the confidentiality of the personal information we collect and to processing it in accordance with this policy and in compliance with our legal obligations in this area, as set out in the GDPR, which came into force on 25\/05\/2018.<\/p><p><strong><span style=\"color: #b69974;\"><br \/>1. Data controller<\/span><br \/><\/strong>Your personal data is processed by <strong>K\u00d6SE CLEANING<\/strong>. The person responsible for the data can be contacted by Email : <a href=\"mailto:gdpr@kosecleaning.be\" target=\"_blank\" rel=\"noopener\">gdpr@kosecleaning.be<\/a><\/p><p><span style=\"color: #b69974;\"><strong><br \/>2. Who can benefit from our data protection policy?<\/strong><\/span><br \/>This \"Data Privacy Policy\" applies to any natural person concerned whose data is collected, retained or processed. A natural person who can be identified or who is indentifiable on the basis of his or her personal data is a data subject.<\/p><p><strong><span style=\"color: #b69974;\">3. What personal data may we process?<\/span><\/strong><br \/>We may ask you for general personal information such as: surname, first name, language, telephone number, e-mail address, etc.<br \/>If we need to collect more sensitive personal data (e.g. medical information, trade union membership, etc.), we will ask for your consent and keep you informed of the purpose of such processing.<\/p><p><span style=\"color: #b69974;\"><strong>4. What do we use your personal data for?<\/strong><\/span><br \/>We use the personal information we collect for the following purposes:<br \/>- Executing your contract<br \/>- The company's legitimate interest<br \/>- Complying with legal obligations<br \/>We are subject to tax and accounting obligations that require us to retain and transmit certain personal data to tax and accounting authorities.<\/p><p><strong><span style=\"color: #b69974;\">5. Can your personal data be passed on to third parties?<\/span><\/strong><br \/>The processing of personal data also implies that, in certain cases, this data may be passed on to third parties. We will only pass on data that is essential, whether within our organization or to third parties (including other legally authorized bodies) with whom we have a contractual relationship.<br \/><strong><span style=\"color: #b69974;\"><br \/>6. Security measures and shelf life<\/span><\/strong><br \/>We take the necessary organizational and technical security measures to protect personal data. Personal data is processed for the time necessary to comply with the provisions described in sub-heading 4, and is kept for no longer than is strictly necessary for the purposes for which it was collected.<\/p><p><strong><span style=\"color: #b69974;\">7. What are your rights? How can you exercise them?<\/span><\/strong><br \/>In accordance with privacy regulations, you have the right to access and correct your personal data.<br \/>Within one month of receiving such a written request, we will communicate our point of view or, if applicable, the corrections made to your data.<br \/>You also have the right to obtain the deletion of any of your personal data that is incomplete or irrelevant, or the recording, communication or storage of which is prohibited, or which has been stored for longer than the permitted period. Within one month of the request being made, we must inform you whether the erasure request has been granted and, if so, to what extent.<br \/>You can find a detailed description of rights in chapter III of European Regulation 2016\/679.<\/p><p>Should a situation arise in which you wish to exercise your rights, you may contact : <a href=\"mailto:gdpr@kosecleaning.be\" target=\"_blank\" rel=\"noopener\">gdpr@kosecleaning.be<\/a><\/p><p>In the absence of a solution, you can contact the Commission de la protection de la vie priv\u00e9e (<a href=\"https:\/\/www.privacycommission.be\/fr\" target=\"_blank\" rel=\"noopener\">https:\/\/www.privacycommission.be\/fr<\/a>).<\/p>\t\t\t\t\t\t\t\t<\/div>\n\t\t\t\t<\/div>\n\t\t\t\t\t<\/div>\n\t\t\t\t<\/div>\n\t\t\t\t<\/div>","protected":false},"excerpt":{"rendered":"<p>Devant le d\u00e9veloppement des nouveaux outils de communication, il est n\u00e9cessaire de porter une attention particuli\u00e8re \u00e0 la protection de la vie priv\u00e9e. C\u2019est pourquoi, nous nous engageons \u00e0 respecter la confidentialit\u00e9 des renseignements personnels que nous collectons et \u00e0 les traiter conform\u00e9ment \u00e0 la pr\u00e9sente politique et conform\u00e9ment \u00e0 nos obligations l\u00e9gales en la [&hellip;]<\/p>\n","protected":false},"author":1,"featured_media":0,"parent":0,"menu_order":0,"comment_status":"closed","ping_status":"closed","template":"","meta":{"footnotes":""},"class_list":["post-4911","page","type-page","status-publish","hentry"],"_links":{"self":[{"href":"https:\/\/kosecleaning.be\/en\/wp-json\/wp\/v2\/pages\/4911","targetHints":{"allow":["GET"]}}],"collection":[{"href":"https:\/\/kosecleaning.be\/en\/wp-json\/wp\/v2\/pages"}],"about":[{"href":"https:\/\/kosecleaning.be\/en\/wp-json\/wp\/v2\/types\/page"}],"author":[{"embeddable":true,"href":"https:\/\/kosecleaning.be\/en\/wp-json\/wp\/v2\/users\/1"}],"replies":[{"embeddable":true,"href":"https:\/\/kosecleaning.be\/en\/wp-json\/wp\/v2\/comments?post=4911"}],"version-history":[{"count":16,"href":"https:\/\/kosecleaning.be\/en\/wp-json\/wp\/v2\/pages\/4911\/revisions"}],"predecessor-version":[{"id":5210,"href":"https:\/\/kosecleaning.be\/en\/wp-json\/wp\/v2\/pages\/4911\/revisions\/5210"}],"wp:attachment":[{"href":"https:\/\/kosecleaning.be\/en\/wp-json\/wp\/v2\/media?parent=4911"}],"curies":[{"name":"wp","href":"https:\/\/api.w.org\/{rel}","templated":true}]}}