{"id":5066,"date":"2025-02-02T23:49:38","date_gmt":"2025-02-02T22:49:38","guid":{"rendered":"https:\/\/kosecleaning.be\/?page_id=5066"},"modified":"2025-02-04T14:19:45","modified_gmt":"2025-02-04T13:19:45","slug":"avertissement-legal","status":"publish","type":"page","link":"https:\/\/kosecleaning.be\/en\/avertissement-legal\/","title":{"rendered":"Legal disclaimer"},"content":{"rendered":"<div data-elementor-type=\"wp-page\" data-elementor-id=\"5066\" class=\"elementor elementor-5066\">\n\t\t\t\t<div class=\"elementor-element elementor-element-6dc7242 e-flex e-con-boxed e-con e-parent\" data-id=\"6dc7242\" data-element_type=\"container\" data-e-type=\"container\">\n\t\t\t\t\t<div class=\"e-con-inner\">\n\t\t\t\t<div class=\"elementor-element elementor-element-5bdec58 elementor-widget elementor-widget-text-editor\" data-id=\"5bdec58\" data-element_type=\"widget\" data-e-type=\"widget\" data-widget_type=\"text-editor.default\">\n\t\t\t\t<div class=\"elementor-widget-container\">\n\t\t\t\t\t\t\t\t\t<h6>1. <strong>Site ownership<\/strong><\/h6><p>This website (<a rel=\"noopener\" target=\"_new\"><span>www.kose<\/span><span>cleaning.be<\/span><\/a>) is owned by the company <strong>K\u00d6SE Cleaning<\/strong>.<\/p><ul><li><strong>Company name<\/strong> : K\u00d6SE Cleaning<\/li><li><strong>Legal form<\/strong> Soci\u00e9t\u00e9 Anonyme (SA)<\/li><li><strong>Address<\/strong> Address: Chauss\u00e9e de Haecht 1179, 1130 Brussels, Belgium<\/li><li><strong>Registration number<\/strong> BE0452435615<\/li><li><strong>Contact details<\/strong> :<ul><li>Email : <a rel=\"noopener\"><span>info<\/span><span>@kosecleaning.be<\/span><\/a><\/li><li>Telephone: 02 221 01 03<\/li><\/ul><\/li><li><strong>Legal representative<\/strong> Alihsan K\u00d6SE<\/li><\/ul><h6>2. <strong>Purpose of the site<\/strong><\/h6><p class=\"translation-block\">The <strong><a rel=\"noopener\" target=\"_new\"><span>www.kose<\/span><span>cleaning.be<\/span><\/a><\/strong> website is a presentation of the cleaning services provided by <strong>K\u00d6SE Cleaning<\/strong>. Its purpose is to provide users with information on the cleaning services and solutions offered by the company. This site in no way constitutes a personalized or professional advisory service.<\/p><h6>3. <strong>Responsibility for content<\/strong><\/h6><p><span data-contrast=\"auto\" xml:lang=\"FR-BE\" lang=\"FR-BE\" class=\"TextRun SCXW186525812 BCX8\"><span class=\"NormalTextRun SCXW186525812 BCX8\">Site content<\/span><\/span><span data-contrast=\"auto\" xml:lang=\"FR-BE\" lang=\"FR-BE\" class=\"TextRun SCXW186525812 BCX8\" style=\"color: #b69974;\"><span class=\"NormalTextRun SCXW186525812 BCX8\"><strong>www.kosecleaning.be<\/strong><\/span><\/span><span data-contrast=\"auto\" xml:lang=\"FR-BE\" lang=\"FR-BE\" class=\"TextRun SCXW186525812 BCX8\"><span class=\"NormalTextRun SCXW186525812 BCX8\">is provided for information purposes only. No rights can be derived from this information.<\/span><\/span><span class=\"LineBreakBlob BlobObject DragDrop SCXW186525812 BCX8\"><span class=\"SCXW186525812 BCX8\">\u00a0<\/span><br class=\"SCXW186525812 BCX8\" \/><\/span><span data-contrast=\"auto\" xml:lang=\"FR-BE\" lang=\"FR-BE\" class=\"TextRun SCXW186525812 BCX8\"><span class=\"NormalTextRun SCXW186525812 BCX8\">Although we endeavor to provide accurate and up-to-date information from sources believed to be reliable, we cannot guarantee its accuracy, completeness or that it will be updated in real time.<\/span><span class=\"NormalTextRun SCXW186525812 BCX8\"> <\/span><span class=\"NormalTextRun SCXW186525812 BCX8\">The company declines all responsibility for any errors, omissions, inaccuracies or damage resulting from the use of information made available on this site.<\/span><\/span><span class=\"EOP SCXW186525812 BCX8\" data-ccp-props=\"{}\">\u00a0<\/span><\/p><h6>4. <strong>Liability for external links<\/strong><\/h6><p class=\"translation-block\">This site may contain links to external sites or resources accessible via hypertext links. These links are provided solely as a convenience. <strong>K\u00d6SE Cleaning<\/strong> is not responsible for the availability, content, accuracy or use of these external sites, and the inclusion of these links in no way constitutes an endorsement of the content or services offered on these sites.<\/p><h6>5. <strong>Intellectual property<\/strong><\/h6><p class=\"translation-block\"><span data-contrast=\"auto\">All intellectual property rights and other rights concerning the information provided on this website (texts, images, logos, graphics, videos and other elements) are the exclusive property of <\/span><span style=\"color: #000000\"><b>K\u00d6SE Cleaning<\/b><\/span><span data-contrast=\"auto\"> or is used under license. Any reproduction, distribution, modification, or use of these elements without the prior written consent of <\/span><b><span data-contrast=\"auto\">K\u00d6SE Cleaning<\/b><\/span><span data-contrast=\"auto\"> is strictly prohibited.<\/span><span data-ccp-props=\"{}\"> <\/span><\/p><p><span data-contrast=\"auto\">All copyrights relating to the contents of this site are protected by applicable intellectual property laws. <\/span><span>\u00a0<br \/><\/span><span data-contrast=\"auto\">Any unauthorized use of the site's contents may result in legal action.<\/span><span data-ccp-props=\"{&quot;335557856&quot;:16777215}\">\u00a0<\/span><\/p><h6>6. <strong>Changes to information<\/strong><\/h6><p class=\"translation-block\"><span data-contrast=\"auto\" xml:lang=\"FR-BE\" lang=\"FR-BE\" class=\"TextRun SCXW253131906 BCX8\"><span class=\"NormalTextRun SCXW253131906 BCX8\">The information present on <\/span><span class=\"NormalTextRun SCXW253131906 BCX8\">c<\/span><span class=\"NormalTextRun SCXW253131906 BCX8\">this site <\/span><span class=\"NormalTextRun SCXW253131906 BCX8\">and in this disclaimer-.legal <\/span><span class=\"NormalTextRun SCXW253131906 BCX8\">may be changed without notice.<\/span><\/span><strong><span data-contrast=\"auto\" xml:lang=\"FR-BE\" lang=\"FR-BE\" class=\"TextRun SCXW253131906 BCX8\"><span class=\"NormalTextRun SCXW253131906 BCX8\">K\u00d6SE <\/span><span class=\"NormalTextRun SpellingErrorV2Themed SCXW253131906 BCX8\">Cleaning<\/span><\/span><\/strong><span data-contrast=\"auto\" xml:lang=\"FR-BE\" lang=\"FR-BE\" class=\"TextRun SCXW253131906 BCX8\"><span class=\"NormalTextRun SCXW253131906 BCX8\"> reserves the right to modify, update or delete any content of the site, in whole or in part, at any time and for <\/span><span class=\"NormalTextRun SCXW253131906 BCX8\">any reason whatsoever<\/span><span class=\"NormalTextRun SCXW253131906 BCX8\">. We invite you to regularly consult this site <\/span><span class=\"NormalTextRun SCXW253131906 BCX8\">and this page <\/span><span class=\"NormalTextRun SCXW253131906 BCX8\">to be informed of any changes.<\/span><\/span><span class=\"EOP SCXW253131906 BCX8\" data-ccp-props=\"{}\"> <\/span><\/p><h6>7. <strong>Limitation of liability<\/strong><\/h6><p class=\"translation-block\"><strong>K\u00d6SE Cleaning<\/strong> shall in no event be liable for direct or indirect damages, loss of data, or any other harm resulting from the use or inability to use the <strong><a rel=\"noopener\" target=\"_new\"><span>www.kose<\/span><span>cleaning.be<\/span><\/a><\/strong> site, including in the event of content errors, technical failures, or service interruptions. We also disclaim any liability for damage caused by fraudulent actions of third parties, such as virus attacks, hacking or other malware.<\/p><h6>8. <strong>Jurisdiction and applicable law<\/strong><\/h6><p class=\"translation-block\"><span data-contrast=\"auto\" xml:lang=\"FR-BE\" lang=\"FR-BE\" class=\"TextRun SCXW69508204 BCX8\"><span class=\"NormalTextRun SCXW69508204 BCX8\">This website and the<\/span><span class=\"NormalTextRun SCXW69508204 BCX8\">this legal disclaimer <\/span><span class=\"NormalTextRun SCXW69508204 BCX8\">are<\/span><span class=\"NormalTextRun SCXW69508204 BCX8\"> governed<\/span><span class=\"NormalTextRun SCXW69508204 BCX8\">s<\/span><span class=\"NormalTextRun SCXW69508204 BCX8\"> by Belgian law. In case of dispute or conflict, <\/span><span class=\"NormalTextRun SCXW69508204 BCX8\">only the court of the district on which K\u00d6SE CLEANING depends will have jurisdiction<\/span><span class=\"NormalTextRun SCXW69508204 BCX8\">, subject to specific jurisdiction provided by law.<\/span><\/span><span class=\"EOP SCXW69508204 BCX8\" data-ccp-props=\"{}\"> <\/span><\/p><h6>9. <strong>Contact<\/strong><\/h6><p>If you have any questions about this legal notice or require further information, please contact us by :<\/p><ul><li>Email : <a rel=\"noopener\"><span>info<\/span><span>@kosecleaning.be<\/span><\/a><\/li><li>Telephone: 02 221 01 03<\/li><\/ul>\t\t\t\t\t\t\t\t<\/div>\n\t\t\t\t<\/div>\n\t\t\t\t\t<\/div>\n\t\t\t\t<\/div>\n\t\t\t\t<\/div>","protected":false},"excerpt":{"rendered":"<p>1. Propri\u00e9t\u00e9 du site Le pr\u00e9sent site internet (www.kosecleaning.be) est la propri\u00e9t\u00e9 de l&rsquo;entreprise K\u00d6SE Cleaning. Nom de l&rsquo;entreprise : K\u00d6SE Cleaning Forme juridique : Soci\u00e9t\u00e9 Anonyme (SA) Adresse : Chauss\u00e9e de Haecht 1179, 1130 Bruxelles, Belgique Num\u00e9ro d&rsquo;immatriculation : BE0452435615 Coordonn\u00e9es de contact : Email : info@kosecleaning.be T\u00e9l\u00e9phone : 02 221 01 03 Repr\u00e9sentant [&hellip;]<\/p>\n","protected":false},"author":1,"featured_media":0,"parent":0,"menu_order":0,"comment_status":"closed","ping_status":"closed","template":"","meta":{"footnotes":""},"class_list":["post-5066","page","type-page","status-publish","hentry"],"_links":{"self":[{"href":"https:\/\/kosecleaning.be\/en\/wp-json\/wp\/v2\/pages\/5066","targetHints":{"allow":["GET"]}}],"collection":[{"href":"https:\/\/kosecleaning.be\/en\/wp-json\/wp\/v2\/pages"}],"about":[{"href":"https:\/\/kosecleaning.be\/en\/wp-json\/wp\/v2\/types\/page"}],"author":[{"embeddable":true,"href":"https:\/\/kosecleaning.be\/en\/wp-json\/wp\/v2\/users\/1"}],"replies":[{"embeddable":true,"href":"https:\/\/kosecleaning.be\/en\/wp-json\/wp\/v2\/comments?post=5066"}],"version-history":[{"count":7,"href":"https:\/\/kosecleaning.be\/en\/wp-json\/wp\/v2\/pages\/5066\/revisions"}],"predecessor-version":[{"id":5128,"href":"https:\/\/kosecleaning.be\/en\/wp-json\/wp\/v2\/pages\/5066\/revisions\/5128"}],"wp:attachment":[{"href":"https:\/\/kosecleaning.be\/en\/wp-json\/wp\/v2\/media?parent=5066"}],"curies":[{"name":"wp","href":"https:\/\/api.w.org\/{rel}","templated":true}]}}