{"id":3189,"date":"2024-12-18T16:54:43","date_gmt":"2024-12-18T16:54:43","guid":{"rendered":"https:\/\/kosecleaning.be\/?page_id=3189"},"modified":"2025-02-26T21:55:44","modified_gmt":"2025-02-26T20:55:44","slug":"charte","status":"publish","type":"page","link":"https:\/\/kosecleaning.be\/nl\/charte\/","title":{"rendered":"Charter"},"content":{"rendered":"\t\t<div data-elementor-type=\"wp-page\" data-elementor-id=\"3189\" class=\"elementor elementor-3189\">\n\t\t\t\t<div class=\"elementor-element elementor-element-fdd94a0 e-con-full e-flex e-con e-parent\" data-id=\"fdd94a0\" data-element_type=\"container\" data-e-type=\"container\">\n\t\t<div class=\"elementor-element elementor-element-c67d0dd e-con-full e-flex e-con e-child\" data-id=\"c67d0dd\" data-element_type=\"container\" data-e-type=\"container\">\n\t\t\t\t<div class=\"elementor-element elementor-element-23737ab acenter elementor-widget__width-initial elementor-widget elementor-widget-wgl-double-heading\" data-id=\"23737ab\" data-element_type=\"widget\" data-e-type=\"widget\" data-widget_type=\"wgl-double-heading.default\">\n\t\t\t\t<div class=\"elementor-widget-container\">\n\t\t\t\t\t<div class=\"wgl-double-heading\"><h3 class=\"dblh__title-wrapper\"><span class=\"dblh__title dblh__title-2\">NOTRE POLITIQUE<\/span><\/h3><div class=\"dblh__content\"><h5><span data-contrast=\"none\" xml:lang=\"FR\" lang=\"FR\" class=\"TextRun SCXW25130936 BCX8\"><span class=\"NormalTextRun SCXW25130936 BCX8\">D\u00c9CLARATION DE LA POLITIQUE \u00c0 SUIVRE EN MATI\u00c8RE DE QUALIT\u00c9, S\u00c9CURIT\u00c9, SANT\u00c9, ENVIRONNEMENT, RESPONSABILIT\u00c9 SOCIALE ET IT SECURITY.<\/span><\/span><span class=\"EOP SCXW25130936 BCX8\" data-ccp-props=\"{&quot;134233117&quot;:false,&quot;134233118&quot;:false,&quot;201341983&quot;:0,&quot;335551550&quot;:2,&quot;335551620&quot;:2,&quot;335559738&quot;:0,&quot;335559739&quot;:160,&quot;335559740&quot;:257}\">\u00a0<\/span><\/h5><\/div><\/div>\t\t\t\t<\/div>\n\t\t\t\t<\/div>\n\t\t\t\t<\/div>\n\t\t<div class=\"elementor-element elementor-element-c57ebc5 e-flex e-con-boxed e-con e-child\" data-id=\"c57ebc5\" data-element_type=\"container\" data-e-type=\"container\">\n\t\t\t\t\t<div class=\"e-con-inner\">\n\t\t\t\t<div class=\"elementor-element elementor-element-6a75672 elementor-widget elementor-widget-spacer\" data-id=\"6a75672\" data-element_type=\"widget\" data-e-type=\"widget\" data-widget_type=\"spacer.default\">\n\t\t\t\t<div class=\"elementor-widget-container\">\n\t\t\t\t\t\t\t<div class=\"elementor-spacer\">\n\t\t\t<div class=\"elementor-spacer-inner\"><\/div>\n\t\t<\/div>\n\t\t\t\t\t\t<\/div>\n\t\t\t\t<\/div>\n\t\t\t\t<div class=\"elementor-element elementor-element-8047560 bullet-point aleft elementor-widget elementor-widget-wgl-double-heading\" data-id=\"8047560\" data-element_type=\"widget\" data-e-type=\"widget\" data-widget_type=\"wgl-double-heading.default\">\n\t\t\t\t<div class=\"elementor-widget-container\">\n\t\t\t\t\t<div class=\"wgl-double-heading\"><div class=\"dblh__content\"><p><span data-contrast=\"auto\">K\u00d6SE Cleaning, sp\u00e9cialiste du nettoyage professionnel et industriel, accompagne une client\u00e8le vari\u00e9e allant d\u2019institutions de renomm\u00e9e nationale \u00e0 des PME dynamiques.<\/span><span>\u00a0<br \/><\/span><span data-contrast=\"auto\"> Notre mission est de refl\u00e9ter une image qualitative et exemplaire de vos activit\u00e9s.<\/span><span data-ccp-props=\"{&quot;134233117&quot;:false,&quot;134233118&quot;:false,&quot;201341983&quot;:0,&quot;335559738&quot;:0,&quot;335559739&quot;:160,&quot;335559740&quot;:257}\">\u00a0<\/span><\/p><p><span data-contrast=\"auto\">Avec plusieurs ann\u00e9es d\u2019exp\u00e9rience \u00e0 notre actif, nous nous engageons \u00e0 \u00e9tablir une relation de <\/span><b><span data-contrast=\"auto\">confiance<\/span><\/b><span data-contrast=\"auto\"> en pla\u00e7ant vos exigences et besoins au centre de toutes nos actions.\u00a0<\/span><span data-ccp-props=\"{&quot;134233117&quot;:false,&quot;134233118&quot;:false,&quot;201341983&quot;:0,&quot;335559738&quot;:0,&quot;335559739&quot;:160,&quot;335559740&quot;:257}\">\u00a0<\/span><\/p><p><span data-contrast=\"auto\">Nous proposons des solutions sur mesure bas\u00e9es sur :<\/span><span data-ccp-props=\"{&quot;134233117&quot;:false,&quot;134233118&quot;:false,&quot;201341983&quot;:0,&quot;335559738&quot;:0,&quot;335559739&quot;:160,&quot;335559740&quot;:257}\">\u00a0<\/span><\/p><ul><li data-leveltext=\"\u00fc\" data-font=\"Wingdings\" data-listid=\"4\" data-list-defn-props=\"{&quot;335552541&quot;:1,&quot;335559685&quot;:720,&quot;335559991&quot;:360,&quot;469769226&quot;:&quot;Wingdings&quot;,&quot;469769242&quot;:[8226],&quot;469777803&quot;:&quot;left&quot;,&quot;469777804&quot;:&quot;\u00fc&quot;,&quot;469777815&quot;:&quot;hybridMultilevel&quot;}\" aria-setsize=\"-1\" data-aria-posinset=\"1\" data-aria-level=\"1\"><span data-contrast=\"auto\">Une ex\u00e9cution conforme \u00e0 votre code de conduite ;<\/span><span data-ccp-props=\"{&quot;134233117&quot;:false,&quot;134233118&quot;:false,&quot;201341983&quot;:0,&quot;335559685&quot;:720,&quot;335559737&quot;:0,&quot;335559738&quot;:0,&quot;335559739&quot;:0,&quot;335559740&quot;:257,&quot;335559991&quot;:360}\">\u00a0<\/span><\/li><\/ul><ul><li data-leveltext=\"\u00fc\" data-font=\"Wingdings\" data-listid=\"4\" data-list-defn-props=\"{&quot;335552541&quot;:1,&quot;335559685&quot;:720,&quot;335559991&quot;:360,&quot;469769226&quot;:&quot;Wingdings&quot;,&quot;469769242&quot;:[8226],&quot;469777803&quot;:&quot;left&quot;,&quot;469777804&quot;:&quot;\u00fc&quot;,&quot;469777815&quot;:&quot;hybridMultilevel&quot;}\" aria-setsize=\"-1\" data-aria-posinset=\"2\" data-aria-level=\"1\"><span data-contrast=\"auto\">Une communication claire et directe gr\u00e2ce \u00e0 des circuits courts ;<\/span><span data-ccp-props=\"{&quot;134233117&quot;:false,&quot;134233118&quot;:false,&quot;201341983&quot;:0,&quot;335559685&quot;:720,&quot;335559737&quot;:0,&quot;335559738&quot;:0,&quot;335559739&quot;:0,&quot;335559740&quot;:257,&quot;335559991&quot;:360}\">\u00a0<\/span><\/li><\/ul><ul><li data-leveltext=\"\u00fc\" data-font=\"Wingdings\" data-listid=\"4\" data-list-defn-props=\"{&quot;335552541&quot;:1,&quot;335559685&quot;:720,&quot;335559991&quot;:360,&quot;469769226&quot;:&quot;Wingdings&quot;,&quot;469769242&quot;:[8226],&quot;469777803&quot;:&quot;left&quot;,&quot;469777804&quot;:&quot;\u00fc&quot;,&quot;469777815&quot;:&quot;hybridMultilevel&quot;}\" aria-setsize=\"-1\" data-aria-posinset=\"3\" data-aria-level=\"1\"><span data-contrast=\"auto\">Une r\u00e9activit\u00e9 imm\u00e9diate avec des solutions pratiques et adapt\u00e9es ;<\/span><span data-ccp-props=\"{&quot;134233117&quot;:false,&quot;134233118&quot;:false,&quot;201341983&quot;:0,&quot;335559685&quot;:720,&quot;335559737&quot;:0,&quot;335559738&quot;:0,&quot;335559739&quot;:0,&quot;335559740&quot;:257,&quot;335559991&quot;:360}\">\u00a0<\/span><\/li><\/ul><ul><li data-leveltext=\"\u00fc\" data-font=\"Wingdings\" data-listid=\"4\" data-list-defn-props=\"{&quot;335552541&quot;:1,&quot;335559685&quot;:720,&quot;335559991&quot;:360,&quot;469769226&quot;:&quot;Wingdings&quot;,&quot;469769242&quot;:[8226],&quot;469777803&quot;:&quot;left&quot;,&quot;469777804&quot;:&quot;\u00fc&quot;,&quot;469777815&quot;:&quot;hybridMultilevel&quot;}\" aria-setsize=\"-1\" data-aria-posinset=\"4\" data-aria-level=\"1\"><span data-contrast=\"auto\">Un suivi rigoureux, des contr\u00f4les fr\u00e9quents et des actions pr\u00e9ventives.<\/span><span data-ccp-props=\"{&quot;134233117&quot;:false,&quot;134233118&quot;:false,&quot;201341983&quot;:0,&quot;335559685&quot;:720,&quot;335559737&quot;:0,&quot;335559738&quot;:0,&quot;335559739&quot;:0,&quot;335559740&quot;:257,&quot;335559991&quot;:360}\">\u00a0<\/span><\/li><\/ul><p><span data-contrast=\"auto\">Nous accordons une importance primordiale \u00e0 notre politique de qualit\u00e9, de s\u00e9curit\u00e9, de sant\u00e9 et d\u2019environnement, de responsabilit\u00e9 sociale, ainsi qu\u2019\u00e0 la gestion des techniques de s\u00e9curit\u00e9 et des technologies de l\u2019information, <\/span><b><span data-contrast=\"auto\">permettant d'am\u00e9liorer en permanence<\/span><\/b><span data-contrast=\"auto\"> nos efforts de gestion dans ces domaines.\u00a0<\/span><span data-ccp-props=\"{&quot;134233117&quot;:false,&quot;134233118&quot;:false,&quot;201341983&quot;:0,&quot;335559738&quot;:0,&quot;335559739&quot;:0,&quot;335559740&quot;:257}\">\u00a0<\/span><\/p><p><span data-contrast=\"auto\">De plus, nous nous engageons <\/span><b><span data-contrast=\"auto\">\u00e0 satisfaire toutes les exigences<\/span><\/b><span data-contrast=\"auto\"> en relation avec les domaines cit\u00e9s.\u00a0<\/span><span data-ccp-props=\"{&quot;134233117&quot;:false,&quot;134233118&quot;:false,&quot;201341983&quot;:0,&quot;335559738&quot;:0,&quot;335559739&quot;:0,&quot;335559740&quot;:257}\">\u00a0<\/span><\/p><p><span data-contrast=\"auto\">Notre syst\u00e8me ax\u00e9 sur cette attention a aussi comme objectif de pr\u00e9venir les l\u00e9sions personnelles, d\u2019\u00e9viter les risques psychosociaux et <\/span><b><span data-contrast=\"auto\">d'assurer<\/span><\/b><span data-contrast=\"auto\"> la s\u00e9curit\u00e9 et la sant\u00e9 de nos collaborateurs, clients et fournisseurs. <\/span><b><span data-contrast=\"auto\">Cette politique est d\u00e9ploy\u00e9e par le biais d'objectifs concrets et de programmes correspondants<\/span><\/b><span data-contrast=\"auto\"> (\u00e9tapes).<\/span><\/p><p><b><span data-contrast=\"auto\">Le respect de la r\u00e9glementation, de la l\u00e9gislation en vigueur et des normes internes<\/span><\/b><span data-contrast=\"auto\"> permet d\u2019\u00e9viter des dommages mat\u00e9riels, ainsi que des contaminations de l'environnement.<\/span><\/p><p><span data-contrast=\"auto\">Nous n\u2019utilisons que des produits approuv\u00e9s et des mat\u00e9riels ad\u00e9quats, justifi\u00e9s d\u2019un point de vue ergonomique et environnemental.<\/span><\/p><p><span data-contrast=\"auto\">Nous nous sommes engag\u00e9s \u00e0 pr\u00e9venir et \u00e0 limiter la charge de l'environnement, en tenant compte de la r\u00e9duction des \u00e9missions, la planification des risques et la question du financement. Nous nous effor\u00e7ons d\u2019adopter les meilleures pratiques en mati\u00e8re <\/span><b><span data-contrast=\"auto\">d\u2019\u00e9valuation des risques et des vuln\u00e9rabilit\u00e9s li\u00e9es aux changements climatiques<\/span><\/b><span data-contrast=\"auto\">.<\/span><\/p><p><span data-contrast=\"auto\">Notre syst\u00e8me est d\u00e9crit dans les proc\u00e9dures du manuel, conforme aux exigences de l\u2019 ISO 9001, ISO14001 et EMAS, ISO 45001, VCA , ISO 27001 et ISO 26000, l\u2019UGBN et EcoVadis.<\/span><\/p><p><span data-contrast=\"auto\">La direction s'engage \u00e0 fixer les priorit\u00e9s de notre politique afin de les promouvoir \u00e0 travers toute l'entreprise. Notre personnel re\u00e7oit <\/span><b><span data-contrast=\"auto\">une formation et une sensibilisation<\/span><\/b><span data-contrast=\"auto\"> approfondies et continues. Nous nous engageons \u00e0 <\/span><b><span data-contrast=\"auto\">consulter<\/span><\/b><span data-contrast=\"auto\"> et \u00e0 faire <\/span><b><span data-contrast=\"auto\">participer<\/span><\/b><span data-contrast=\"auto\"> nos travailleurs et leurs repr\u00e9sentants.<\/span><\/p><p><span data-contrast=\"auto\">Nous sommes convaincus qu'un syst\u00e8me ayant cette politique m\u00e8ne \u00e0 une gestion d'entreprise plus efficace, tout en r\u00e9pondant aux attentes de nos clients externes et internes.<\/span><span data-ccp-props=\"{&quot;134233117&quot;:false,&quot;134233118&quot;:false,&quot;201341983&quot;:0,&quot;335559738&quot;:0,&quot;335559739&quot;:0,&quot;335559740&quot;:257}\">\u00a0<\/span><\/p><\/div><\/div>\t\t\t\t<\/div>\n\t\t\t\t<\/div>\n\t\t\t\t\t<\/div>\n\t\t\t\t<\/div>\n\t\t\t\t<\/div>\n\t\t\t\t<\/div>\n\t\t","protected":false},"excerpt":{"rendered":"<p>NOTRE POLITIQUE D\u00c9CLARATION DE LA POLITIQUE \u00c0 SUIVRE EN MATI\u00c8RE DE QUALIT\u00c9, S\u00c9CURIT\u00c9, SANT\u00c9, ENVIRONNEMENT, RESPONSABILIT\u00c9 SOCIALE ET IT SECURITY.\u00a0 K\u00d6SE Cleaning, sp\u00e9cialiste du nettoyage professionnel et industriel, accompagne une client\u00e8le vari\u00e9e allant d\u2019institutions de renomm\u00e9e nationale \u00e0 des PME dynamiques.\u00a0 Notre mission est de refl\u00e9ter une image qualitative et exemplaire de vos activit\u00e9s.\u00a0 Avec [&hellip;]<\/p>\n","protected":false},"author":1,"featured_media":0,"parent":0,"menu_order":0,"comment_status":"closed","ping_status":"closed","template":"","meta":{"footnotes":""},"class_list":["post-3189","page","type-page","status-publish","hentry"],"_links":{"self":[{"href":"https:\/\/kosecleaning.be\/nl\/wp-json\/wp\/v2\/pages\/3189","targetHints":{"allow":["GET"]}}],"collection":[{"href":"https:\/\/kosecleaning.be\/nl\/wp-json\/wp\/v2\/pages"}],"about":[{"href":"https:\/\/kosecleaning.be\/nl\/wp-json\/wp\/v2\/types\/page"}],"author":[{"embeddable":true,"href":"https:\/\/kosecleaning.be\/nl\/wp-json\/wp\/v2\/users\/1"}],"replies":[{"embeddable":true,"href":"https:\/\/kosecleaning.be\/nl\/wp-json\/wp\/v2\/comments?post=3189"}],"version-history":[{"count":43,"href":"https:\/\/kosecleaning.be\/nl\/wp-json\/wp\/v2\/pages\/3189\/revisions"}],"predecessor-version":[{"id":5335,"href":"https:\/\/kosecleaning.be\/nl\/wp-json\/wp\/v2\/pages\/3189\/revisions\/5335"}],"wp:attachment":[{"href":"https:\/\/kosecleaning.be\/nl\/wp-json\/wp\/v2\/media?parent=3189"}],"curies":[{"name":"wp","href":"https:\/\/api.w.org\/{rel}","templated":true}]}}