{"id":4038,"date":"2025-01-13T15:09:02","date_gmt":"2025-01-13T14:09:02","guid":{"rendered":"https:\/\/kosecleaning.be\/?page_id=4038"},"modified":"2025-01-16T11:47:49","modified_gmt":"2025-01-16T10:47:49","slug":"engagements-sociaux","status":"publish","type":"page","link":"https:\/\/kosecleaning.be\/nl\/engagements-sociaux\/","title":{"rendered":"Sociale verplichtingen"},"content":{"rendered":"<div data-elementor-type=\"wp-page\" data-elementor-id=\"4038\" class=\"elementor elementor-4038\">\n\t\t\t\t<div class=\"elementor-element elementor-element-cb10138 e-flex e-con-boxed e-con e-parent\" data-id=\"cb10138\" data-element_type=\"container\" data-e-type=\"container\">\n\t\t\t\t\t<div class=\"e-con-inner\">\n\t\t<div class=\"elementor-element elementor-element-747b64d e-flex e-con-boxed e-con e-child\" data-id=\"747b64d\" data-element_type=\"container\" data-e-type=\"container\">\n\t\t\t\t\t<div class=\"e-con-inner\">\n\t\t\t\t<div class=\"elementor-element elementor-element-cd785c3 elementor-widget__width-initial aleft elementor-widget elementor-widget-wgl-double-heading\" data-id=\"cd785c3\" data-element_type=\"widget\" data-e-type=\"widget\" data-widget_type=\"wgl-double-heading.default\">\n\t\t\t\t<div class=\"elementor-widget-container\">\n\t\t\t\t\t<div class=\"wgl-double-heading\"><h3 class=\"dblh__title-wrapper\"><span class=\"dblh__title dblh__title-2\">K\u00d6SE CLEANING: inzet voor sociale integratie <\/span><\/h3><div class=\"dblh__content\"><p><span data-contrast=\"auto\">Bij K\u00d6SE CLEANING zijn we volledig toegewijd aan onze sociale en maatschappelijke rol. We respecteren en bevorderen culturele, etnische en religieuze diversiteit, terwijl we actief investeren in het ondersteunen van sociaal kwetsbare groepen om toegang te krijgen tot de arbeidsmarkt.<\/span><span data-ccp-props=\"{}\">\u00a0<\/span><\/p><p><span style=\"font-size: 22px;\"><b>Ongelijkheid verminderen en sociale cohesie versterken<\/b><\/span><span><span style=\"font-size: 22px;\">\u00a0<\/span><br \/><\/span><span data-contrast=\"auto\">Onze missie gaat verder dan schoonmaken: we proberen een blijvende impact te cre\u00ebren door professionele integratie te bevorderen. Door sociale ongelijkheid te verminderen, helpen we de cohesie binnen onze gemeenschappen te versterken.<\/span><span data-ccp-props=\"{}\">\u00a0<\/span><\/p><p><span style=\"font-size: 22px;\"><b>Samenwerken aan echte verandering<\/b><\/span><span>\u00a0<br \/><\/span><span data-contrast=\"auto\">Om deze ambitieuze doelen te bereiken, werken we nauw samen met sociale partners in heel Belgi\u00eb. Dankzij deze synergie kunnen we onze impact vergroten en initiatieven met een hoge toegevoegde waarde activeren.<\/span><span data-ccp-props=\"{}\">\u00a0<\/span><\/p><p><span style=\"font-size: 22px;\"><b>Diversiteit en inclusie in het hart van ons bedrijf<\/b><\/span><span><span style=\"font-size: 22px;\">\u00a0<\/span><br \/><\/span><span data-contrast=\"auto\">We belichamen deze waarden dagelijks door te zorgen voor eerlijke kansen voor al onze werknemers. Bij K\u00d6SE CLEANING zijn diversiteit en inclusie niet alleen principes: ze bepalen onze manier van werken.<\/span><span data-ccp-props=\"{}\">\u00a0<\/span><\/p><p><span style=\"font-size: 22px;\"><b>Inclusie en duurzaamheid voor een betere toekomst<\/b><\/span><span><span style=\"font-size: 22px;\">\u00a0<\/span><br \/><\/span><span data-contrast=\"auto\">We hanteren een holistische benadering die sociale integratie en duurzaamheid voor het milieu met elkaar verbindt. Deze visie leidt ons naar een meer rechtvaardige en verantwoordelijke toekomst voor iedereen.<\/span><span data-ccp-props=\"{}\">\u00a0<\/span><\/p><p><span style=\"font-size: 22px;\"><b>Doe mee met de beweging<\/b><\/span><span><span style=\"font-size: 22px;\">\u00a0<\/span><br \/><\/span><span data-contrast=\"auto\">Wij geloven in de kracht van samenwerking. Daarom nodigen we bedrijven, overheidsinstellingen en het maatschappelijk middenveld uit om samen met ons de arbeidsmarkt te transformeren en een meer inclusieve samenleving te cre\u00ebren.<\/span><span data-ccp-props=\"{}\">\u00a0<\/span><\/p><\/div><\/div>\t\t\t\t<\/div>\n\t\t\t\t<\/div>\n\t\t\t\t<div class=\"elementor-element elementor-element-9adfff7 elementor-widget elementor-widget-spacer\" data-id=\"9adfff7\" data-element_type=\"widget\" data-e-type=\"widget\" data-widget_type=\"spacer.default\">\n\t\t\t\t<div class=\"elementor-widget-container\">\n\t\t\t\t\t\t\t<div class=\"elementor-spacer\">\n\t\t\t<div class=\"elementor-spacer-inner\"><\/div>\n\t\t<\/div>\n\t\t\t\t\t\t<\/div>\n\t\t\t\t<\/div>\n\t\t\t\t\t<\/div>\n\t\t\t\t<\/div>\n\t\t\t\t\t<\/div>\n\t\t\t\t<\/div>\n\t\t\t\t<\/div>","protected":false},"excerpt":{"rendered":"<p>K\u00d6SE CLEANING : engagement pour l&rsquo;inclusion sociale Chez K\u00d6SE CLEANING, nous sommes pleinement engag\u00e9s dans notre r\u00f4le social et soci\u00e9tal. Nous veillons au respect et \u00e0 la promotion de la diversit\u00e9 culturelle, ethnique et religieuse, tout en investissant activement dans le soutien aux groupes socialement vuln\u00e9rables pour leur acc\u00e8s au march\u00e9 du travail.\u00a0 R\u00e9duire les [&hellip;]<\/p>\n","protected":false},"author":1,"featured_media":0,"parent":0,"menu_order":0,"comment_status":"closed","ping_status":"closed","template":"","meta":{"footnotes":""},"class_list":["post-4038","page","type-page","status-publish","hentry"],"_links":{"self":[{"href":"https:\/\/kosecleaning.be\/nl\/wp-json\/wp\/v2\/pages\/4038","targetHints":{"allow":["GET"]}}],"collection":[{"href":"https:\/\/kosecleaning.be\/nl\/wp-json\/wp\/v2\/pages"}],"about":[{"href":"https:\/\/kosecleaning.be\/nl\/wp-json\/wp\/v2\/types\/page"}],"author":[{"embeddable":true,"href":"https:\/\/kosecleaning.be\/nl\/wp-json\/wp\/v2\/users\/1"}],"replies":[{"embeddable":true,"href":"https:\/\/kosecleaning.be\/nl\/wp-json\/wp\/v2\/comments?post=4038"}],"version-history":[{"count":7,"href":"https:\/\/kosecleaning.be\/nl\/wp-json\/wp\/v2\/pages\/4038\/revisions"}],"predecessor-version":[{"id":4270,"href":"https:\/\/kosecleaning.be\/nl\/wp-json\/wp\/v2\/pages\/4038\/revisions\/4270"}],"wp:attachment":[{"href":"https:\/\/kosecleaning.be\/nl\/wp-json\/wp\/v2\/media?parent=4038"}],"curies":[{"name":"wp","href":"https:\/\/api.w.org\/{rel}","templated":true}]}}