{"id":4133,"date":"2025-01-14T23:25:10","date_gmt":"2025-01-14T22:25:10","guid":{"rendered":"https:\/\/kosecleaning.be\/?page_id=4133"},"modified":"2025-03-17T12:37:12","modified_gmt":"2025-03-17T11:37:12","slug":"nettoyage-parking","status":"publish","type":"page","link":"https:\/\/kosecleaning.be\/nl\/nettoyage-parking\/","title":{"rendered":"Parkingreiniging"},"content":{"rendered":"\t\t<div data-elementor-type=\"wp-page\" data-elementor-id=\"4133\" class=\"elementor elementor-4133\">\n\t\t\t\t<div class=\"elementor-element elementor-element-d64916a e-flex e-con-boxed e-con e-parent\" data-id=\"d64916a\" data-element_type=\"container\" data-e-type=\"container\" data-settings=\"{&quot;background_background&quot;:&quot;video&quot;,&quot;background_video_link&quot;:&quot;https:\\\/\\\/kosecleaning.be\\\/wp-content\\\/uploads\\\/2025\\\/01\\\/KoseCleaning-Sequences-17.mp4&quot;,&quot;background_play_on_mobile&quot;:&quot;yes&quot;}\">\n\t\t\t\t\t<div class=\"e-con-inner\">\n\t\t<div class=\"elementor-background-video-container\">\n\t\t\t\t\t\t\t<video class=\"elementor-background-video-hosted\" role=\"presentation\" autoplay muted playsinline loop><\/video>\n\t\t\t\t\t<\/div>\t\t\t<\/div>\n\t\t\t\t<\/div>\n\t\t<div class=\"elementor-element elementor-element-201cfee e-flex e-con-boxed e-con e-parent\" data-id=\"201cfee\" data-element_type=\"container\" data-e-type=\"container\">\n\t\t\t\t\t<div class=\"e-con-inner\">\n\t\t\t\t<div class=\"elementor-element elementor-element-d7822fc elementor-widget elementor-widget-spacer\" data-id=\"d7822fc\" data-element_type=\"widget\" data-e-type=\"widget\" data-widget_type=\"spacer.default\">\n\t\t\t\t<div class=\"elementor-widget-container\">\n\t\t\t\t\t\t\t<div class=\"elementor-spacer\">\n\t\t\t<div class=\"elementor-spacer-inner\"><\/div>\n\t\t<\/div>\n\t\t\t\t\t\t<\/div>\n\t\t\t\t<\/div>\n\t\t\t\t<div class=\"elementor-element elementor-element-fde6384 aleft elementor-widget elementor-widget-wgl-double-heading\" data-id=\"fde6384\" data-element_type=\"widget\" data-e-type=\"widget\" data-widget_type=\"wgl-double-heading.default\">\n\t\t\t\t<div class=\"elementor-widget-container\">\n\t\t\t\t\t<div class=\"wgl-double-heading\"><h3 class=\"dblh__title-wrapper\"><span class=\"dblh__title dblh__title-2\">Nettoyage parking<\/span><\/h3><div class=\"dblh__content\"><p><span data-contrast=\"auto\">Les parkings, qu\u2019ils soient souterrains ou en ext\u00e9rieur, jouent un r\u00f4le cl\u00e9 dans l\u2019exp\u00e9rience de vos visiteurs et collaborateurs. Ces espaces bien entretenus refl\u00e8tent non seu<\/span><span data-contrast=\"auto\">lement l\u2019image de vos infrastructures, mais garantissent \u00e9galement s\u00e9curit\u00e9 et confort. <\/span><span data-contrast=\"auto\">K\u00d6SE Cleaning<\/span><span data-contrast=\"auto\"> propose des services sp\u00e9cialis\u00e9s pour maintenir vos parkings dans un \u00e9tat impeccable, alliant efficacit\u00e9, respect des normes et souci du d\u00e9tail.<\/span><span data-ccp-props=\"{&quot;134233117&quot;:false,&quot;134233118&quot;:false,&quot;335559738&quot;:240,&quot;335559739&quot;:240}\">\u00a0<\/span><\/p><\/div><\/div>\t\t\t\t<\/div>\n\t\t\t\t<\/div>\n\t\t\t\t\t<\/div>\n\t\t\t\t<\/div>\n\t\t<div class=\"elementor-element elementor-element-5096618 e-flex e-con-boxed e-con e-parent\" data-id=\"5096618\" data-element_type=\"container\" data-e-type=\"container\">\n\t\t\t\t\t<div class=\"e-con-inner\">\n\t\t\t\t<div class=\"elementor-element elementor-element-e79e24c elementor-widget elementor-widget-spacer\" data-id=\"e79e24c\" data-element_type=\"widget\" data-e-type=\"widget\" data-widget_type=\"spacer.default\">\n\t\t\t\t<div class=\"elementor-widget-container\">\n\t\t\t\t\t\t\t<div class=\"elementor-spacer\">\n\t\t\t<div class=\"elementor-spacer-inner\"><\/div>\n\t\t<\/div>\n\t\t\t\t\t\t<\/div>\n\t\t\t\t<\/div>\n\t\t\t\t\t<\/div>\n\t\t\t\t<\/div>\n\t\t<div class=\"elementor-element elementor-element-fdb4f14 e-flex e-con-boxed e-con e-parent\" data-id=\"fdb4f14\" data-element_type=\"container\" data-e-type=\"container\" data-settings=\"{&quot;background_background&quot;:&quot;classic&quot;}\">\n\t\t\t\t\t<div class=\"e-con-inner\">\n\t\t\t\t<div class=\"elementor-element elementor-element-2937ae9 elementor-widget elementor-widget-spacer\" data-id=\"2937ae9\" data-element_type=\"widget\" data-e-type=\"widget\" data-widget_type=\"spacer.default\">\n\t\t\t\t<div class=\"elementor-widget-container\">\n\t\t\t\t\t\t\t<div class=\"elementor-spacer\">\n\t\t\t<div class=\"elementor-spacer-inner\"><\/div>\n\t\t<\/div>\n\t\t\t\t\t\t<\/div>\n\t\t\t\t<\/div>\n\t\t\t\t<div class=\"elementor-element elementor-element-30980e9 aleft elementor-widget elementor-widget-wgl-double-heading\" data-id=\"30980e9\" data-element_type=\"widget\" data-e-type=\"widget\" data-widget_type=\"wgl-double-heading.default\">\n\t\t\t\t<div class=\"elementor-widget-container\">\n\t\t\t\t\t<div class=\"wgl-double-heading\"><h3 class=\"dblh__title-wrapper\"><span class=\"dblh__title dblh__title-2\">Nos services<\/span><\/h3><div class=\"dblh__content\"><p><b><span data-contrast=\"auto\">K\u00d6SE Cleaning<\/span><\/b><span data-contrast=\"auto\"> offre une gamme compl\u00e8te de prestations pour le nettoyage et l\u2019entretien des parkings :<\/span><span data-ccp-props=\"{&quot;134233117&quot;:false,&quot;134233118&quot;:false,&quot;335559738&quot;:240,&quot;335559739&quot;:240}\">\u00a0<\/span><\/p><ul><li data-leveltext=\"\uf0b7\" data-font=\"Symbol\" data-listid=\"1\" data-list-defn-props=\"{&quot;335552541&quot;:1,&quot;335559685&quot;:720,&quot;335559991&quot;:360,&quot;469769226&quot;:&quot;Symbol&quot;,&quot;469769242&quot;:[8226],&quot;469777803&quot;:&quot;left&quot;,&quot;469777804&quot;:&quot;\uf0b7&quot;,&quot;469777815&quot;:&quot;hybridMultilevel&quot;}\" aria-setsize=\"-1\" data-aria-posinset=\"1\" data-aria-level=\"1\"><b><span data-contrast=\"auto\">Balayage et nettoyage m\u00e9canique<\/span><\/b><span data-contrast=\"auto\">\u00a0<\/span><span data-ccp-props=\"{&quot;134233117&quot;:false,&quot;134233118&quot;:false,&quot;335559738&quot;:0,&quot;335559739&quot;:0}\">\u00a0<\/span><\/li><\/ul><ul><li data-leveltext=\"\uf0b7\" data-font=\"Symbol\" data-listid=\"1\" data-list-defn-props=\"{&quot;335552541&quot;:1,&quot;335559685&quot;:720,&quot;335559991&quot;:360,&quot;469769226&quot;:&quot;Symbol&quot;,&quot;469769242&quot;:[8226],&quot;469777803&quot;:&quot;left&quot;,&quot;469777804&quot;:&quot;\uf0b7&quot;,&quot;469777815&quot;:&quot;hybridMultilevel&quot;}\" aria-setsize=\"-1\" data-aria-posinset=\"2\" data-aria-level=\"1\"><b><span data-contrast=\"auto\">Lavage haute pression<\/span><\/b><span data-contrast=\"auto\">\u00a0<\/span><span data-ccp-props=\"{&quot;134233117&quot;:false,&quot;134233118&quot;:false,&quot;335559738&quot;:0,&quot;335559739&quot;:0}\">\u00a0<\/span><\/li><\/ul><ul><li data-leveltext=\"\uf0b7\" data-font=\"Symbol\" data-listid=\"1\" data-list-defn-props=\"{&quot;335552541&quot;:1,&quot;335559685&quot;:720,&quot;335559991&quot;:360,&quot;469769226&quot;:&quot;Symbol&quot;,&quot;469769242&quot;:[8226],&quot;469777803&quot;:&quot;left&quot;,&quot;469777804&quot;:&quot;\uf0b7&quot;,&quot;469777815&quot;:&quot;hybridMultilevel&quot;}\" aria-setsize=\"-1\" data-aria-posinset=\"3\" data-aria-level=\"1\"><b><span data-contrast=\"auto\">Traitement des taches<\/span><\/b><span data-ccp-props=\"{&quot;134233117&quot;:false,&quot;134233118&quot;:false,&quot;335559738&quot;:0,&quot;335559739&quot;:0}\">\u00a0<\/span><\/li><\/ul><ul><li data-leveltext=\"\uf0b7\" data-font=\"Symbol\" data-listid=\"1\" data-list-defn-props=\"{&quot;335552541&quot;:1,&quot;335559685&quot;:720,&quot;335559991&quot;:360,&quot;469769226&quot;:&quot;Symbol&quot;,&quot;469769242&quot;:[8226],&quot;469777803&quot;:&quot;left&quot;,&quot;469777804&quot;:&quot;\uf0b7&quot;,&quot;469777815&quot;:&quot;hybridMultilevel&quot;}\" aria-setsize=\"-1\" data-aria-posinset=\"4\" data-aria-level=\"1\"><b><span data-contrast=\"auto\">\u00c9vacuation des d\u00e9chets<\/span><\/b><span data-contrast=\"auto\">\u00a0<\/span><span data-ccp-props=\"{&quot;134233117&quot;:false,&quot;134233118&quot;:false,&quot;335559738&quot;:0,&quot;335559739&quot;:0}\">\u00a0<\/span><\/li><\/ul><ul><li data-leveltext=\"\uf0b7\" data-font=\"Symbol\" data-listid=\"1\" data-list-defn-props=\"{&quot;335552541&quot;:1,&quot;335559685&quot;:720,&quot;335559991&quot;:360,&quot;469769226&quot;:&quot;Symbol&quot;,&quot;469769242&quot;:[8226],&quot;469777803&quot;:&quot;left&quot;,&quot;469777804&quot;:&quot;\uf0b7&quot;,&quot;469777815&quot;:&quot;hybridMultilevel&quot;}\" aria-setsize=\"-1\" data-aria-posinset=\"5\" data-aria-level=\"1\"><b><span data-contrast=\"auto\">D\u00e9poussi\u00e9rage et nettoyage des rampes d\u2019acc\u00e8s, bordures et autres zones difficiles d\u2019acc\u00e8s<\/span><\/b><span data-ccp-props=\"{&quot;134233117&quot;:false,&quot;134233118&quot;:false,&quot;335559738&quot;:0,&quot;335559739&quot;:0}\">\u00a0<\/span><\/li><\/ul><ul><li data-leveltext=\"\uf0b7\" data-font=\"Symbol\" data-listid=\"1\" data-list-defn-props=\"{&quot;335552541&quot;:1,&quot;335559685&quot;:720,&quot;335559991&quot;:360,&quot;469769226&quot;:&quot;Symbol&quot;,&quot;469769242&quot;:[8226],&quot;469777803&quot;:&quot;left&quot;,&quot;469777804&quot;:&quot;\uf0b7&quot;,&quot;469777815&quot;:&quot;hybridMultilevel&quot;}\" aria-setsize=\"-1\" data-aria-posinset=\"6\" data-aria-level=\"1\"><b><span data-contrast=\"auto\">Nettoyage et d\u00e9sinfection des espaces communs<\/span><\/b><span data-contrast=\"auto\">\u00a0<\/span><span data-ccp-props=\"{&quot;134233117&quot;:false,&quot;134233118&quot;:false,&quot;335559738&quot;:0,&quot;335559739&quot;:0}\">\u00a0<\/span><\/li><\/ul><p><span data-contrast=\"auto\">Nos solutions s\u2019adaptent \u00e0 vos besoins, qu\u2019il s\u2019agisse d\u2019un entretien ponctuel ou r\u00e9gulier, pour des parkings d\u2019entreprise, commerciaux ou r\u00e9sidentiels.<\/span><span data-ccp-props=\"{&quot;134233117&quot;:false,&quot;134233118&quot;:false,&quot;335559685&quot;:0,&quot;335559738&quot;:0,&quot;335559739&quot;:0}\">\u00a0<\/span><\/p><\/div><\/div>\t\t\t\t<\/div>\n\t\t\t\t<\/div>\n\t\t\t\t<div class=\"elementor-element elementor-element-c903e90 elementor-widget elementor-widget-wgl-gallery\" data-id=\"c903e90\" data-element_type=\"widget\" data-e-type=\"widget\" data-widget_type=\"wgl-gallery.default\">\n\t\t\t\t<div class=\"elementor-widget-container\">\n\t\t\t\t\t<div class=\"wgl-gallery\"><div data-height=\"200\" data-tablet-height=\"150\" data-mobile-height=\"100\" data-max-height=\"200\" data-tablet-max-height=\"150\" data-mobile-max-height=\"100\" data-gap=\"10\" data-tablet-gap=\"10\" data-mobile-gap=\"10\" data-last-row=\"nojustify\" class=\"wgl-gallery_items gallery-justified appear-animation fade-in\"><div class=\"wgl-gallery_item-wrapper\"><a class=\"wgl-gallery_item\" data-elementor-open-lightbox=\"yes\" data-elementor-lightbox-slideshow=\"all-c903e90\" data-elementor-lightbox-title=\"K\u00f6seCleaning - 0347\" data-e-action-hash=\"#elementor-action%3Aaction%3Dlightbox%26settings%3DeyJpZCI6NDU5NCwidXJsIjoiaHR0cHM6XC9cL2tvc2VjbGVhbmluZy5iZVwvd3AtY29udGVudFwvdXBsb2Fkc1wvMjAyNVwvMDFcL0tvc2VDbGVhbmluZy0wMzQ3LXNjYWxlZC53ZWJwIiwic2xpZGVzaG93IjoiYWxsLWM5MDNlOTAifQ%3D%3D\" href=\"https:\/\/kosecleaning.be\/wp-content\/uploads\/2025\/01\/KoseCleaning-0347-scaled.webp\"><img decoding=\"async\" class=\"wgl-gallery_image\" src=\"https:\/\/kosecleaning.be\/wp-content\/uploads\/2025\/01\/KoseCleaning-0347-scaled-2560x1707.webp\" alt=\"\" loading=\"lazy\"><\/a><\/div><div class=\"wgl-gallery_item-wrapper\"><a class=\"wgl-gallery_item\" data-elementor-open-lightbox=\"yes\" data-elementor-lightbox-slideshow=\"all-c903e90\" data-elementor-lightbox-title=\"K\u00f6seCleaning - 0345\" data-e-action-hash=\"#elementor-action%3Aaction%3Dlightbox%26settings%3DeyJpZCI6NDU5MiwidXJsIjoiaHR0cHM6XC9cL2tvc2VjbGVhbmluZy5iZVwvd3AtY29udGVudFwvdXBsb2Fkc1wvMjAyNVwvMDFcL0tvc2VDbGVhbmluZy0wMzQ1LXNjYWxlZC53ZWJwIiwic2xpZGVzaG93IjoiYWxsLWM5MDNlOTAifQ%3D%3D\" href=\"https:\/\/kosecleaning.be\/wp-content\/uploads\/2025\/01\/KoseCleaning-0345-scaled.webp\"><img decoding=\"async\" class=\"wgl-gallery_image\" src=\"https:\/\/kosecleaning.be\/wp-content\/uploads\/2025\/01\/KoseCleaning-0345-scaled-2560x1707.webp\" alt=\"\" loading=\"lazy\"><\/a><\/div><div class=\"wgl-gallery_item-wrapper\"><a class=\"wgl-gallery_item\" data-elementor-open-lightbox=\"yes\" data-elementor-lightbox-slideshow=\"all-c903e90\" data-elementor-lightbox-title=\"K\u00f6seCleaning - 0342\" data-e-action-hash=\"#elementor-action%3Aaction%3Dlightbox%26settings%3DeyJpZCI6NDU4OSwidXJsIjoiaHR0cHM6XC9cL2tvc2VjbGVhbmluZy5iZVwvd3AtY29udGVudFwvdXBsb2Fkc1wvMjAyNVwvMDFcL0tvc2VDbGVhbmluZy0wMzQyLXNjYWxlZC53ZWJwIiwic2xpZGVzaG93IjoiYWxsLWM5MDNlOTAifQ%3D%3D\" href=\"https:\/\/kosecleaning.be\/wp-content\/uploads\/2025\/01\/KoseCleaning-0342-scaled.webp\"><img decoding=\"async\" class=\"wgl-gallery_image\" src=\"https:\/\/kosecleaning.be\/wp-content\/uploads\/2025\/01\/KoseCleaning-0342-scaled-2560x1707.webp\" alt=\"\" loading=\"lazy\"><\/a><\/div><\/div><\/div>\t\t\t\t<\/div>\n\t\t\t\t<\/div>\n\t\t\t\t<div class=\"elementor-element elementor-element-f898ec9 elementor-widget elementor-widget-spacer\" data-id=\"f898ec9\" data-element_type=\"widget\" data-e-type=\"widget\" data-widget_type=\"spacer.default\">\n\t\t\t\t<div class=\"elementor-widget-container\">\n\t\t\t\t\t\t\t<div class=\"elementor-spacer\">\n\t\t\t<div class=\"elementor-spacer-inner\"><\/div>\n\t\t<\/div>\n\t\t\t\t\t\t<\/div>\n\t\t\t\t<\/div>\n\t\t\t\t\t<\/div>\n\t\t\t\t<\/div>\n\t\t<div class=\"elementor-element elementor-element-32c6e0c e-flex e-con-boxed e-con e-parent\" data-id=\"32c6e0c\" data-element_type=\"container\" data-e-type=\"container\">\n\t\t\t\t\t<div class=\"e-con-inner\">\n\t\t<div class=\"elementor-element elementor-element-1042543 e-con-full e-flex e-con e-child\" data-id=\"1042543\" data-element_type=\"container\" data-e-type=\"container\">\n\t\t<div class=\"elementor-element elementor-element-f756c72 e-con-full e-flex e-con e-child\" data-id=\"f756c72\" data-element_type=\"container\" data-e-type=\"container\">\n\t\t<div class=\"elementor-element elementor-element-05993f3 e-con-full e-flex e-con e-child\" data-id=\"05993f3\" data-element_type=\"container\" data-e-type=\"container\">\n\t\t\t\t<div class=\"elementor-element elementor-element-883ac90 aleft elementor-widget elementor-widget-wgl-double-heading\" data-id=\"883ac90\" data-element_type=\"widget\" data-e-type=\"widget\" data-widget_type=\"wgl-double-heading.default\">\n\t\t\t\t<div class=\"elementor-widget-container\">\n\t\t\t\t\t<div class=\"wgl-double-heading\"><h3 class=\"dblh__title-wrapper\"><span class=\"dblh__title dblh__title-1\">Pourquoi nous choisir ?<\/span><\/h3><\/div>\t\t\t\t<\/div>\n\t\t\t\t<\/div>\n\t\t\t\t<\/div>\n\t\t<div class=\"elementor-element elementor-element-e200e10 e-con-full e-flex e-con e-child\" data-id=\"e200e10\" data-element_type=\"container\" data-e-type=\"container\" data-settings=\"{&quot;background_background&quot;:&quot;classic&quot;}\">\n\t\t\t\t<div class=\"elementor-element elementor-element-d4716fb acenter elementor-widget-image-box wgl-image-box elementor-view-default elementor-widget elementor-widget-wgl-info-box\" data-id=\"d4716fb\" data-element_type=\"widget\" data-e-type=\"widget\" data-widget_type=\"wgl-info-box.default\">\n\t\t\t\t<div class=\"elementor-widget-container\">\n\t\t\t\t\t<div class=\"wgl-infobox_bg_wrapper\"><\/div><div class=\"wgl-infobox\"><div class=\"wgl-infobox_wrapper wgl-layout-top\"><div class=\"media-wrapper img-wrapper\"><figure class=\"wgl-image-box_img\"><span ><img fetchpriority=\"high\" decoding=\"async\" width=\"512\" height=\"512\" src=\"https:\/\/kosecleaning.be\/wp-content\/uploads\/2025\/03\/secteur-vert.png\" class=\"attachment-full size-full wp-image-5396\" alt=\"\" srcset=\"https:\/\/kosecleaning.be\/wp-content\/uploads\/2025\/03\/secteur-vert.png 512w, https:\/\/kosecleaning.be\/wp-content\/uploads\/2025\/03\/secteur-vert-300x300.png 300w, https:\/\/kosecleaning.be\/wp-content\/uploads\/2025\/03\/secteur-vert-150x150.png 150w, https:\/\/kosecleaning.be\/wp-content\/uploads\/2025\/03\/secteur-vert-12x12.png 12w, https:\/\/kosecleaning.be\/wp-content\/uploads\/2025\/03\/secteur-vert-240x240.png 240w, https:\/\/kosecleaning.be\/wp-content\/uploads\/2025\/03\/secteur-vert-96x96.png 96w\" sizes=\"(max-width: 512px) 100vw, 512px\" \/><\/span><\/figure><\/div><div class=\"content_wrapper\"><div class=\"wgl-infobox-title_wrapper\"><h3 class=\"wgl-infobox_title\"><span class=\"wgl-infobox_title-idle\">Expertise <\/br> sectorielle<\/span><\/h3><\/div><div class=\"wgl-infobox_content\"><p><span>Forts de notre exp\u00e9rience dans divers secteurs, nous connaissons les exigences particuli\u00e8res li\u00e9es \u00e0 chaque secteur et veillons \u00e0 respecter des protocoles stricts pour assurer une hygi\u00e8ne irr\u00e9prochable.<\/span><\/p><\/div><\/div><\/div><\/div>\t\t\t\t<\/div>\n\t\t\t\t<\/div>\n\t\t\t\t<\/div>\n\t\t<div class=\"elementor-element elementor-element-764ea2f e-con-full e-flex e-con e-child\" data-id=\"764ea2f\" data-element_type=\"container\" data-e-type=\"container\" data-settings=\"{&quot;background_background&quot;:&quot;classic&quot;}\">\n\t\t\t\t<div class=\"elementor-element elementor-element-b77b878 acenter elementor-widget-image-box wgl-image-box elementor-view-default elementor-widget elementor-widget-wgl-info-box\" data-id=\"b77b878\" data-element_type=\"widget\" data-e-type=\"widget\" data-widget_type=\"wgl-info-box.default\">\n\t\t\t\t<div class=\"elementor-widget-container\">\n\t\t\t\t\t<div class=\"wgl-infobox_bg_wrapper\"><\/div><div class=\"wgl-infobox\"><div class=\"wgl-infobox_wrapper wgl-layout-top\"><div class=\"media-wrapper img-wrapper\"><figure class=\"wgl-image-box_img\"><span ><img decoding=\"async\" width=\"512\" height=\"512\" src=\"https:\/\/kosecleaning.be\/wp-content\/uploads\/2025\/03\/symbole-de-recyclage-vert.png\" class=\"attachment-full size-full wp-image-5397\" alt=\"\" srcset=\"https:\/\/kosecleaning.be\/wp-content\/uploads\/2025\/03\/symbole-de-recyclage-vert.png 512w, https:\/\/kosecleaning.be\/wp-content\/uploads\/2025\/03\/symbole-de-recyclage-vert-300x300.png 300w, https:\/\/kosecleaning.be\/wp-content\/uploads\/2025\/03\/symbole-de-recyclage-vert-150x150.png 150w, https:\/\/kosecleaning.be\/wp-content\/uploads\/2025\/03\/symbole-de-recyclage-vert-12x12.png 12w, https:\/\/kosecleaning.be\/wp-content\/uploads\/2025\/03\/symbole-de-recyclage-vert-240x240.png 240w, https:\/\/kosecleaning.be\/wp-content\/uploads\/2025\/03\/symbole-de-recyclage-vert-96x96.png 96w\" sizes=\"(max-width: 512px) 100vw, 512px\" \/><\/span><\/figure><\/div><div class=\"content_wrapper\"><div class=\"wgl-infobox-title_wrapper\"><h3 class=\"wgl-infobox_title\"><span class=\"wgl-infobox_title-idle\">Engagement environnemental<\/span><\/h3><\/div><div class=\"wgl-infobox_content\"><p><span>Utilisation de produits \u00e9colabellis\u00e9s et m\u00e9thodes \u00e9coresponsables pour r\u00e9duire notre impact \u00e9cologique.<\/span><\/p><\/div><\/div><\/div><\/div>\t\t\t\t<\/div>\n\t\t\t\t<\/div>\n\t\t\t\t<\/div>\n\t\t<div class=\"elementor-element elementor-element-ba1a97d e-con-full e-flex e-con e-child\" data-id=\"ba1a97d\" data-element_type=\"container\" data-e-type=\"container\" data-settings=\"{&quot;background_background&quot;:&quot;classic&quot;}\">\n\t\t\t\t<div class=\"elementor-element elementor-element-c1d250f acenter elementor-widget-image-box wgl-image-box elementor-view-default elementor-widget elementor-widget-wgl-info-box\" data-id=\"c1d250f\" data-element_type=\"widget\" data-e-type=\"widget\" data-widget_type=\"wgl-info-box.default\">\n\t\t\t\t<div class=\"elementor-widget-container\">\n\t\t\t\t\t<div class=\"wgl-infobox_bg_wrapper\"><\/div><div class=\"wgl-infobox\"><div class=\"wgl-infobox_wrapper wgl-layout-top\"><div class=\"media-wrapper img-wrapper\"><figure class=\"wgl-image-box_img\"><span ><img decoding=\"async\" width=\"512\" height=\"512\" src=\"https:\/\/kosecleaning.be\/wp-content\/uploads\/2025\/03\/charge-rapide-vert.png\" class=\"attachment-full size-full wp-image-5394\" alt=\"\" srcset=\"https:\/\/kosecleaning.be\/wp-content\/uploads\/2025\/03\/charge-rapide-vert.png 512w, https:\/\/kosecleaning.be\/wp-content\/uploads\/2025\/03\/charge-rapide-vert-300x300.png 300w, https:\/\/kosecleaning.be\/wp-content\/uploads\/2025\/03\/charge-rapide-vert-150x150.png 150w, https:\/\/kosecleaning.be\/wp-content\/uploads\/2025\/03\/charge-rapide-vert-12x12.png 12w, https:\/\/kosecleaning.be\/wp-content\/uploads\/2025\/03\/charge-rapide-vert-240x240.png 240w, https:\/\/kosecleaning.be\/wp-content\/uploads\/2025\/03\/charge-rapide-vert-96x96.png 96w\" sizes=\"(max-width: 512px) 100vw, 512px\" \/><\/span><\/figure><\/div><div class=\"content_wrapper\"><div class=\"wgl-infobox-title_wrapper\"><h3 class=\"wgl-infobox_title\"><span class=\"wgl-infobox_title-idle\">Flexibilit\u00e9 et r\u00e9activit\u00e9<\/span><\/h3><\/div><div class=\"wgl-infobox_content\"><p><span>Des prestations adapt\u00e9es \u00e0 vos contraintes op\u00e9rationnelles, avec des interventions planifi\u00e9es ou ponctuelles selon vos besoins.<\/span><\/p><\/div><\/div><\/div><\/div>\t\t\t\t<\/div>\n\t\t\t\t<\/div>\n\t\t\t\t<\/div>\n\t\t<div class=\"elementor-element elementor-element-1d6dfa7 e-con-full e-flex e-con e-child\" data-id=\"1d6dfa7\" data-element_type=\"container\" data-e-type=\"container\" data-settings=\"{&quot;background_background&quot;:&quot;classic&quot;}\">\n\t\t\t\t<div class=\"elementor-element elementor-element-dc49605 acenter elementor-widget-image-box wgl-image-box elementor-view-default elementor-widget elementor-widget-wgl-info-box\" data-id=\"dc49605\" data-element_type=\"widget\" data-e-type=\"widget\" data-widget_type=\"wgl-info-box.default\">\n\t\t\t\t<div class=\"elementor-widget-container\">\n\t\t\t\t\t<div class=\"wgl-infobox_bg_wrapper\"><\/div><div class=\"wgl-infobox\"><div class=\"wgl-infobox_wrapper wgl-layout-top\"><div class=\"media-wrapper img-wrapper\"><figure class=\"wgl-image-box_img\"><span ><img loading=\"lazy\" decoding=\"async\" width=\"512\" height=\"512\" src=\"https:\/\/kosecleaning.be\/wp-content\/uploads\/2025\/03\/femme-de-menage-vert.png\" class=\"attachment-full size-full wp-image-5395\" alt=\"\" srcset=\"https:\/\/kosecleaning.be\/wp-content\/uploads\/2025\/03\/femme-de-menage-vert.png 512w, https:\/\/kosecleaning.be\/wp-content\/uploads\/2025\/03\/femme-de-menage-vert-300x300.png 300w, https:\/\/kosecleaning.be\/wp-content\/uploads\/2025\/03\/femme-de-menage-vert-150x150.png 150w, https:\/\/kosecleaning.be\/wp-content\/uploads\/2025\/03\/femme-de-menage-vert-12x12.png 12w, https:\/\/kosecleaning.be\/wp-content\/uploads\/2025\/03\/femme-de-menage-vert-240x240.png 240w, https:\/\/kosecleaning.be\/wp-content\/uploads\/2025\/03\/femme-de-menage-vert-96x96.png 96w\" sizes=\"(max-width: 512px) 100vw, 512px\" \/><\/span><\/figure><\/div><div class=\"content_wrapper\"><div class=\"wgl-infobox-title_wrapper\"><h3 class=\"wgl-infobox_title\"><span class=\"wgl-infobox_title-idle\">Personnel form\u00e9 et \u00e9quip\u00e9<\/span><\/h3><\/div><div class=\"wgl-infobox_content\"><p><span>Nos \u00e9quipes ma\u00eetrisent les techniques de nettoyage modernes et disposent d\u2019\u00e9quipements performants pour un travail pr\u00e9cis et efficace.<\/span><\/p><\/div><\/div><\/div><\/div>\t\t\t\t<\/div>\n\t\t\t\t<\/div>\n\t\t\t\t<\/div>\n\t\t\t\t<\/div>\n\t\t\t\t<\/div>\n\t\t\t\t\t<\/div>\n\t\t\t\t<\/div>\n\t\t\t\t<\/div>\n\t\t","protected":false},"excerpt":{"rendered":"<p>Nettoyage parking Les parkings, qu\u2019ils soient souterrains ou en ext\u00e9rieur, jouent un r\u00f4le cl\u00e9 dans l\u2019exp\u00e9rience de vos visiteurs et collaborateurs. Ces espaces bien entretenus refl\u00e8tent non seulement l\u2019image de vos infrastructures, mais garantissent \u00e9galement s\u00e9curit\u00e9 et confort. K\u00d6SE Cleaning propose des services sp\u00e9cialis\u00e9s pour maintenir vos parkings dans un \u00e9tat impeccable, alliant efficacit\u00e9, respect [&hellip;]<\/p>\n","protected":false},"author":1,"featured_media":0,"parent":0,"menu_order":0,"comment_status":"closed","ping_status":"closed","template":"","meta":{"footnotes":""},"class_list":["post-4133","page","type-page","status-publish","hentry"],"_links":{"self":[{"href":"https:\/\/kosecleaning.be\/nl\/wp-json\/wp\/v2\/pages\/4133","targetHints":{"allow":["GET"]}}],"collection":[{"href":"https:\/\/kosecleaning.be\/nl\/wp-json\/wp\/v2\/pages"}],"about":[{"href":"https:\/\/kosecleaning.be\/nl\/wp-json\/wp\/v2\/types\/page"}],"author":[{"embeddable":true,"href":"https:\/\/kosecleaning.be\/nl\/wp-json\/wp\/v2\/users\/1"}],"replies":[{"embeddable":true,"href":"https:\/\/kosecleaning.be\/nl\/wp-json\/wp\/v2\/comments?post=4133"}],"version-history":[{"count":25,"href":"https:\/\/kosecleaning.be\/nl\/wp-json\/wp\/v2\/pages\/4133\/revisions"}],"predecessor-version":[{"id":5509,"href":"https:\/\/kosecleaning.be\/nl\/wp-json\/wp\/v2\/pages\/4133\/revisions\/5509"}],"wp:attachment":[{"href":"https:\/\/kosecleaning.be\/nl\/wp-json\/wp\/v2\/media?parent=4133"}],"curies":[{"name":"wp","href":"https:\/\/api.w.org\/{rel}","templated":true}]}}