{"id":5066,"date":"2025-02-02T23:49:38","date_gmt":"2025-02-02T22:49:38","guid":{"rendered":"https:\/\/kosecleaning.be\/?page_id=5066"},"modified":"2025-02-04T14:19:45","modified_gmt":"2025-02-04T13:19:45","slug":"avertissement-legal","status":"publish","type":"page","link":"https:\/\/kosecleaning.be\/nl\/avertissement-legal\/","title":{"rendered":"Wettelijke waarschuwing"},"content":{"rendered":"<div data-elementor-type=\"wp-page\" data-elementor-id=\"5066\" class=\"elementor elementor-5066\">\n\t\t\t\t<div class=\"elementor-element elementor-element-6dc7242 e-flex e-con-boxed e-con e-parent\" data-id=\"6dc7242\" data-element_type=\"container\" data-e-type=\"container\">\n\t\t\t\t\t<div class=\"e-con-inner\">\n\t\t\t\t<div class=\"elementor-element elementor-element-5bdec58 elementor-widget elementor-widget-text-editor\" data-id=\"5bdec58\" data-element_type=\"widget\" data-e-type=\"widget\" data-widget_type=\"text-editor.default\">\n\t\t\t\t<div class=\"elementor-widget-container\">\n\t\t\t\t\t\t\t\t\t<h6>1. <strong>Eigendom<\/strong><\/h6><p>Deze website (<a rel=\"noopener\" target=\"_new\"><span>www.kose<\/span><span>schoonmaken.be<\/span><\/a>) is eigendom van het bedrijf <strong>K\u00d6SE Cleaning<\/strong>.<\/p><ul><li><strong>Bedrijfsnaam<\/strong> K\u00d6SE Cleaning<\/li><li><strong>Rechtsvorm<\/strong> Naamloze Vennootschap (NV)<\/li><li><strong>Adres<\/strong> Haachtsesteenweg 1179, 1130 Brussel, Belgi\u00eb<\/li><li><strong>Registratienummer<\/strong> BE0452435615<\/li><li><strong>Contactgegevens<\/strong> :<ul><li>E-mail : <a rel=\"noopener\"><span>info<\/span><span>@kosecleaning.be<\/span><\/a><\/li><li>Telefoon: 02 221 01 03<\/li><\/ul><\/li><li><strong>Juridisch vertegenwoordiger<\/strong> Alihsan K\u00d6SE<\/li><\/ul><h6>2. <strong>Doel van de site<\/strong><\/h6><p class=\"translation-block\">Deze website is bedoeld om de schoonmaak- en hygi\u00ebnediensten van <b>K\u00d6SE Cleaning<\/b> te presenteren. Het doel is om gebruikers te informeren over de schoonmaakdiensten en oplossingen die het bedrijf aanbiedt. Deze website vormt op geen enkele manier een gepersonaliseerde of professionele adviesdienst.<\/p><h6>3. <strong>Verantwoordelijkheid voor inhoud<\/strong><\/h6><p><span data-contrast=\"auto\" xml:lang=\"FR-BE\" lang=\"FR-BE\" class=\"TextRun SCXW186525812 BCX8\"><span class=\"NormalTextRun SCXW186525812 BCX8\">De inhoud van de website <b>www.kosecleaning.be<\/b> wordt uitsluitend ter informatie verstrekt. Er kunnen geen rechten worden ontleend aan deze informatie. \nHoewel wij ons inspannen om nauwkeurige en actuele informatie uit betrouwbare bronnen te verstrekken, kunnen wij de juistheid, volledigheid en actualiteit ervan niet garanderen. Het bedrijf wijst alle aansprakelijkheid af voor fouten, weglatingen, onnauwkeurigheden of schade die voortvloeit uit het gebruik van de op deze site beschikbare informatie.<\/span><\/span><span data-contrast=\"auto\" xml:lang=\"FR-BE\" lang=\"FR-BE\" class=\"TextRun SCXW186525812 BCX8\" style=\"color: #b69974;\"><span class=\"NormalTextRun SCXW186525812 BCX8\"><strong>www.kosecleaning.be<\/strong><\/span><\/span><span data-contrast=\"auto\" xml:lang=\"FR-BE\" lang=\"FR-BE\" class=\"TextRun SCXW186525812 BCX8\"><span class=\"NormalTextRun SCXW186525812 BCX8\">wordt uitsluitend ter informatie verstrekt. Aan deze informatie kunnen geen rechten worden ontleend.<\/span><\/span><span class=\"LineBreakBlob BlobObject DragDrop SCXW186525812 BCX8\"><span class=\"SCXW186525812 BCX8\">\u00a0<\/span><br class=\"SCXW186525812 BCX8\" \/><\/span><span data-contrast=\"auto\" xml:lang=\"FR-BE\" lang=\"FR-BE\" class=\"TextRun SCXW186525812 BCX8\"><span class=\"NormalTextRun SCXW186525812 BCX8\">Hoewel we ernaar streven om nauwkeurige en actuele informatie uit betrouwbaar geachte bronnen aan te bieden, kunnen we niet garanderen dat deze informatie in realtime nauwkeurig, volledig of actueel is.<\/span><span class=\"NormalTextRun SCXW186525812 BCX8\"> <\/span><span class=\"NormalTextRun SCXW186525812 BCX8\">Het bedrijf aanvaardt geen aansprakelijkheid voor eventuele fouten, omissies, onnauwkeurigheden of schade als gevolg van het gebruik van informatie die op deze site beschikbaar wordt gesteld.<\/span><\/span><span class=\"EOP SCXW186525812 BCX8\" data-ccp-props=\"{}\">\u00a0<\/span><\/p><h6>4. <strong>Externe links en aansprakelijkheid<\/strong><\/h6><p class=\"translation-block\">Deze site kan links bevatten naar externe websites of bronnen die toegankelijk zijn via hyperlinks. Deze links worden uitsluitend voor het gemak verstrekt. <b>K\u00d6SE Cleaning<\/b> kan niet verantwoordelijk worden gehouden voor de beschikbaarheid, de inhoud, de juistheid of het gebruik van deze externe sites, en het opnemen van deze links houdt op geen enkele manier een goedkeuring in van de inhoud of de diensten die op deze sites worden aangeboden.<\/p><h6>5. <strong>Eigendomreschten<\/strong><\/h6><p class=\"translation-block\">Alle intellectuele eigendomsrechten en andere rechten met betrekking tot de informatie op deze website (teksten, afbeeldingen, logo\u2019s, grafieken, video\u2019s en andere elementen) zijn het exclusieve eigendom van <b>K\u00d6SE Cleaning<\/b>.<\/p><p><span data-contrast=\"auto\">Elke reproductie, verspreiding, wijziging of gebruik van deze elementen zonder voorafgaande schriftelijke toestemming van <b>K\u00d6SE Cleaning<\/b> is strikt verboden. <\/span><span>\u00a0<br \/><\/span><span data-contrast=\"auto\">Elk ongeoorloofd gebruik van de inhoud van de website kan leiden tot gerechtelijke vervolging.<\/span><span data-ccp-props=\"{&quot;335557856&quot;:16777215}\">\u00a0<\/span><\/p><h6>6. <strong>Wijzigingen<\/strong><\/h6><p class=\"translation-block\">De informatie op deze website en in deze juridische disclaimer kan zonder voorafgaande kennisgeving worden gewijzigd. <b>K\u00d6SE Cleaning<\/b> behoudt zich het recht voor om op elk moment en om welke reden dan ook de inhoud van de website geheel of gedeeltelijk te wijzigen, bij te werken of te verwijderen. Wij raden u aan deze website en deze pagina regelmatig te raadplegen om op de hoogte te blijven van eventuele wijzigingen.<\/p><h6>7. <strong>Aansprakelijkheid<\/strong><\/h6><p class=\"translation-block\"><b>K\u00d6SE Cleaning<\/b> kan in geen geval aansprakelijk worden gesteld voor directe of indirecte schade, verlies van gegevens of enig ander nadeel als gevolg van het gebruik of de onmogelijkheid om de website <b>www.kosecleaning.be<\/b> te gebruiken, inclusief in geval van inhoudelijke fouten, technische storingen of onderbrekingen van de dienstverlening. Wij wijzen tevens elke aansprakelijkheid af voor schade veroorzaakt door frauduleuze handelingen van derden, zoals virusaanvallen, hacking of andere malware. \n\nDeze website en deze juridische disclaimer worden beheerst door de Belgische wetgeving. In geval van een geschil of conflict is uitsluitend de rechtbank van het arrondissement waartoe <b>K\u00d6SE CLEANING<\/b> behoort bevoegd, behoudens een specifieke bevoegdheid die bij wet is bepaald.<\/p><h6>8. <strong>Toepasselijksrecht<\/strong><\/h6><p class=\"translation-block\">Deze website en deze juridische disclaimer worden beheerst door de Belgische wetgeving. In geval van een geschil of conflict is uitsluitend de rechtbank van het arrondissement waartoe <b>K\u00d6SE CLEANING<\/b> behoort bevoegd, behoudens een specifieke bevoegdheid voorzien door de wet.<\/p><h6>9. <strong>Neem contact met ons op<\/strong><\/h6><p>Als u vragen hebt over deze juridische verklaring of aanvullende informatie wenst, kunt u contact met ons opnemen via het volgende adres :<\/p><ul><li>E-mail : <a rel=\"noopener\"><span>info<\/span><span>@kosecleaning.be<\/span><\/a><\/li><li>Telefoon: 02 221 01 03<\/li><\/ul>\t\t\t\t\t\t\t\t<\/div>\n\t\t\t\t<\/div>\n\t\t\t\t\t<\/div>\n\t\t\t\t<\/div>\n\t\t\t\t<\/div>","protected":false},"excerpt":{"rendered":"<p>1. Propri\u00e9t\u00e9 du site Le pr\u00e9sent site internet (www.kosecleaning.be) est la propri\u00e9t\u00e9 de l&rsquo;entreprise K\u00d6SE Cleaning. Nom de l&rsquo;entreprise : K\u00d6SE Cleaning Forme juridique : Soci\u00e9t\u00e9 Anonyme (SA) Adresse : Chauss\u00e9e de Haecht 1179, 1130 Bruxelles, Belgique Num\u00e9ro d&rsquo;immatriculation : BE0452435615 Coordonn\u00e9es de contact : Email : info@kosecleaning.be T\u00e9l\u00e9phone : 02 221 01 03 Repr\u00e9sentant [&hellip;]<\/p>\n","protected":false},"author":1,"featured_media":0,"parent":0,"menu_order":0,"comment_status":"closed","ping_status":"closed","template":"","meta":{"footnotes":""},"class_list":["post-5066","page","type-page","status-publish","hentry"],"_links":{"self":[{"href":"https:\/\/kosecleaning.be\/nl\/wp-json\/wp\/v2\/pages\/5066","targetHints":{"allow":["GET"]}}],"collection":[{"href":"https:\/\/kosecleaning.be\/nl\/wp-json\/wp\/v2\/pages"}],"about":[{"href":"https:\/\/kosecleaning.be\/nl\/wp-json\/wp\/v2\/types\/page"}],"author":[{"embeddable":true,"href":"https:\/\/kosecleaning.be\/nl\/wp-json\/wp\/v2\/users\/1"}],"replies":[{"embeddable":true,"href":"https:\/\/kosecleaning.be\/nl\/wp-json\/wp\/v2\/comments?post=5066"}],"version-history":[{"count":7,"href":"https:\/\/kosecleaning.be\/nl\/wp-json\/wp\/v2\/pages\/5066\/revisions"}],"predecessor-version":[{"id":5128,"href":"https:\/\/kosecleaning.be\/nl\/wp-json\/wp\/v2\/pages\/5066\/revisions\/5128"}],"wp:attachment":[{"href":"https:\/\/kosecleaning.be\/nl\/wp-json\/wp\/v2\/media?parent=5066"}],"curies":[{"name":"wp","href":"https:\/\/api.w.org\/{rel}","templated":true}]}}