{"id":878,"date":"2023-11-07T11:47:48","date_gmt":"2023-11-07T11:47:48","guid":{"rendered":"https:\/\/wgl-demo.net\/brilix\/?page_id=878"},"modified":"2025-02-26T21:49:41","modified_gmt":"2025-02-26T20:49:41","slug":"certifications","status":"publish","type":"page","link":"https:\/\/kosecleaning.be\/nl\/certifications\/","title":{"rendered":"Certificeringen"},"content":{"rendered":"<div data-elementor-type=\"wp-page\" data-elementor-id=\"878\" class=\"elementor elementor-878\">\n\t\t\t\t<div class=\"elementor-element elementor-element-750ff39 e-flex e-con-boxed e-con e-parent\" data-id=\"750ff39\" data-element_type=\"container\" data-e-type=\"container\">\n\t\t\t\t\t<div class=\"e-con-inner\">\n\t\t<div class=\"elementor-element elementor-element-bdfe054 e-flex e-con-boxed e-con e-child\" data-id=\"bdfe054\" data-element_type=\"container\" data-e-type=\"container\">\n\t\t\t\t\t<div class=\"e-con-inner\">\n\t\t<div class=\"elementor-element elementor-element-388226b e-con-full e-flex e-con e-child\" data-id=\"388226b\" data-element_type=\"container\" data-e-type=\"container\">\n\t\t\t\t<div class=\"elementor-element elementor-element-e5d7c83 aleft elementor-widget elementor-widget-wgl-double-heading\" data-id=\"e5d7c83\" data-element_type=\"widget\" data-e-type=\"widget\" data-widget_type=\"wgl-double-heading.default\">\n\t\t\t\t<div class=\"elementor-widget-container\">\n\t\t\t\t\t<div class=\"wgl-double-heading\"><h5 class=\"dblh__subtitle\">onze certificeringen<\/h5><h3 class=\"dblh__title-wrapper\"><span class=\"dblh__title dblh__title-1\">Een garantie voor kwaliteit en vertrouwen<\/span><\/h3><\/div>\t\t\t\t<\/div>\n\t\t\t\t<\/div>\n\t\t\t\t<\/div>\n\t\t<div class=\"elementor-element elementor-element-8e8e9fc e-con-full e-flex e-con e-child\" data-id=\"8e8e9fc\" data-element_type=\"container\" data-e-type=\"container\">\n\t\t\t\t<div class=\"elementor-element elementor-element-6cc6646 elementor-widget__width-initial elementor-widget-mobile__width-inherit elementor-widget elementor-widget-text-editor\" data-id=\"6cc6646\" data-element_type=\"widget\" data-e-type=\"widget\" data-widget_type=\"text-editor.default\">\n\t\t\t\t<div class=\"elementor-widget-container\">\n\t\t\t\t\t\t\t\t\t<p>Ontdek de labels en certificeringen die getuigen van onze toewijding aan een professionele, betrouwbare schoonmaakservice die voldoet aan de meest veeleisende normen.<\/p>\t\t\t\t\t\t\t\t<\/div>\n\t\t\t\t<\/div>\n\t\t\t\t<\/div>\n\t\t\t\t\t<\/div>\n\t\t\t\t<\/div>\n\t\t\t\t\t<\/div>\n\t\t\t\t<\/div>\n\t\t<div class=\"elementor-element elementor-element-1938bd9 e-flex e-con-boxed e-con e-parent\" data-id=\"1938bd9\" data-element_type=\"container\" data-e-type=\"container\">\n\t\t\t\t\t<div class=\"e-con-inner\">\n\t\t\t\t<div class=\"elementor-element elementor-element-f47b958 elementor-widget elementor-widget-spacer\" data-id=\"f47b958\" data-element_type=\"widget\" data-e-type=\"widget\" data-widget_type=\"spacer.default\">\n\t\t\t\t<div class=\"elementor-widget-container\">\n\t\t\t\t\t\t\t<div class=\"elementor-spacer\">\n\t\t\t<div class=\"elementor-spacer-inner\"><\/div>\n\t\t<\/div>\n\t\t\t\t\t\t<\/div>\n\t\t\t\t<\/div>\n\t\t\t\t\t<\/div>\n\t\t\t\t<\/div>\n\t\t<div class=\"elementor-element elementor-element-6f26324 e-flex e-con-boxed e-con e-parent\" data-id=\"6f26324\" data-element_type=\"container\" data-e-type=\"container\">\n\t\t\t\t\t<div class=\"e-con-inner\">\n\t\t<div class=\"elementor-element elementor-element-074b6a9 e-con-full e-flex e-con e-child\" data-id=\"074b6a9\" data-element_type=\"container\" data-e-type=\"container\">\n\t\t\t\t<div class=\"elementor-element elementor-element-80576a4 elementor-widget-image-box wgl-image-box elementor-widget elementor-widget-wgl-flipbox\" data-id=\"80576a4\" data-element_type=\"widget\" data-e-type=\"widget\" data-widget_type=\"wgl-flipbox.default\">\n\t\t\t\t<div class=\"elementor-widget-container\">\n\t\t\t\t\t<div class=\"wgl-flipbox type_flip_right\"><div class=\"wgl-flipbox_wrap\"><div class=\"wgl-flipbox_front\"><h3 class=\"wgl-flipbox_title\"><span>VCA**<\/span><\/h3><\/div><div class=\"wgl-flipbox_back\"><div class=\"wgl-flipbox_content\"><p>K\u00d6SE Cleaning is trots op het VCA** certificaat, een symbool van onze inzet voor veiligheid, gezondheid en milieu in al onze diensten.<\/p><\/div><\/div><\/div><\/div>\t\t\t\t<\/div>\n\t\t\t\t<\/div>\n\t\t\t\t<\/div>\n\t\t<div class=\"elementor-element elementor-element-512dee7 e-con-full e-flex e-con e-child\" data-id=\"512dee7\" data-element_type=\"container\" data-e-type=\"container\">\n\t\t\t\t<div class=\"elementor-element elementor-element-1480959 elementor-widget-image-box wgl-image-box elementor-widget elementor-widget-wgl-flipbox\" data-id=\"1480959\" data-element_type=\"widget\" data-e-type=\"widget\" data-widget_type=\"wgl-flipbox.default\">\n\t\t\t\t<div class=\"elementor-widget-container\">\n\t\t\t\t\t<div class=\"wgl-flipbox type_flip_right\"><div class=\"wgl-flipbox_wrap\"><div class=\"wgl-flipbox_front\"><h3 class=\"wgl-flipbox_title\"><span>ISO 9001<\/span><\/h3><\/div><div class=\"wgl-flipbox_back\"><div class=\"wgl-flipbox_content\"><p>K\u00d6SE Cleaning is ISO 9001 gecertificeerd, wat de kwaliteit en effici\u00ebntie van onze processen garandeert om onze klanten volledig tevreden te stellen.<\/p><\/div><\/div><\/div><\/div>\t\t\t\t<\/div>\n\t\t\t\t<\/div>\n\t\t\t\t<\/div>\n\t\t\t\t\t<\/div>\n\t\t\t\t<\/div>\n\t\t<div class=\"elementor-element elementor-element-319ae1b e-flex e-con-boxed e-con e-parent\" data-id=\"319ae1b\" data-element_type=\"container\" data-e-type=\"container\">\n\t\t\t\t\t<div class=\"e-con-inner\">\n\t\t\t\t<div class=\"elementor-element elementor-element-0762361 elementor-widget elementor-widget-spacer\" data-id=\"0762361\" data-element_type=\"widget\" data-e-type=\"widget\" data-widget_type=\"spacer.default\">\n\t\t\t\t<div class=\"elementor-widget-container\">\n\t\t\t\t\t\t\t<div class=\"elementor-spacer\">\n\t\t\t<div class=\"elementor-spacer-inner\"><\/div>\n\t\t<\/div>\n\t\t\t\t\t\t<\/div>\n\t\t\t\t<\/div>\n\t\t\t\t\t<\/div>\n\t\t\t\t<\/div>\n\t\t<div class=\"elementor-element elementor-element-75ec8b5 e-flex e-con-boxed e-con e-parent\" data-id=\"75ec8b5\" data-element_type=\"container\" data-e-type=\"container\">\n\t\t\t\t\t<div class=\"e-con-inner\">\n\t\t<div class=\"elementor-element elementor-element-becb037 e-con-full e-flex e-con e-child\" data-id=\"becb037\" data-element_type=\"container\" data-e-type=\"container\">\n\t\t\t\t<div class=\"elementor-element elementor-element-ef237e4 elementor-widget-image-box wgl-image-box elementor-widget elementor-widget-wgl-flipbox\" data-id=\"ef237e4\" data-element_type=\"widget\" data-e-type=\"widget\" data-widget_type=\"wgl-flipbox.default\">\n\t\t\t\t<div class=\"elementor-widget-container\">\n\t\t\t\t\t<div class=\"wgl-flipbox type_flip_right\"><div class=\"wgl-flipbox_wrap\"><div class=\"wgl-flipbox_front\"><h3 class=\"wgl-flipbox_title\"><span>ISO 14001<\/span><\/h3><\/div><div class=\"wgl-flipbox_back\"><div class=\"wgl-flipbox_content\"><p>K\u00d6SE Cleaning is ISO 14001 gecertificeerd, een bewijs van onze proactieve aanpak om de impact van onze activiteiten op het milieu te minimaliseren en duurzaamheid te bevorderen.<\/p><\/div><\/div><\/div><\/div>\t\t\t\t<\/div>\n\t\t\t\t<\/div>\n\t\t\t\t<\/div>\n\t\t<div class=\"elementor-element elementor-element-70ffea4 e-con-full e-flex e-con e-child\" data-id=\"70ffea4\" data-element_type=\"container\" data-e-type=\"container\">\n\t\t\t\t<div class=\"elementor-element elementor-element-fee234c elementor-widget-image-box wgl-image-box elementor-widget elementor-widget-wgl-flipbox\" data-id=\"fee234c\" data-element_type=\"widget\" data-e-type=\"widget\" data-widget_type=\"wgl-flipbox.default\">\n\t\t\t\t<div class=\"elementor-widget-container\">\n\t\t\t\t\t<div class=\"wgl-flipbox type_flip_right\"><div class=\"wgl-flipbox_wrap\"><div class=\"wgl-flipbox_front\"><h3 class=\"wgl-flipbox_title\"><span>ISO 27001<\/span><\/h3><\/div><div class=\"wgl-flipbox_back\"><div class=\"wgl-flipbox_content\"><p>K\u00d6SE Cleaning is ISO 27001 gecertificeerd en garandeert de bescherming en het strenge beheer van gevoelige gegevens om de vertrouwelijkheid en veiligheid van de informatie van onze klanten te garanderen.<\/p><\/div><\/div><\/div><\/div>\t\t\t\t<\/div>\n\t\t\t\t<\/div>\n\t\t\t\t<\/div>\n\t\t\t\t\t<\/div>\n\t\t\t\t<\/div>\n\t\t<div class=\"elementor-element elementor-element-5758938 e-flex e-con-boxed e-con e-parent\" data-id=\"5758938\" data-element_type=\"container\" data-e-type=\"container\">\n\t\t\t\t\t<div class=\"e-con-inner\">\n\t\t\t\t<div class=\"elementor-element elementor-element-dd78035 elementor-widget elementor-widget-spacer\" data-id=\"dd78035\" data-element_type=\"widget\" data-e-type=\"widget\" data-widget_type=\"spacer.default\">\n\t\t\t\t<div class=\"elementor-widget-container\">\n\t\t\t\t\t\t\t<div class=\"elementor-spacer\">\n\t\t\t<div class=\"elementor-spacer-inner\"><\/div>\n\t\t<\/div>\n\t\t\t\t\t\t<\/div>\n\t\t\t\t<\/div>\n\t\t\t\t\t<\/div>\n\t\t\t\t<\/div>\n\t\t<div class=\"elementor-element elementor-element-fe10b74 e-flex e-con-boxed e-con e-parent\" data-id=\"fe10b74\" data-element_type=\"container\" data-e-type=\"container\">\n\t\t\t\t\t<div class=\"e-con-inner\">\n\t\t<div class=\"elementor-element elementor-element-9369833 e-con-full e-flex e-con e-child\" data-id=\"9369833\" data-element_type=\"container\" data-e-type=\"container\">\n\t\t\t\t<div class=\"elementor-element elementor-element-30854eb elementor-widget-image-box wgl-image-box elementor-widget elementor-widget-wgl-flipbox\" data-id=\"30854eb\" data-element_type=\"widget\" data-e-type=\"widget\" data-widget_type=\"wgl-flipbox.default\">\n\t\t\t\t<div class=\"elementor-widget-container\">\n\t\t\t\t\t<div class=\"wgl-flipbox type_flip_right\"><div class=\"wgl-flipbox_wrap\"><div class=\"wgl-flipbox_front\"><h3 class=\"wgl-flipbox_title\"><span>ISO 26000<\/span><\/h3><\/div><div class=\"wgl-flipbox_back\"><div class=\"wgl-flipbox_content\"><p>K\u00d6SE Cleaning is er trots op de principes van de ISO 26000 norm te volgen en bevestigt daarmee haar inzet voor sociale verantwoordelijkheid en duurzame ontwikkeling.<\/p><\/div><\/div><\/div><\/div>\t\t\t\t<\/div>\n\t\t\t\t<\/div>\n\t\t\t\t<\/div>\n\t\t<div class=\"elementor-element elementor-element-d99794f e-con-full e-flex e-con e-child\" data-id=\"d99794f\" data-element_type=\"container\" data-e-type=\"container\">\n\t\t\t\t<div class=\"elementor-element elementor-element-b4f324b elementor-widget-image-box wgl-image-box elementor-widget elementor-widget-wgl-flipbox\" data-id=\"b4f324b\" data-element_type=\"widget\" data-e-type=\"widget\" data-widget_type=\"wgl-flipbox.default\">\n\t\t\t\t<div class=\"elementor-widget-container\">\n\t\t\t\t\t<div class=\"wgl-flipbox type_flip_right\"><div class=\"wgl-flipbox_wrap\"><div class=\"wgl-flipbox_front\"><h3 class=\"wgl-flipbox_title\"><span>ISO 45001<\/span><\/h3><\/div><div class=\"wgl-flipbox_back\"><div class=\"wgl-flipbox_content\"><p>K\u00d6SE Cleaning is ISO 45001 gecertificeerd, wat een voorbeeldig beheer van gezondheid en veiligheid op het werk garandeert voor haar werknemers.<\/p><\/div><\/div><\/div><\/div>\t\t\t\t<\/div>\n\t\t\t\t<\/div>\n\t\t\t\t<\/div>\n\t\t\t\t\t<\/div>\n\t\t\t\t<\/div>\n\t\t<div class=\"elementor-element elementor-element-3ff4d9c e-flex e-con-boxed e-con e-parent\" data-id=\"3ff4d9c\" data-element_type=\"container\" data-e-type=\"container\">\n\t\t\t\t\t<div class=\"e-con-inner\">\n\t\t\t\t<div class=\"elementor-element elementor-element-2fdfbb8 elementor-widget elementor-widget-spacer\" data-id=\"2fdfbb8\" data-element_type=\"widget\" data-e-type=\"widget\" data-widget_type=\"spacer.default\">\n\t\t\t\t<div class=\"elementor-widget-container\">\n\t\t\t\t\t\t\t<div class=\"elementor-spacer\">\n\t\t\t<div class=\"elementor-spacer-inner\"><\/div>\n\t\t<\/div>\n\t\t\t\t\t\t<\/div>\n\t\t\t\t<\/div>\n\t\t\t\t\t<\/div>\n\t\t\t\t<\/div>\n\t\t<div class=\"elementor-element elementor-element-a0b4f62 e-flex e-con-boxed e-con e-parent\" data-id=\"a0b4f62\" data-element_type=\"container\" data-e-type=\"container\">\n\t\t\t\t\t<div class=\"e-con-inner\">\n\t\t\t\t<div class=\"elementor-element elementor-element-0416c83 elementor-widget-image-box wgl-image-box elementor-widget elementor-widget-wgl-flipbox\" data-id=\"0416c83\" data-element_type=\"widget\" data-e-type=\"widget\" data-widget_type=\"wgl-flipbox.default\">\n\t\t\t\t<div class=\"elementor-widget-container\">\n\t\t\t\t\t<div class=\"wgl-flipbox type_flip_right\"><div class=\"wgl-flipbox_wrap\"><div class=\"wgl-flipbox_front\"><div class=\"wgl-flipbox_media-wrap\"><div class=\"media-wrapper img-wrapper\"><figure class=\"wgl-image-box_img\"><span ><img decoding=\"async\" src=\"https:\/\/kosecleaning.be\/wp-content\/uploads\/2024\/12\/logo_absu.png\" title=\"logo\" alt=\"logo_absu\" loading=\"lazy\" \/><\/span><\/figure><\/div><\/div><h3 class=\"wgl-flipbox_title\"><span>Belgische algemene onderhoudsvereniging (UGBN)<\/span><\/h3><\/div><div class=\"wgl-flipbox_back\"><div class=\"wgl-flipbox_content\"><p>K\u00d6SE Cleaning is er trots op lid te zijn van de Union G\u00e9n\u00e9rale Belge du Nettoyage (UGBN), een garantie voor professionaliteit en respect voor kwaliteitsnormen in de schoonmaaksector.<\/p><\/div><\/div><\/div><\/div>\t\t\t\t<\/div>\n\t\t\t\t<\/div>\n\t\t\t\t\t<\/div>\n\t\t\t\t<\/div>\n\t\t<div class=\"elementor-element elementor-element-b4c0bd1 e-flex e-con-boxed e-con e-parent\" data-id=\"b4c0bd1\" data-element_type=\"container\" data-e-type=\"container\">\n\t\t\t\t\t<div class=\"e-con-inner\">\n\t\t\t\t<div class=\"elementor-element elementor-element-c096819 elementor-widget elementor-widget-spacer\" data-id=\"c096819\" data-element_type=\"widget\" data-e-type=\"widget\" data-widget_type=\"spacer.default\">\n\t\t\t\t<div class=\"elementor-widget-container\">\n\t\t\t\t\t\t\t<div class=\"elementor-spacer\">\n\t\t\t<div class=\"elementor-spacer-inner\"><\/div>\n\t\t<\/div>\n\t\t\t\t\t\t<\/div>\n\t\t\t\t<\/div>\n\t\t\t\t\t<\/div>\n\t\t\t\t<\/div>\n\t\t<div class=\"elementor-element elementor-element-e5dd448 e-flex e-con-boxed e-con e-parent\" data-id=\"e5dd448\" data-element_type=\"container\" data-e-type=\"container\">\n\t\t\t\t\t<div class=\"e-con-inner\">\n\t\t\t\t<div class=\"elementor-element elementor-element-0b9461a elementor-widget-image-box wgl-image-box elementor-widget elementor-widget-wgl-flipbox\" data-id=\"0b9461a\" data-element_type=\"widget\" data-e-type=\"widget\" data-widget_type=\"wgl-flipbox.default\">\n\t\t\t\t<div class=\"elementor-widget-container\">\n\t\t\t\t\t<div class=\"wgl-flipbox type_flip_right\"><div class=\"wgl-flipbox_wrap\"><div class=\"wgl-flipbox_front\"><div class=\"wgl-flipbox_media-wrap\"><div class=\"media-wrapper img-wrapper\"><figure class=\"wgl-image-box_img\"><span ><img decoding=\"async\" src=\"https:\/\/kosecleaning.be\/wp-content\/uploads\/2025\/01\/trends-gazelle-e1737021411599.png\" title=\"trends gazelle\" alt=\"trends gazelle\" loading=\"lazy\" \/><\/span><\/figure><\/div><\/div><\/div><div class=\"wgl-flipbox_back\"><div class=\"wgl-flipbox_subtitle\"><span>Trends Gazelle<\/span><\/div><h3 class=\"wgl-flipbox_title\"><span>Prijswinnaar 2024<\/span><\/h3><\/div><\/div><\/div>\t\t\t\t<\/div>\n\t\t\t\t<\/div>\n\t\t\t\t\t<\/div>\n\t\t\t\t<\/div>\n\t\t\t\t<\/div>","protected":false},"excerpt":{"rendered":"<p>nos certifications Gage de qualit\u00e9 et de confiance D\u00e9couvrez les labels et certifications qui attestent de notre engagement pour un service de nettoyage professionnel, fiable et respectueux des normes les plus exigeantes. VCA** K\u00d6SE Cleaning est fi\u00e8re de d\u00e9tenir la certification VCA**, symbole de notre engagement envers la s\u00e9curit\u00e9, la sant\u00e9 et l\u2019environnement dans tous [&hellip;]<\/p>\n","protected":false},"author":1,"featured_media":0,"parent":0,"menu_order":0,"comment_status":"closed","ping_status":"closed","template":"","meta":{"footnotes":""},"class_list":["post-878","page","type-page","status-publish","hentry"],"_links":{"self":[{"href":"https:\/\/kosecleaning.be\/nl\/wp-json\/wp\/v2\/pages\/878","targetHints":{"allow":["GET"]}}],"collection":[{"href":"https:\/\/kosecleaning.be\/nl\/wp-json\/wp\/v2\/pages"}],"about":[{"href":"https:\/\/kosecleaning.be\/nl\/wp-json\/wp\/v2\/types\/page"}],"author":[{"embeddable":true,"href":"https:\/\/kosecleaning.be\/nl\/wp-json\/wp\/v2\/users\/1"}],"replies":[{"embeddable":true,"href":"https:\/\/kosecleaning.be\/nl\/wp-json\/wp\/v2\/comments?post=878"}],"version-history":[{"count":34,"href":"https:\/\/kosecleaning.be\/nl\/wp-json\/wp\/v2\/pages\/878\/revisions"}],"predecessor-version":[{"id":5323,"href":"https:\/\/kosecleaning.be\/nl\/wp-json\/wp\/v2\/pages\/878\/revisions\/5323"}],"wp:attachment":[{"href":"https:\/\/kosecleaning.be\/nl\/wp-json\/wp\/v2\/media?parent=878"}],"curies":[{"name":"wp","href":"https:\/\/api.w.org\/{rel}","templated":true}]}}